{"id":9324,"date":"2026-03-25T07:45:57","date_gmt":"2026-03-25T06:45:57","guid":{"rendered":"http:\/\/kfd-dipperz.de\/?page_id=9324"},"modified":"2026-04-02T11:49:52","modified_gmt":"2026-04-02T09:49:52","slug":"jahreshauptversammlung-2026","status":"publish","type":"page","link":"http:\/\/kfd-dipperz.de\/?page_id=9324","title":{"rendered":"Jahreshauptversammlung 2026"},"content":{"rendered":"<p>Am 25.03.26 fand die j\u00e4hrliche Jahreshauptversammlung der kfd Sankt Antonius Dipperz statt. Die Sprecherin Andrea Goldbach begr\u00fc\u00dfte alle anwesenden Frauen im liebevoll eingedeckten B\u00fcrgerhaus.<\/p>\n<p>Im Anschluss wurde an die im vergangenen Jahr verstorbenen kfd-Mitgliederinnen gedacht und es gab ein wunderbares Gebet.<br \/>\nDie Sprecherin und Kassiererin berichtete im Jahresr\u00fcckblick in Bildern \u00fcber das vergangene Jahr und das die kfd auch weiterhin positiv in die Zukunft blicken k\u00f6nne.<\/p>\n<p>Sie informierte die Versammlung \u00fcber neue Termine in 2026 und welche Aktionen noch geplant sind und bedankte sich bei all ihren Team-Mitarbeiterinnen und bei allen Helferinnen der kfd die uns tatkr\u00e4ftig \u00fcber das Jahr unterst\u00fctzt haben.<\/p>\n<p>Wir konnten wieder viel Gutes tun mit unseren Spenden.<br \/>\nDanach begr\u00fc\u00dfte unsere Sprecherin ein neues Mitglied im Kreise der kfd Dipperz.<\/p>\n<p>Sie bedankte sich bei Antje Eickelmann f\u00fcr die Bereitschaft in der kfd mitzuwirken.<\/p>\n<p>\u00dcber ihre 25j\u00e4hrige Mitgliedschaft konnten sich unsere ehemalige langj\u00e4hrige Sprecherin Barbara Walter freuen. Andrea Goldbach ehrte Barbara und dankte Ihr f\u00fcr die lange Zeit in der kfd mit einer Dankesurkunde und einem kleinen Blumenpr\u00e4sent.<\/p>\n<p>Zum Ende der Versammlung verbrachten unsere Frauen gem\u00fctlich bei einem leckeren Abendessen und guten Gespr\u00e4chen noch ein paar sch\u00f6ne Stunden zusammen.<\/p>\n<p style=\"text-align: center;\">ngg_shortcode_0_placeholder<\/p>\n","protected":false},"excerpt":{"rendered":"<p>Am 25.03.26 fand die j\u00e4hrliche Jahreshauptversammlung der kfd Sankt Antonius Dipperz statt. Die Sprecherin Andrea Goldbach begr\u00fc\u00dfte alle anwesenden Frauen im liebevoll eingedeckten B\u00fcrgerhaus. Im Anschluss wurde an die im vergangenen Jahr verstorbenen kfd-Mitgliederinnen gedacht und es gab ein wunderbares Gebet. Die Sprecherin und Kassiererin berichtete im Jahresr\u00fcckblick in Bildern \u00fcber das vergangene Jahr und &hellip; <a href=\"http:\/\/kfd-dipperz.de\/?page_id=9324\" class=\"more-link\"><span class=\"screen-reader-text\">Jahreshauptversammlung 2026<\/span> weiterlesen<\/a><\/p>\n","protected":false},"author":2,"featured_media":0,"parent":0,"menu_order":0,"comment_status":"closed","ping_status":"closed","template":"","meta":{"ngg_post_thumbnail":0,"footnotes":""},"class_list":["post-9324","page","type-page","status-publish","hentry"],"_links":{"self":[{"href":"http:\/\/kfd-dipperz.de\/index.php?rest_route=\/wp\/v2\/pages\/9324","targetHints":{"allow":["GET"]}}],"collection":[{"href":"http:\/\/kfd-dipperz.de\/index.php?rest_route=\/wp\/v2\/pages"}],"about":[{"href":"http:\/\/kfd-dipperz.de\/index.php?rest_route=\/wp\/v2\/types\/page"}],"author":[{"embeddable":true,"href":"http:\/\/kfd-dipperz.de\/index.php?rest_route=\/wp\/v2\/users\/2"}],"replies":[{"embeddable":true,"href":"http:\/\/kfd-dipperz.de\/index.php?rest_route=%2Fwp%2Fv2%2Fcomments&post=9324"}],"version-history":[{"count":0,"href":"http:\/\/kfd-dipperz.de\/index.php?rest_route=\/wp\/v2\/pages\/9324\/revisions"}],"wp:attachment":[{"href":"http:\/\/kfd-dipperz.de\/index.php?rest_route=%2Fwp%2Fv2%2Fmedia&parent=9324"}],"curies":[{"name":"wp","href":"https:\/\/api.w.org\/{rel}","templated":true}]}}