{"id":8677,"date":"2026-02-05T08:59:27","date_gmt":"2026-02-05T07:59:27","guid":{"rendered":"http:\/\/kfd-dipperz.de\/?page_id=8677"},"modified":"2026-02-07T15:21:51","modified_gmt":"2026-02-07T14:21:51","slug":"frauenfastnacht-2026","status":"publish","type":"page","link":"http:\/\/kfd-dipperz.de\/?page_id=8677","title":{"rendered":"Frauenfastnacht 2026"},"content":{"rendered":"<p>\u201eWir gehen auf gro\u00dfe Kreuzfahrt und stechen in See!\u201c war das Motto der diesj\u00e4hrigen Frauenfastnacht der kfd St. Antonius Dipperz am Donnerstag, 05.02.26.<\/p>\n<p style=\"text-align: center;\"><a href=\"https:\/\/osthessen-news.de\/sonderseite\/naerrisch\/n11788104\/frauenfastnacht-der-kfd-begeistert-und-sorgt-fuer-narrische-stimmung.html\" target=\"_blank\" rel=\"noopener\"><strong><em>Artikel Osthessen News<\/em><\/strong><\/a><\/p>\n<p style=\"text-align: center;\"><strong><em><a href=\"http:\/\/kfd-dipperz.de\/?page_id=8679\">Hier gibt es noch weitere Bilder<\/a> \u2013 allerdings passwortgesch\u00fctzt! Das Passwort kann bei den Teams erfragt werden!<\/em><\/strong><\/p>\n<p>Nachdem alle Kreuzfahrt-G\u00e4ste passend gekleidet zum Abend am Check-in Schalter eingecheckt hatten, ert\u00f6nte das Horn und es hie\u00df &#8222;Leinen los zum Ablegen der MS kfd&#8220;!<\/p>\n<p><a href=\"http:\/\/kfd-dipperz.de\/wp-content\/uploads\/2026\/02\/kfd-Frauenfastnacht-2026-1.jpg\"><img loading=\"lazy\" decoding=\"async\" class=\"aligncenter wp-image-8699\" src=\"http:\/\/kfd-dipperz.de\/wp-content\/uploads\/2026\/02\/kfd-Frauenfastnacht-2026-1-355x300.jpg\" alt=\"\" width=\"450\" height=\"381\" srcset=\"http:\/\/kfd-dipperz.de\/wp-content\/uploads\/2026\/02\/kfd-Frauenfastnacht-2026-1-355x300.jpg 355w, http:\/\/kfd-dipperz.de\/wp-content\/uploads\/2026\/02\/kfd-Frauenfastnacht-2026-1-1024x867.jpg 1024w, http:\/\/kfd-dipperz.de\/wp-content\/uploads\/2026\/02\/kfd-Frauenfastnacht-2026-1-768x650.jpg 768w, http:\/\/kfd-dipperz.de\/wp-content\/uploads\/2026\/02\/kfd-Frauenfastnacht-2026-1-1536x1300.jpg 1536w, http:\/\/kfd-dipperz.de\/wp-content\/uploads\/2026\/02\/kfd-Frauenfastnacht-2026-1-2048x1733.jpg 2048w\" sizes=\"auto, (max-width: 450px) 100vw, 450px\" \/><\/a><\/p>\n<p>Der Abend begann mit dem Einmarsch der Aktiven im vollbesetzten B\u00fcrgerhaus, was mit viel Kreativit\u00e4t passend zum Motto maritim dekoriert war, und die Atmosph\u00e4re glich einer Traumschiff-Kreuzfahrt.<\/p>\n<p>Die Kapit\u00e4nin Annette Schulz und die Hauptbootsfrau Christine M\u00fcller f\u00fchrten mit Charme und Witz humorvoll durch das n\u00e4rrische Programm. Stimmungsgeladene Showt\u00e4nze wechselten sich mit unterhaltsamen und witzigen Sketchen ab.<\/p>\n<p><a href=\"http:\/\/kfd-dipperz.de\/wp-content\/uploads\/2026\/02\/kfd-Frauenfastnacht-2026-1-1-scaled.jpg\"><img loading=\"lazy\" decoding=\"async\" class=\"aligncenter wp-image-8880\" src=\"http:\/\/kfd-dipperz.de\/wp-content\/uploads\/2026\/02\/kfd-Frauenfastnacht-2026-1-1-452x300.jpg\" alt=\"\" width=\"450\" height=\"299\" srcset=\"http:\/\/kfd-dipperz.de\/wp-content\/uploads\/2026\/02\/kfd-Frauenfastnacht-2026-1-1-452x300.jpg 452w, http:\/\/kfd-dipperz.de\/wp-content\/uploads\/2026\/02\/kfd-Frauenfastnacht-2026-1-1-1024x680.jpg 1024w, http:\/\/kfd-dipperz.de\/wp-content\/uploads\/2026\/02\/kfd-Frauenfastnacht-2026-1-1-768x510.jpg 768w, http:\/\/kfd-dipperz.de\/wp-content\/uploads\/2026\/02\/kfd-Frauenfastnacht-2026-1-1-1536x1020.jpg 1536w, http:\/\/kfd-dipperz.de\/wp-content\/uploads\/2026\/02\/kfd-Frauenfastnacht-2026-1-1-2048x1360.jpg 2048w\" sizes=\"auto, (max-width: 450px) 100vw, 450px\" \/><\/a><\/p>\n<p>Die Frauen lauschten der am\u00fcsanten \u201eKreuzfahrt\u201c, bei der man erfuhr, was so alles auf einer Kreuzfahrt passieren kann.<\/p>\n<p><a href=\"http:\/\/kfd-dipperz.de\/wp-content\/uploads\/2026\/02\/kfd-Frauenfastnacht-2026-3-scaled.jpg\"><img loading=\"lazy\" decoding=\"async\" class=\"aligncenter wp-image-8889\" src=\"http:\/\/kfd-dipperz.de\/wp-content\/uploads\/2026\/02\/kfd-Frauenfastnacht-2026-3-452x300.jpg\" alt=\"\" width=\"450\" height=\"299\" srcset=\"http:\/\/kfd-dipperz.de\/wp-content\/uploads\/2026\/02\/kfd-Frauenfastnacht-2026-3-452x300.jpg 452w, http:\/\/kfd-dipperz.de\/wp-content\/uploads\/2026\/02\/kfd-Frauenfastnacht-2026-3-1024x680.jpg 1024w, http:\/\/kfd-dipperz.de\/wp-content\/uploads\/2026\/02\/kfd-Frauenfastnacht-2026-3-768x510.jpg 768w, http:\/\/kfd-dipperz.de\/wp-content\/uploads\/2026\/02\/kfd-Frauenfastnacht-2026-3-1536x1020.jpg 1536w, http:\/\/kfd-dipperz.de\/wp-content\/uploads\/2026\/02\/kfd-Frauenfastnacht-2026-3-2048x1360.jpg 2048w\" sizes=\"auto, (max-width: 450px) 100vw, 450px\" \/><\/a><\/p>\n<p>Im Sketch \u201eDie Schiffsk\u00fcche\u201c philosophierten unsere Schiffsk\u00f6che humorvoll mit der Restaurantleitung \u00fcber den Speiseplan f\u00fcr das Kapit\u00e4nsdinner.<\/p>\n<p><img loading=\"lazy\" decoding=\"async\" class=\"size-medium wp-image-8900 aligncenter\" src=\"http:\/\/kfd-dipperz.de\/wp-content\/uploads\/2026\/02\/kfd-Frauenfastnacht-2026-5-452x300.jpg\" alt=\"\" width=\"452\" height=\"300\" srcset=\"http:\/\/kfd-dipperz.de\/wp-content\/uploads\/2026\/02\/kfd-Frauenfastnacht-2026-5-452x300.jpg 452w, http:\/\/kfd-dipperz.de\/wp-content\/uploads\/2026\/02\/kfd-Frauenfastnacht-2026-5-1024x680.jpg 1024w, http:\/\/kfd-dipperz.de\/wp-content\/uploads\/2026\/02\/kfd-Frauenfastnacht-2026-5-768x510.jpg 768w, http:\/\/kfd-dipperz.de\/wp-content\/uploads\/2026\/02\/kfd-Frauenfastnacht-2026-5-1536x1020.jpg 1536w, http:\/\/kfd-dipperz.de\/wp-content\/uploads\/2026\/02\/kfd-Frauenfastnacht-2026-5-2048x1360.jpg 2048w\" sizes=\"auto, (max-width: 452px) 100vw, 452px\" \/><\/p>\n<p>Eine Spirituosenspezialistin hatte den Hopfen f\u00fcr sich entdeckt und war als Miss Hochstift mit an Bord.<\/p>\n<p><img loading=\"lazy\" decoding=\"async\" class=\"size-medium wp-image-8909 aligncenter\" src=\"http:\/\/kfd-dipperz.de\/wp-content\/uploads\/2026\/02\/kfd-Frauenfastnacht-2026-7-452x300.jpg\" alt=\"\" width=\"452\" height=\"300\" srcset=\"http:\/\/kfd-dipperz.de\/wp-content\/uploads\/2026\/02\/kfd-Frauenfastnacht-2026-7-452x300.jpg 452w, http:\/\/kfd-dipperz.de\/wp-content\/uploads\/2026\/02\/kfd-Frauenfastnacht-2026-7-1024x680.jpg 1024w, http:\/\/kfd-dipperz.de\/wp-content\/uploads\/2026\/02\/kfd-Frauenfastnacht-2026-7-768x510.jpg 768w, http:\/\/kfd-dipperz.de\/wp-content\/uploads\/2026\/02\/kfd-Frauenfastnacht-2026-7-1536x1020.jpg 1536w, http:\/\/kfd-dipperz.de\/wp-content\/uploads\/2026\/02\/kfd-Frauenfastnacht-2026-7-2048x1360.jpg 2048w\" sizes=\"auto, (max-width: 452px) 100vw, 452px\" \/><\/p>\n<p>Wie ein Kosmetikstudiobesuch ausging, konnten die G\u00e4ste im witzigen Sketch \u201eTines Beautyfarm\u201c miterleben, wo bei der Hautstraffung richtig Hand angelegt wurde.<\/p>\n<p><img loading=\"lazy\" decoding=\"async\" class=\"size-medium wp-image-8919 aligncenter\" src=\"http:\/\/kfd-dipperz.de\/wp-content\/uploads\/2026\/02\/kfd-Frauenfastnacht-2026-9-452x300.jpg\" alt=\"\" width=\"452\" height=\"300\" srcset=\"http:\/\/kfd-dipperz.de\/wp-content\/uploads\/2026\/02\/kfd-Frauenfastnacht-2026-9-452x300.jpg 452w, http:\/\/kfd-dipperz.de\/wp-content\/uploads\/2026\/02\/kfd-Frauenfastnacht-2026-9-1024x680.jpg 1024w, http:\/\/kfd-dipperz.de\/wp-content\/uploads\/2026\/02\/kfd-Frauenfastnacht-2026-9-768x510.jpg 768w, http:\/\/kfd-dipperz.de\/wp-content\/uploads\/2026\/02\/kfd-Frauenfastnacht-2026-9-1536x1020.jpg 1536w, http:\/\/kfd-dipperz.de\/wp-content\/uploads\/2026\/02\/kfd-Frauenfastnacht-2026-9-2048x1360.jpg 2048w\" sizes=\"auto, (max-width: 452px) 100vw, 452px\" \/><\/p>\n<p>Gro\u00dfen Beifall erhielten die Sketche \u201eDie Quizshow&#8220;, der Sketch &#8222;Instagram f\u00fcr Anf\u00e4nger\u201c und \u201eDie Apotheke&#8220;, bei der nicht nur Pfarrer Kownacki hierbei auch eine Rolle \u00fcbernommen hatte.<\/p>\n<p><img loading=\"lazy\" decoding=\"async\" class=\"size-medium wp-image-8949 aligncenter\" src=\"http:\/\/kfd-dipperz.de\/wp-content\/uploads\/2026\/02\/kfd-Frauenfastnacht-2026-13-452x300.jpg\" alt=\"\" width=\"452\" height=\"300\" srcset=\"http:\/\/kfd-dipperz.de\/wp-content\/uploads\/2026\/02\/kfd-Frauenfastnacht-2026-13-452x300.jpg 452w, http:\/\/kfd-dipperz.de\/wp-content\/uploads\/2026\/02\/kfd-Frauenfastnacht-2026-13-1024x680.jpg 1024w, http:\/\/kfd-dipperz.de\/wp-content\/uploads\/2026\/02\/kfd-Frauenfastnacht-2026-13-768x510.jpg 768w, http:\/\/kfd-dipperz.de\/wp-content\/uploads\/2026\/02\/kfd-Frauenfastnacht-2026-13-1536x1020.jpg 1536w, http:\/\/kfd-dipperz.de\/wp-content\/uploads\/2026\/02\/kfd-Frauenfastnacht-2026-13-2048x1360.jpg 2048w\" sizes=\"auto, (max-width: 452px) 100vw, 452px\" \/><\/p>\n<p><img loading=\"lazy\" decoding=\"async\" class=\"size-medium wp-image-8934 aligncenter\" src=\"http:\/\/kfd-dipperz.de\/wp-content\/uploads\/2026\/02\/kfd-Frauenfastnacht-2026-11-452x300.jpg\" alt=\"\" width=\"452\" height=\"300\" srcset=\"http:\/\/kfd-dipperz.de\/wp-content\/uploads\/2026\/02\/kfd-Frauenfastnacht-2026-11-452x300.jpg 452w, http:\/\/kfd-dipperz.de\/wp-content\/uploads\/2026\/02\/kfd-Frauenfastnacht-2026-11-1024x680.jpg 1024w, http:\/\/kfd-dipperz.de\/wp-content\/uploads\/2026\/02\/kfd-Frauenfastnacht-2026-11-768x510.jpg 768w, http:\/\/kfd-dipperz.de\/wp-content\/uploads\/2026\/02\/kfd-Frauenfastnacht-2026-11-1536x1020.jpg 1536w, http:\/\/kfd-dipperz.de\/wp-content\/uploads\/2026\/02\/kfd-Frauenfastnacht-2026-11-2048x1360.jpg 2048w\" sizes=\"auto, (max-width: 452px) 100vw, 452px\" \/><\/p>\n<p><img loading=\"lazy\" decoding=\"async\" class=\"size-medium wp-image-8963 aligncenter\" src=\"http:\/\/kfd-dipperz.de\/wp-content\/uploads\/2026\/02\/kfd-Frauenfastnacht-2026-15-452x300.jpg\" alt=\"\" width=\"452\" height=\"300\" srcset=\"http:\/\/kfd-dipperz.de\/wp-content\/uploads\/2026\/02\/kfd-Frauenfastnacht-2026-15-452x300.jpg 452w, http:\/\/kfd-dipperz.de\/wp-content\/uploads\/2026\/02\/kfd-Frauenfastnacht-2026-15-1024x680.jpg 1024w, http:\/\/kfd-dipperz.de\/wp-content\/uploads\/2026\/02\/kfd-Frauenfastnacht-2026-15-768x510.jpg 768w, http:\/\/kfd-dipperz.de\/wp-content\/uploads\/2026\/02\/kfd-Frauenfastnacht-2026-15-1536x1020.jpg 1536w, http:\/\/kfd-dipperz.de\/wp-content\/uploads\/2026\/02\/kfd-Frauenfastnacht-2026-15-2048x1360.jpg 2048w\" sizes=\"auto, (max-width: 452px) 100vw, 452px\" \/><\/p>\n<p>Weitere Highlights des Abends waren die Mariechen-T\u00e4nze der beiden Tanzmariechen Lara und Ina vom Karnevalverein Dipperz, welche auf sehr hohem Niveau mit Akrobatik dargebracht wurden.<\/p>\n<p><img loading=\"lazy\" decoding=\"async\" class=\"size-medium wp-image-8914 aligncenter\" src=\"http:\/\/kfd-dipperz.de\/wp-content\/uploads\/2026\/02\/kfd-Frauenfastnacht-2026-8-452x300.jpg\" alt=\"\" width=\"452\" height=\"300\" srcset=\"http:\/\/kfd-dipperz.de\/wp-content\/uploads\/2026\/02\/kfd-Frauenfastnacht-2026-8-452x300.jpg 452w, http:\/\/kfd-dipperz.de\/wp-content\/uploads\/2026\/02\/kfd-Frauenfastnacht-2026-8-1024x680.jpg 1024w, http:\/\/kfd-dipperz.de\/wp-content\/uploads\/2026\/02\/kfd-Frauenfastnacht-2026-8-768x510.jpg 768w, http:\/\/kfd-dipperz.de\/wp-content\/uploads\/2026\/02\/kfd-Frauenfastnacht-2026-8-1536x1020.jpg 1536w, http:\/\/kfd-dipperz.de\/wp-content\/uploads\/2026\/02\/kfd-Frauenfastnacht-2026-8-2048x1360.jpg 2048w\" sizes=\"auto, (max-width: 452px) 100vw, 452px\" \/><\/p>\n<p><img loading=\"lazy\" decoding=\"async\" class=\"size-medium wp-image-8883 aligncenter\" src=\"http:\/\/kfd-dipperz.de\/wp-content\/uploads\/2026\/02\/kfd-Frauenfastnacht-2026-2-1-452x300.jpg\" alt=\"\" width=\"452\" height=\"300\" srcset=\"http:\/\/kfd-dipperz.de\/wp-content\/uploads\/2026\/02\/kfd-Frauenfastnacht-2026-2-1-452x300.jpg 452w, http:\/\/kfd-dipperz.de\/wp-content\/uploads\/2026\/02\/kfd-Frauenfastnacht-2026-2-1-1024x680.jpg 1024w, http:\/\/kfd-dipperz.de\/wp-content\/uploads\/2026\/02\/kfd-Frauenfastnacht-2026-2-1-768x510.jpg 768w, http:\/\/kfd-dipperz.de\/wp-content\/uploads\/2026\/02\/kfd-Frauenfastnacht-2026-2-1-1536x1020.jpg 1536w, http:\/\/kfd-dipperz.de\/wp-content\/uploads\/2026\/02\/kfd-Frauenfastnacht-2026-2-1-2048x1360.jpg 2048w\" sizes=\"auto, (max-width: 452px) 100vw, 452px\" \/><\/p>\n<p>Auch die Pr\u00e4sidentengarde des KV Dipperz lie\u00df es sich nicht nehmen, trotz vieler Auftritte, die Frauenfastnacht mit ihrem perfekten Gardetanz zu bereichern.<\/p>\n<p><img loading=\"lazy\" decoding=\"async\" class=\"size-medium wp-image-8974 aligncenter\" src=\"http:\/\/kfd-dipperz.de\/wp-content\/uploads\/2026\/02\/kfd-Frauenfastnacht-2026-17-452x300.jpg\" alt=\"\" width=\"452\" height=\"300\" srcset=\"http:\/\/kfd-dipperz.de\/wp-content\/uploads\/2026\/02\/kfd-Frauenfastnacht-2026-17-452x300.jpg 452w, http:\/\/kfd-dipperz.de\/wp-content\/uploads\/2026\/02\/kfd-Frauenfastnacht-2026-17-1024x680.jpg 1024w, http:\/\/kfd-dipperz.de\/wp-content\/uploads\/2026\/02\/kfd-Frauenfastnacht-2026-17-768x510.jpg 768w, http:\/\/kfd-dipperz.de\/wp-content\/uploads\/2026\/02\/kfd-Frauenfastnacht-2026-17-1536x1020.jpg 1536w, http:\/\/kfd-dipperz.de\/wp-content\/uploads\/2026\/02\/kfd-Frauenfastnacht-2026-17-2048x1360.jpg 2048w\" sizes=\"auto, (max-width: 452px) 100vw, 452px\" \/><\/p>\n<p>Weitere umjubelte Programmpunkte des Abends waren die Showt\u00e4nze der Showtanzgruppen \u201eDoppel D Dipperz\/Dirlos\u201c, \u201eFr\u00e4ulein Brillant&#8220; aus Dipperz,<\/p>\n<p><img loading=\"lazy\" decoding=\"async\" class=\"size-medium wp-image-8895 aligncenter\" src=\"http:\/\/kfd-dipperz.de\/wp-content\/uploads\/2026\/02\/kfd-Frauenfastnacht-2026-4-452x300.jpg\" alt=\"\" width=\"452\" height=\"300\" srcset=\"http:\/\/kfd-dipperz.de\/wp-content\/uploads\/2026\/02\/kfd-Frauenfastnacht-2026-4-452x300.jpg 452w, http:\/\/kfd-dipperz.de\/wp-content\/uploads\/2026\/02\/kfd-Frauenfastnacht-2026-4-1024x680.jpg 1024w, http:\/\/kfd-dipperz.de\/wp-content\/uploads\/2026\/02\/kfd-Frauenfastnacht-2026-4-768x510.jpg 768w, http:\/\/kfd-dipperz.de\/wp-content\/uploads\/2026\/02\/kfd-Frauenfastnacht-2026-4-1536x1020.jpg 1536w, http:\/\/kfd-dipperz.de\/wp-content\/uploads\/2026\/02\/kfd-Frauenfastnacht-2026-4-2048x1360.jpg 2048w\" sizes=\"auto, (max-width: 452px) 100vw, 452px\" \/><\/p>\n<p><img loading=\"lazy\" decoding=\"async\" class=\"size-medium wp-image-8905 aligncenter\" src=\"http:\/\/kfd-dipperz.de\/wp-content\/uploads\/2026\/02\/kfd-Frauenfastnacht-2026-6-452x300.jpg\" alt=\"\" width=\"452\" height=\"300\" srcset=\"http:\/\/kfd-dipperz.de\/wp-content\/uploads\/2026\/02\/kfd-Frauenfastnacht-2026-6-452x300.jpg 452w, http:\/\/kfd-dipperz.de\/wp-content\/uploads\/2026\/02\/kfd-Frauenfastnacht-2026-6-1024x680.jpg 1024w, http:\/\/kfd-dipperz.de\/wp-content\/uploads\/2026\/02\/kfd-Frauenfastnacht-2026-6-768x510.jpg 768w, http:\/\/kfd-dipperz.de\/wp-content\/uploads\/2026\/02\/kfd-Frauenfastnacht-2026-6-1536x1020.jpg 1536w, http:\/\/kfd-dipperz.de\/wp-content\/uploads\/2026\/02\/kfd-Frauenfastnacht-2026-6-2048x1360.jpg 2048w\" sizes=\"auto, (max-width: 452px) 100vw, 452px\" \/><\/p>\n<p>der \u201eNeunzehn22er\u201c aus L\u00fctter, der \u201eMatzeratis\u201c aus Mittelkalbach,<\/p>\n<p><img loading=\"lazy\" decoding=\"async\" class=\"size-medium wp-image-8926 aligncenter\" src=\"http:\/\/kfd-dipperz.de\/wp-content\/uploads\/2026\/02\/kfd-Frauenfastnacht-2026-10-452x300.jpg\" alt=\"\" width=\"452\" height=\"300\" srcset=\"http:\/\/kfd-dipperz.de\/wp-content\/uploads\/2026\/02\/kfd-Frauenfastnacht-2026-10-452x300.jpg 452w, http:\/\/kfd-dipperz.de\/wp-content\/uploads\/2026\/02\/kfd-Frauenfastnacht-2026-10-1024x680.jpg 1024w, http:\/\/kfd-dipperz.de\/wp-content\/uploads\/2026\/02\/kfd-Frauenfastnacht-2026-10-768x510.jpg 768w, http:\/\/kfd-dipperz.de\/wp-content\/uploads\/2026\/02\/kfd-Frauenfastnacht-2026-10-1536x1020.jpg 1536w, http:\/\/kfd-dipperz.de\/wp-content\/uploads\/2026\/02\/kfd-Frauenfastnacht-2026-10-2048x1360.jpg 2048w\" sizes=\"auto, (max-width: 452px) 100vw, 452px\" \/><\/p>\n<p><img loading=\"lazy\" decoding=\"async\" class=\"size-medium wp-image-8979 aligncenter\" src=\"http:\/\/kfd-dipperz.de\/wp-content\/uploads\/2026\/02\/kfd-Frauenfastnacht-2026-18-452x300.jpg\" alt=\"\" width=\"452\" height=\"300\" srcset=\"http:\/\/kfd-dipperz.de\/wp-content\/uploads\/2026\/02\/kfd-Frauenfastnacht-2026-18-452x300.jpg 452w, http:\/\/kfd-dipperz.de\/wp-content\/uploads\/2026\/02\/kfd-Frauenfastnacht-2026-18-1024x680.jpg 1024w, http:\/\/kfd-dipperz.de\/wp-content\/uploads\/2026\/02\/kfd-Frauenfastnacht-2026-18-768x510.jpg 768w, http:\/\/kfd-dipperz.de\/wp-content\/uploads\/2026\/02\/kfd-Frauenfastnacht-2026-18-1536x1020.jpg 1536w, http:\/\/kfd-dipperz.de\/wp-content\/uploads\/2026\/02\/kfd-Frauenfastnacht-2026-18-2048x1360.jpg 2048w\" sizes=\"auto, (max-width: 452px) 100vw, 452px\" \/><\/p>\n<p>der \u201eEichezeller Schreckschruwe\u201c, der Showtanzgruppe &#8222;Hot Temptation&#8220; aus Poppenhausen,<\/p>\n<p><img loading=\"lazy\" decoding=\"async\" class=\"size-medium wp-image-8955 aligncenter\" src=\"http:\/\/kfd-dipperz.de\/wp-content\/uploads\/2026\/02\/kfd-Frauenfastnacht-2026-14-452x300.jpg\" alt=\"\" width=\"452\" height=\"300\" srcset=\"http:\/\/kfd-dipperz.de\/wp-content\/uploads\/2026\/02\/kfd-Frauenfastnacht-2026-14-452x300.jpg 452w, http:\/\/kfd-dipperz.de\/wp-content\/uploads\/2026\/02\/kfd-Frauenfastnacht-2026-14-1024x680.jpg 1024w, http:\/\/kfd-dipperz.de\/wp-content\/uploads\/2026\/02\/kfd-Frauenfastnacht-2026-14-768x510.jpg 768w, http:\/\/kfd-dipperz.de\/wp-content\/uploads\/2026\/02\/kfd-Frauenfastnacht-2026-14-1536x1020.jpg 1536w, http:\/\/kfd-dipperz.de\/wp-content\/uploads\/2026\/02\/kfd-Frauenfastnacht-2026-14-2048x1360.jpg 2048w\" sizes=\"auto, (max-width: 452px) 100vw, 452px\" \/><\/p>\n<p><img loading=\"lazy\" decoding=\"async\" class=\"size-medium wp-image-8983 aligncenter\" src=\"http:\/\/kfd-dipperz.de\/wp-content\/uploads\/2026\/02\/kfd-Frauenfastnacht-2026-19-452x300.jpg\" alt=\"\" width=\"452\" height=\"300\" srcset=\"http:\/\/kfd-dipperz.de\/wp-content\/uploads\/2026\/02\/kfd-Frauenfastnacht-2026-19-452x300.jpg 452w, http:\/\/kfd-dipperz.de\/wp-content\/uploads\/2026\/02\/kfd-Frauenfastnacht-2026-19-1024x680.jpg 1024w, http:\/\/kfd-dipperz.de\/wp-content\/uploads\/2026\/02\/kfd-Frauenfastnacht-2026-19-768x510.jpg 768w, http:\/\/kfd-dipperz.de\/wp-content\/uploads\/2026\/02\/kfd-Frauenfastnacht-2026-19-1536x1020.jpg 1536w, http:\/\/kfd-dipperz.de\/wp-content\/uploads\/2026\/02\/kfd-Frauenfastnacht-2026-19-2048x1360.jpg 2048w\" sizes=\"auto, (max-width: 452px) 100vw, 452px\" \/><\/p>\n<p>der \u201eB\u00f6ckelser Plattf\u00f6\u00df\u201c und den \u201eBewegungslegastheniker\u201c aus K\u00fcnzell, bei denen die Frauen riesigen Beifall gaben und au\u00dfer Rand und Band waren.<\/p>\n<p><img loading=\"lazy\" decoding=\"async\" class=\"size-medium wp-image-8969 aligncenter\" src=\"http:\/\/kfd-dipperz.de\/wp-content\/uploads\/2026\/02\/kfd-Frauenfastnacht-2026-16-452x300.jpg\" alt=\"\" width=\"452\" height=\"300\" srcset=\"http:\/\/kfd-dipperz.de\/wp-content\/uploads\/2026\/02\/kfd-Frauenfastnacht-2026-16-452x300.jpg 452w, http:\/\/kfd-dipperz.de\/wp-content\/uploads\/2026\/02\/kfd-Frauenfastnacht-2026-16-1024x680.jpg 1024w, http:\/\/kfd-dipperz.de\/wp-content\/uploads\/2026\/02\/kfd-Frauenfastnacht-2026-16-768x510.jpg 768w, http:\/\/kfd-dipperz.de\/wp-content\/uploads\/2026\/02\/kfd-Frauenfastnacht-2026-16-1536x1020.jpg 1536w, http:\/\/kfd-dipperz.de\/wp-content\/uploads\/2026\/02\/kfd-Frauenfastnacht-2026-16-2048x1360.jpg 2048w\" sizes=\"auto, (max-width: 452px) 100vw, 452px\" \/><\/p>\n<p><img loading=\"lazy\" decoding=\"async\" class=\"size-medium wp-image-8942 aligncenter\" src=\"http:\/\/kfd-dipperz.de\/wp-content\/uploads\/2026\/02\/kfd-Frauenfastnacht-2026-12-452x300.jpg\" alt=\"\" width=\"452\" height=\"300\" srcset=\"http:\/\/kfd-dipperz.de\/wp-content\/uploads\/2026\/02\/kfd-Frauenfastnacht-2026-12-452x300.jpg 452w, http:\/\/kfd-dipperz.de\/wp-content\/uploads\/2026\/02\/kfd-Frauenfastnacht-2026-12-1024x680.jpg 1024w, http:\/\/kfd-dipperz.de\/wp-content\/uploads\/2026\/02\/kfd-Frauenfastnacht-2026-12-768x510.jpg 768w, http:\/\/kfd-dipperz.de\/wp-content\/uploads\/2026\/02\/kfd-Frauenfastnacht-2026-12-1536x1020.jpg 1536w, http:\/\/kfd-dipperz.de\/wp-content\/uploads\/2026\/02\/kfd-Frauenfastnacht-2026-12-2048x1360.jpg 2048w\" sizes=\"auto, (max-width: 452px) 100vw, 452px\" \/><\/p>\n<p>Bevor das gro\u00dfe Finale aller Mitwirkenden gefeiert wurde, erhielten die Moderatorinnen Christine M\u00fcller und Annette Schulz, die K\u00fcchenfeen, die Regie, die Technik und die flotten, toll als Frauen verkleideten Bedienungen gro\u00dfen Beifall als Dank.<\/p>\n<p><img loading=\"lazy\" decoding=\"async\" class=\"size-medium wp-image-8990 aligncenter\" src=\"http:\/\/kfd-dipperz.de\/wp-content\/uploads\/2026\/02\/kfd-Frauenfastnacht-2026-20-452x300.jpg\" alt=\"\" width=\"452\" height=\"300\" srcset=\"http:\/\/kfd-dipperz.de\/wp-content\/uploads\/2026\/02\/kfd-Frauenfastnacht-2026-20-452x300.jpg 452w, http:\/\/kfd-dipperz.de\/wp-content\/uploads\/2026\/02\/kfd-Frauenfastnacht-2026-20-1024x680.jpg 1024w, http:\/\/kfd-dipperz.de\/wp-content\/uploads\/2026\/02\/kfd-Frauenfastnacht-2026-20-768x510.jpg 768w, http:\/\/kfd-dipperz.de\/wp-content\/uploads\/2026\/02\/kfd-Frauenfastnacht-2026-20-1536x1020.jpg 1536w, http:\/\/kfd-dipperz.de\/wp-content\/uploads\/2026\/02\/kfd-Frauenfastnacht-2026-20-2048x1360.jpg 2048w\" sizes=\"auto, (max-width: 452px) 100vw, 452px\" \/><\/p>\n<p><a href=\"http:\/\/kfd-dipperz.de\/wp-content\/uploads\/2026\/02\/kfd-Frauenfastnacht-2026-2-scaled.jpg\"><img loading=\"lazy\" decoding=\"async\" class=\"aligncenter wp-image-8700\" src=\"http:\/\/kfd-dipperz.de\/wp-content\/uploads\/2026\/02\/kfd-Frauenfastnacht-2026-2-500x288.jpg\" alt=\"\" width=\"450\" height=\"259\" srcset=\"http:\/\/kfd-dipperz.de\/wp-content\/uploads\/2026\/02\/kfd-Frauenfastnacht-2026-2-500x288.jpg 500w, http:\/\/kfd-dipperz.de\/wp-content\/uploads\/2026\/02\/kfd-Frauenfastnacht-2026-2-1024x589.jpg 1024w, http:\/\/kfd-dipperz.de\/wp-content\/uploads\/2026\/02\/kfd-Frauenfastnacht-2026-2-768x442.jpg 768w, http:\/\/kfd-dipperz.de\/wp-content\/uploads\/2026\/02\/kfd-Frauenfastnacht-2026-2-1536x883.jpg 1536w, http:\/\/kfd-dipperz.de\/wp-content\/uploads\/2026\/02\/kfd-Frauenfastnacht-2026-2-2048x1178.jpg 2048w\" sizes=\"auto, (max-width: 450px) 100vw, 450px\" \/><\/a><\/p>\n<p>Das n\u00e4rrische Publikum sparte nicht mit Applaus und Harald &#8222;Magic&#8220; Kirchner brachte die Stimmung im B\u00fcrgerhaus in Dipperz zum Beben. Zum Abschluss hielt es niemand mehr auf den St\u00fchlen. Das Programm endete mit einer Polonaise durch das B\u00fcrgerhaus und es wurde noch bis tief in die Nacht gefeiert.<\/p>\n","protected":false},"excerpt":{"rendered":"<p>\u201eWir gehen auf gro\u00dfe Kreuzfahrt und stechen in See!\u201c war das Motto der diesj\u00e4hrigen Frauenfastnacht der kfd St. Antonius Dipperz am Donnerstag, 05.02.26. Artikel Osthessen News Hier gibt es noch weitere Bilder \u2013 allerdings passwortgesch\u00fctzt! Das Passwort kann bei den Teams erfragt werden! Nachdem alle Kreuzfahrt-G\u00e4ste passend gekleidet zum Abend am Check-in Schalter eingecheckt hatten, &hellip; <a href=\"http:\/\/kfd-dipperz.de\/?page_id=8677\" class=\"more-link\"><span class=\"screen-reader-text\">Frauenfastnacht 2026<\/span> weiterlesen<\/a><\/p>\n","protected":false},"author":2,"featured_media":0,"parent":0,"menu_order":0,"comment_status":"closed","ping_status":"closed","template":"","meta":{"ngg_post_thumbnail":0,"footnotes":""},"class_list":["post-8677","page","type-page","status-publish","hentry"],"_links":{"self":[{"href":"http:\/\/kfd-dipperz.de\/index.php?rest_route=\/wp\/v2\/pages\/8677","targetHints":{"allow":["GET"]}}],"collection":[{"href":"http:\/\/kfd-dipperz.de\/index.php?rest_route=\/wp\/v2\/pages"}],"about":[{"href":"http:\/\/kfd-dipperz.de\/index.php?rest_route=\/wp\/v2\/types\/page"}],"author":[{"embeddable":true,"href":"http:\/\/kfd-dipperz.de\/index.php?rest_route=\/wp\/v2\/users\/2"}],"replies":[{"embeddable":true,"href":"http:\/\/kfd-dipperz.de\/index.php?rest_route=%2Fwp%2Fv2%2Fcomments&post=8677"}],"version-history":[{"count":0,"href":"http:\/\/kfd-dipperz.de\/index.php?rest_route=\/wp\/v2\/pages\/8677\/revisions"}],"wp:attachment":[{"href":"http:\/\/kfd-dipperz.de\/index.php?rest_route=%2Fwp%2Fv2%2Fmedia&parent=8677"}],"curies":[{"name":"wp","href":"https:\/\/api.w.org\/{rel}","templated":true}]}}