{"id":842,"date":"2023-06-16T13:01:56","date_gmt":"2023-06-16T11:01:56","guid":{"rendered":"http:\/\/kfd-dipperz.de\/?page_id=842"},"modified":"2025-05-23T17:08:22","modified_gmt":"2025-05-23T15:08:22","slug":"frauenausflug-2023","status":"publish","type":"page","link":"http:\/\/kfd-dipperz.de\/?page_id=842","title":{"rendered":"Frauenausflug 2023"},"content":{"rendered":"<p>Unser diesj\u00e4hriger Frauenausflug f\u00fchrte uns am 15. Juni 2023 in die Br\u00fcder-Grimm-Stadt Hanau, der M\u00e4rchenstadt am Main und auf die Ronneburg.&nbsp;&nbsp;&nbsp;<\/p>\n<p>Mit Gottes Segen und unserem Pfarrer Piotr Kownacki \u201ean Bord\u201c starteten die 51 Frauen in Richtung Hanau. Nach einer kurzen Begr\u00fc\u00dfung und einigen Informationen durch Andrea Goldbach und Annette Schulz erreichten wir schon bald unser erstes Ziel.<\/p>\n<p>Um 11 Uhr wurden wir von drei Stadtf\u00fchrern des Tourismusb\u00fcro Hanau am Congress Park begr\u00fc\u00dft.<\/p>\n<p>Sie f\u00fchrten uns von der Altstadt zur Neustadt. Hanau ist nicht nur durch die weltber\u00fchmten Sprachforscher und M\u00e4rchensammler Jacob und Wilhelm Grimm bekannt, sondern auch f\u00fcr seine vielen Museen, historischen Bauten und gr\u00fcnen Parkanlagen.<\/p>\n<p>So f\u00fchrte uns der Weg vom Schlossplatz mit seinen historischen Geb\u00e4uden \u2013 wie dem ehemaligen Marstall \u2013 zum Altst\u00e4dter Markt und dem Deutschen Goldschmiedehaus, zur Marien- und Johanneskirche mit dem Altstadtmodell, zur ehemaligen Judengasse bis hin zur Wallonisch-Niederl\u00e4ndischen Kirche.<\/p>\n<p>Zum Schluss fanden sich alle Gruppen wieder auf dem Marktplatz ein, wo das Nationaldenkmal der Br\u00fcder Grimm aus dem Jahre 1896 vor dem Neust\u00e4dter Rathaus steht.<\/p>\n<p>Von hier aus hatten alle mitgefahrenen Frauen Zeit zur freien Verf\u00fcgung, welche jeder nach eigenem Wunsch nutzen konnte, bevor es mit dem Bus weiter zur Ronneburg ging.<\/p>\n<p>Schon von Weitem gr\u00fc\u00dfte die Ronneburg mit ihrer imposanten Silhouette.<\/p>\n<p>Die Burg aus dem 13. Jahrhundert ist eine der wenigen im originalen Bauzustand erhaltenen H\u00f6henburgen.<\/p>\n<p>Gut gelaunt und gest\u00e4rkt kamen wir nach kurzer Fahrtzeit an der Ronneburg an, um die bekannte Flugshow der Burg-Falknerei zu besuchen.<\/p>\n<p>Bei gro\u00dfer Hitze, aber trotzdem mit gro\u00dfem Interesse staunten alle Frauen \u00fcber die gro\u00dfe Vielzahl der freifliegenden Greifvogelarten wie Adler, Bussarde und Eulen.<\/p>\n<p>Im Anschluss lie\u00dfen wir in geselliger Runde bei gutem Essen und k\u00fchlen Getr\u00e4nken im Burg Restaurant den Ausflug ausklingen.<\/p>\n<p>P\u00fcnktlich um 20 Uhr wir wohl gesonnen in Dipperz wieder angekommen.<\/p>\n<p>Es war eine gelungene Fahrt und wir vom Leitungsteam der kfd hoffen, es hat allen so gut gefallen wie uns. Wir hoffen auf ein Wiedersehen beim n\u00e4chsten Ausflug.<\/p>\nngg_shortcode_0_placeholder\n","protected":false},"excerpt":{"rendered":"<p>Unser diesj\u00e4hriger Frauenausflug f\u00fchrte uns am 15. Juni 2023 in die Br\u00fcder-Grimm-Stadt Hanau, der M\u00e4rchenstadt am Main und auf die Ronneburg.&nbsp;&nbsp;&nbsp; Mit Gottes Segen und unserem Pfarrer Piotr Kownacki \u201ean Bord\u201c starteten die 51 Frauen in Richtung Hanau. Nach einer kurzen Begr\u00fc\u00dfung und einigen Informationen durch Andrea Goldbach und Annette Schulz erreichten wir schon bald &hellip; <a href=\"http:\/\/kfd-dipperz.de\/?page_id=842\" class=\"more-link\"><span class=\"screen-reader-text\">Frauenausflug 2023<\/span> weiterlesen<\/a><\/p>\n","protected":false},"author":2,"featured_media":0,"parent":0,"menu_order":0,"comment_status":"closed","ping_status":"closed","template":"","meta":{"ngg_post_thumbnail":0,"footnotes":""},"class_list":["post-842","page","type-page","status-publish","hentry"],"_links":{"self":[{"href":"http:\/\/kfd-dipperz.de\/index.php?rest_route=\/wp\/v2\/pages\/842","targetHints":{"allow":["GET"]}}],"collection":[{"href":"http:\/\/kfd-dipperz.de\/index.php?rest_route=\/wp\/v2\/pages"}],"about":[{"href":"http:\/\/kfd-dipperz.de\/index.php?rest_route=\/wp\/v2\/types\/page"}],"author":[{"embeddable":true,"href":"http:\/\/kfd-dipperz.de\/index.php?rest_route=\/wp\/v2\/users\/2"}],"replies":[{"embeddable":true,"href":"http:\/\/kfd-dipperz.de\/index.php?rest_route=%2Fwp%2Fv2%2Fcomments&post=842"}],"version-history":[{"count":0,"href":"http:\/\/kfd-dipperz.de\/index.php?rest_route=\/wp\/v2\/pages\/842\/revisions"}],"wp:attachment":[{"href":"http:\/\/kfd-dipperz.de\/index.php?rest_route=%2Fwp%2Fv2%2Fmedia&parent=842"}],"curies":[{"name":"wp","href":"https:\/\/api.w.org\/{rel}","templated":true}]}}