{"id":8229,"date":"2025-09-09T10:09:46","date_gmt":"2025-09-09T08:09:46","guid":{"rendered":"http:\/\/kfd-dipperz.de\/?page_id=8229"},"modified":"2025-09-11T16:15:11","modified_gmt":"2025-09-11T14:15:11","slug":"schoepfungstag-2025","status":"publish","type":"page","link":"http:\/\/kfd-dipperz.de\/?page_id=8229","title":{"rendered":"Sch\u00f6pfungstag 2025"},"content":{"rendered":"<p>Unter dem diesj\u00e4hrigen Motto &#8222;Gott, du hilfst Menschen und Tieren&#8220; entnommen aus dem Psalm 36, fand am 05.09.2025 der diesj\u00e4hrige &#8222;\u00d6kumenische Sch\u00f6pfungstag&#8220; statt.<\/p>\n<p>Die Sprecherin der kfd Andrea Goldbach begr\u00fc\u00dfte zahlreiche Menschen, die sich auf den Weg zum Bauernhof der Familie Link in K\u00fclos aufgemacht hatten.<\/p>\n<p>Umgeben von muhenden K\u00fchen und einem bellenden Hund hatten die Frauen der Kirchengemeinde Dipperz-Bieberstein zusammen mit den Frauen der kfd Sankt Antonius eine wunderbare Andacht mit dazu passenden Liedern \u2013 begleitet von Renate Dernbach und Rainer Hoberger an der Klarinette &#8211; vorbereitet.<\/p>\n<p>In der Andacht ging es darum, dass Tiere Lebewesen sind und alles Leben von Gott kommt. Deshalb sollte man ihnen mit Respekt und Ehrfurcht begegnen. Es geht eine Gemeinsamkeit von Menschen und Tieren hervor, da sie gemeinsam vor ihrem Sch\u00f6pfergott stehen. Zudem wurde aufgezeigt, dass die Menschen f\u00fcr ihre Mitgesch\u00f6pfe, die Tiere, eine Verantwortung tragen.<\/p>\n<p>Andrea Goldbach bedankte sich bei allen B\u00fcrgerinnen und B\u00fcrgern f\u00fcr ihr Kommen und das gemeinsame Gebet.<\/p>\n<p>Im Anschluss fand eine Hoff\u00fchrung von Steffen Link f\u00fcr alle Interessierten statt und es gab verschiedene Milchprodukte wie Kakao und Eiskaffee zum Probieren.<br \/>\nDies sorgte f\u00fcr Freude bei allen Anwesenden und man gesellte sich noch zu einem kurzen Gespr\u00e4ch zusammen.<\/p>\n<p>Wir bedanken uns nochmal ganz herzlich bei Familie Link, dass wir den diesj\u00e4hrigen Sch\u00f6pfungstag auf Ihrem Bauernhof ausrichten durften.<\/p>\n<p style=\"text-align: center;\">ngg_shortcode_0_placeholder<\/p>\n","protected":false},"excerpt":{"rendered":"<p>Unter dem diesj\u00e4hrigen Motto &#8222;Gott, du hilfst Menschen und Tieren&#8220; entnommen aus dem Psalm 36, fand am 05.09.2025 der diesj\u00e4hrige &#8222;\u00d6kumenische Sch\u00f6pfungstag&#8220; statt. Die Sprecherin der kfd Andrea Goldbach begr\u00fc\u00dfte zahlreiche Menschen, die sich auf den Weg zum Bauernhof der Familie Link in K\u00fclos aufgemacht hatten. Umgeben von muhenden K\u00fchen und einem bellenden Hund hatten &hellip; <a href=\"http:\/\/kfd-dipperz.de\/?page_id=8229\" class=\"more-link\"><span class=\"screen-reader-text\">Sch\u00f6pfungstag 2025<\/span> weiterlesen<\/a><\/p>\n","protected":false},"author":2,"featured_media":0,"parent":0,"menu_order":0,"comment_status":"closed","ping_status":"closed","template":"","meta":{"ngg_post_thumbnail":0,"footnotes":""},"class_list":["post-8229","page","type-page","status-publish","hentry"],"_links":{"self":[{"href":"http:\/\/kfd-dipperz.de\/index.php?rest_route=\/wp\/v2\/pages\/8229","targetHints":{"allow":["GET"]}}],"collection":[{"href":"http:\/\/kfd-dipperz.de\/index.php?rest_route=\/wp\/v2\/pages"}],"about":[{"href":"http:\/\/kfd-dipperz.de\/index.php?rest_route=\/wp\/v2\/types\/page"}],"author":[{"embeddable":true,"href":"http:\/\/kfd-dipperz.de\/index.php?rest_route=\/wp\/v2\/users\/2"}],"replies":[{"embeddable":true,"href":"http:\/\/kfd-dipperz.de\/index.php?rest_route=%2Fwp%2Fv2%2Fcomments&post=8229"}],"version-history":[{"count":0,"href":"http:\/\/kfd-dipperz.de\/index.php?rest_route=\/wp\/v2\/pages\/8229\/revisions"}],"wp:attachment":[{"href":"http:\/\/kfd-dipperz.de\/index.php?rest_route=%2Fwp%2Fv2%2Fmedia&parent=8229"}],"curies":[{"name":"wp","href":"https:\/\/api.w.org\/{rel}","templated":true}]}}