{"id":8186,"date":"2025-07-21T14:40:51","date_gmt":"2025-07-21T12:40:51","guid":{"rendered":"http:\/\/kfd-dipperz.de\/?page_id=8186"},"modified":"2025-07-28T16:02:45","modified_gmt":"2025-07-28T14:02:45","slug":"sommerkaffee-2025","status":"publish","type":"page","link":"http:\/\/kfd-dipperz.de\/?page_id=8186","title":{"rendered":"Sommerkaffee 2025"},"content":{"rendered":"<p>Am 21.07.25 fand unser Sommerkaffee statt. Nicht wie geplant im Pfarrheimgarten, sondern leider aus wettertechnischen Gr\u00fcnden in unserem Pfarrheim.<\/p>\n<p>Die Sprecherin der kfd, Andrea Goldbach, begr\u00fc\u00dfte alle Frauen, die trotz des schlechten Wetters unserer Einladung gefolgt waren.<\/p>\n<p>Bei leckerem Kaffee und Kuchen sowie herzhaften K\u00f6stlichkeiten, verbrachten alle Frauen einen wundersch\u00f6nen Nachmittag zusammen.<\/p>\n<p>Ein herzliches Danke an Alle die gekommen sind.<\/p>\n<p>Wir freuen uns auf das n\u00e4chste Mal.<\/p>\n<p>Eure kfd<\/p>\nngg_shortcode_0_placeholder\n","protected":false},"excerpt":{"rendered":"<p>Am 21.07.25 fand unser Sommerkaffee statt. Nicht wie geplant im Pfarrheimgarten, sondern leider aus wettertechnischen Gr\u00fcnden in unserem Pfarrheim. Die Sprecherin der kfd, Andrea Goldbach, begr\u00fc\u00dfte alle Frauen, die trotz des schlechten Wetters unserer Einladung gefolgt waren. Bei leckerem Kaffee und Kuchen sowie herzhaften K\u00f6stlichkeiten, verbrachten alle Frauen einen wundersch\u00f6nen Nachmittag zusammen. Ein herzliches Danke &hellip; <a href=\"http:\/\/kfd-dipperz.de\/?page_id=8186\" class=\"more-link\"><span class=\"screen-reader-text\">Sommerkaffee 2025<\/span> weiterlesen<\/a><\/p>\n","protected":false},"author":2,"featured_media":0,"parent":0,"menu_order":0,"comment_status":"closed","ping_status":"closed","template":"","meta":{"ngg_post_thumbnail":0,"footnotes":""},"class_list":["post-8186","page","type-page","status-publish","hentry"],"_links":{"self":[{"href":"http:\/\/kfd-dipperz.de\/index.php?rest_route=\/wp\/v2\/pages\/8186","targetHints":{"allow":["GET"]}}],"collection":[{"href":"http:\/\/kfd-dipperz.de\/index.php?rest_route=\/wp\/v2\/pages"}],"about":[{"href":"http:\/\/kfd-dipperz.de\/index.php?rest_route=\/wp\/v2\/types\/page"}],"author":[{"embeddable":true,"href":"http:\/\/kfd-dipperz.de\/index.php?rest_route=\/wp\/v2\/users\/2"}],"replies":[{"embeddable":true,"href":"http:\/\/kfd-dipperz.de\/index.php?rest_route=%2Fwp%2Fv2%2Fcomments&post=8186"}],"version-history":[{"count":0,"href":"http:\/\/kfd-dipperz.de\/index.php?rest_route=\/wp\/v2\/pages\/8186\/revisions"}],"wp:attachment":[{"href":"http:\/\/kfd-dipperz.de\/index.php?rest_route=%2Fwp%2Fv2%2Fmedia&parent=8186"}],"curies":[{"name":"wp","href":"https:\/\/api.w.org\/{rel}","templated":true}]}}