{"id":8173,"date":"2025-07-19T17:16:01","date_gmt":"2025-07-19T15:16:01","guid":{"rendered":"http:\/\/kfd-dipperz.de\/?page_id=8173"},"modified":"2025-07-19T17:23:48","modified_gmt":"2025-07-19T15:23:48","slug":"heukranz-wickeln-2025","status":"publish","type":"page","link":"http:\/\/kfd-dipperz.de\/?page_id=8173","title":{"rendered":"Heukranz wickeln 2025"},"content":{"rendered":"<p>Am Freitag, 18.07.25 trafen sich acht Frauen zum Heukranz wickeln.<br \/>\nChristiane Dehler und Christine M\u00fcller leiteten die Frauen an und zeigten das Vorgehen und die Technik, wie man einen Heukranz bzw. ein Heuherz wickelt. Mit viel Kreativit\u00e4t wurden tolle Kr\u00e4nze und Herzen aus Heu gestaltet und liebevoll mit allerlei sch\u00f6nen Dingen, was die Natur so bietet, verziert.<\/p>\n<p><a href=\"http:\/\/kfd-dipperz.de\/wp-content\/uploads\/2025\/07\/01_IMG-20250718-WA0026.jpg\"><img loading=\"lazy\" decoding=\"async\" class=\"aligncenter wp-image-8175\" src=\"http:\/\/kfd-dipperz.de\/wp-content\/uploads\/2025\/07\/01_IMG-20250718-WA0026-225x300.jpg\" alt=\"\" width=\"400\" height=\"533\" srcset=\"http:\/\/kfd-dipperz.de\/wp-content\/uploads\/2025\/07\/01_IMG-20250718-WA0026-225x300.jpg 225w, http:\/\/kfd-dipperz.de\/wp-content\/uploads\/2025\/07\/01_IMG-20250718-WA0026-768x1024.jpg 768w, http:\/\/kfd-dipperz.de\/wp-content\/uploads\/2025\/07\/01_IMG-20250718-WA0026-1152x1536.jpg 1152w, http:\/\/kfd-dipperz.de\/wp-content\/uploads\/2025\/07\/01_IMG-20250718-WA0026.jpg 1512w\" sizes=\"auto, (max-width: 400px) 100vw, 400px\" \/><\/a><\/p>\n<p>Die Frauen verbrachten einen sch\u00f6nen, kreativen Nachmittag zusammen und konnten stolz ihre selbst gemachten Heukr\u00e4nze und Herzen mit nach Hause nehmen.<\/p>\n<p><a href=\"http:\/\/kfd-dipperz.de\/wp-content\/uploads\/2025\/07\/02_IMG-20250718-WA0024.jpg\"><img loading=\"lazy\" decoding=\"async\" class=\"aligncenter wp-image-8176\" src=\"http:\/\/kfd-dipperz.de\/wp-content\/uploads\/2025\/07\/02_IMG-20250718-WA0024-400x300.jpg\" alt=\"\" width=\"500\" height=\"375\" srcset=\"http:\/\/kfd-dipperz.de\/wp-content\/uploads\/2025\/07\/02_IMG-20250718-WA0024-400x300.jpg 400w, http:\/\/kfd-dipperz.de\/wp-content\/uploads\/2025\/07\/02_IMG-20250718-WA0024-1024x768.jpg 1024w, http:\/\/kfd-dipperz.de\/wp-content\/uploads\/2025\/07\/02_IMG-20250718-WA0024-768x576.jpg 768w, http:\/\/kfd-dipperz.de\/wp-content\/uploads\/2025\/07\/02_IMG-20250718-WA0024-1536x1152.jpg 1536w, http:\/\/kfd-dipperz.de\/wp-content\/uploads\/2025\/07\/02_IMG-20250718-WA0024.jpg 2016w\" sizes=\"auto, (max-width: 500px) 100vw, 500px\" \/><\/a><\/p>\n<p><a href=\"http:\/\/kfd-dipperz.de\/wp-content\/uploads\/2025\/07\/03_IMG-20250718-WA0032.jpg\"><img loading=\"lazy\" decoding=\"async\" class=\"aligncenter wp-image-8177\" src=\"http:\/\/kfd-dipperz.de\/wp-content\/uploads\/2025\/07\/03_IMG-20250718-WA0032-400x300.jpg\" alt=\"\" width=\"500\" height=\"375\" srcset=\"http:\/\/kfd-dipperz.de\/wp-content\/uploads\/2025\/07\/03_IMG-20250718-WA0032-400x300.jpg 400w, http:\/\/kfd-dipperz.de\/wp-content\/uploads\/2025\/07\/03_IMG-20250718-WA0032-1024x768.jpg 1024w, http:\/\/kfd-dipperz.de\/wp-content\/uploads\/2025\/07\/03_IMG-20250718-WA0032-768x576.jpg 768w, http:\/\/kfd-dipperz.de\/wp-content\/uploads\/2025\/07\/03_IMG-20250718-WA0032-1536x1152.jpg 1536w, http:\/\/kfd-dipperz.de\/wp-content\/uploads\/2025\/07\/03_IMG-20250718-WA0032.jpg 2016w\" sizes=\"auto, (max-width: 500px) 100vw, 500px\" \/><\/a><\/p>\n<p><a href=\"http:\/\/kfd-dipperz.de\/wp-content\/uploads\/2025\/07\/04_IMG-20250718-WA0028.jpg\"><img loading=\"lazy\" decoding=\"async\" class=\"aligncenter wp-image-8178\" src=\"http:\/\/kfd-dipperz.de\/wp-content\/uploads\/2025\/07\/04_IMG-20250718-WA0028-400x300.jpg\" alt=\"\" width=\"500\" height=\"375\" srcset=\"http:\/\/kfd-dipperz.de\/wp-content\/uploads\/2025\/07\/04_IMG-20250718-WA0028-400x300.jpg 400w, http:\/\/kfd-dipperz.de\/wp-content\/uploads\/2025\/07\/04_IMG-20250718-WA0028-1024x768.jpg 1024w, http:\/\/kfd-dipperz.de\/wp-content\/uploads\/2025\/07\/04_IMG-20250718-WA0028-768x576.jpg 768w, http:\/\/kfd-dipperz.de\/wp-content\/uploads\/2025\/07\/04_IMG-20250718-WA0028-1536x1152.jpg 1536w, http:\/\/kfd-dipperz.de\/wp-content\/uploads\/2025\/07\/04_IMG-20250718-WA0028.jpg 2016w\" sizes=\"auto, (max-width: 500px) 100vw, 500px\" \/><\/a><\/p>\n<p><a href=\"http:\/\/kfd-dipperz.de\/wp-content\/uploads\/2025\/07\/05_IMG-20250718-WA0031.jpg\"><img loading=\"lazy\" decoding=\"async\" class=\"aligncenter wp-image-8179\" src=\"http:\/\/kfd-dipperz.de\/wp-content\/uploads\/2025\/07\/05_IMG-20250718-WA0031-400x300.jpg\" alt=\"\" width=\"500\" height=\"375\" srcset=\"http:\/\/kfd-dipperz.de\/wp-content\/uploads\/2025\/07\/05_IMG-20250718-WA0031-400x300.jpg 400w, http:\/\/kfd-dipperz.de\/wp-content\/uploads\/2025\/07\/05_IMG-20250718-WA0031-1024x768.jpg 1024w, http:\/\/kfd-dipperz.de\/wp-content\/uploads\/2025\/07\/05_IMG-20250718-WA0031-768x576.jpg 768w, http:\/\/kfd-dipperz.de\/wp-content\/uploads\/2025\/07\/05_IMG-20250718-WA0031-1536x1152.jpg 1536w, http:\/\/kfd-dipperz.de\/wp-content\/uploads\/2025\/07\/05_IMG-20250718-WA0031.jpg 2016w\" sizes=\"auto, (max-width: 500px) 100vw, 500px\" \/><\/a><\/p>\n<p>Vielen Dank an alle Teilnehmer:innen!<\/p>\n<p><a href=\"http:\/\/kfd-dipperz.de\/wp-content\/uploads\/2025\/07\/Einladung-Strohkranz-wickeln.jpg\"><img loading=\"lazy\" decoding=\"async\" class=\"aligncenter wp-image-8166\" src=\"http:\/\/kfd-dipperz.de\/wp-content\/uploads\/2025\/07\/Einladung-Strohkranz-wickeln-222x300.jpg\" alt=\"\" width=\"400\" height=\"541\" srcset=\"http:\/\/kfd-dipperz.de\/wp-content\/uploads\/2025\/07\/Einladung-Strohkranz-wickeln-222x300.jpg 222w, http:\/\/kfd-dipperz.de\/wp-content\/uploads\/2025\/07\/Einladung-Strohkranz-wickeln.jpg 590w\" sizes=\"auto, (max-width: 400px) 100vw, 400px\" \/><\/a><\/p>\n<p>&nbsp;<\/p>\n<p>&nbsp;<\/p>\n","protected":false},"excerpt":{"rendered":"<p>Am Freitag, 18.07.25 trafen sich acht Frauen zum Heukranz wickeln. Christiane Dehler und Christine M\u00fcller leiteten die Frauen an und zeigten das Vorgehen und die Technik, wie man einen Heukranz bzw. ein Heuherz wickelt. Mit viel Kreativit\u00e4t wurden tolle Kr\u00e4nze und Herzen aus Heu gestaltet und liebevoll mit allerlei sch\u00f6nen Dingen, was die Natur so &hellip; <a href=\"http:\/\/kfd-dipperz.de\/?page_id=8173\" class=\"more-link\"><span class=\"screen-reader-text\">Heukranz wickeln 2025<\/span> weiterlesen<\/a><\/p>\n","protected":false},"author":2,"featured_media":0,"parent":0,"menu_order":0,"comment_status":"closed","ping_status":"closed","template":"","meta":{"ngg_post_thumbnail":0,"footnotes":""},"class_list":["post-8173","page","type-page","status-publish","hentry"],"_links":{"self":[{"href":"http:\/\/kfd-dipperz.de\/index.php?rest_route=\/wp\/v2\/pages\/8173","targetHints":{"allow":["GET"]}}],"collection":[{"href":"http:\/\/kfd-dipperz.de\/index.php?rest_route=\/wp\/v2\/pages"}],"about":[{"href":"http:\/\/kfd-dipperz.de\/index.php?rest_route=\/wp\/v2\/types\/page"}],"author":[{"embeddable":true,"href":"http:\/\/kfd-dipperz.de\/index.php?rest_route=\/wp\/v2\/users\/2"}],"replies":[{"embeddable":true,"href":"http:\/\/kfd-dipperz.de\/index.php?rest_route=%2Fwp%2Fv2%2Fcomments&post=8173"}],"version-history":[{"count":0,"href":"http:\/\/kfd-dipperz.de\/index.php?rest_route=\/wp\/v2\/pages\/8173\/revisions"}],"wp:attachment":[{"href":"http:\/\/kfd-dipperz.de\/index.php?rest_route=%2Fwp%2Fv2%2Fmedia&parent=8173"}],"curies":[{"name":"wp","href":"https:\/\/api.w.org\/{rel}","templated":true}]}}