{"id":8144,"date":"2025-06-18T09:53:36","date_gmt":"2025-06-18T07:53:36","guid":{"rendered":"http:\/\/kfd-dipperz.de\/?page_id=8144"},"modified":"2025-06-18T10:13:04","modified_gmt":"2025-06-18T08:13:04","slug":"rhoenenergie-challenge-lauf-2025","status":"publish","type":"page","link":"http:\/\/kfd-dipperz.de\/?page_id=8144","title":{"rendered":"Rh\u00f6nenergie Challenge-Lauf 2025"},"content":{"rendered":"<p style=\"text-align: center;\">Bei bestem Wetter fand am Samstag 14.06.25 in Fulda der Rh\u00f6nEnergie Challenge-Lauf statt. \u00dcber 6000 L\u00e4ufer:innen waren am Start. Die kfd Fulda hatte dazu eingeladen in ihrem Team mitzulaufen.<br \/>\nDie kfd Dipperz war mit einer kleinen Abordnung dabei. Vielen Dank an Karin und Heike, dass ihr bei diesem mega tollen Event dabei ward! Es lebe der Sport!<a href=\"http:\/\/kfd-dipperz.de\/wp-content\/uploads\/2025\/06\/IMG-20250616-WA0023.jpg\"><img loading=\"lazy\" decoding=\"async\" class=\"aligncenter wp-image-8146\" src=\"http:\/\/kfd-dipperz.de\/wp-content\/uploads\/2025\/06\/IMG-20250616-WA0023-398x300.jpg\" alt=\"\" width=\"500\" height=\"377\" srcset=\"http:\/\/kfd-dipperz.de\/wp-content\/uploads\/2025\/06\/IMG-20250616-WA0023-398x300.jpg 398w, http:\/\/kfd-dipperz.de\/wp-content\/uploads\/2025\/06\/IMG-20250616-WA0023-1024x772.jpg 1024w, http:\/\/kfd-dipperz.de\/wp-content\/uploads\/2025\/06\/IMG-20250616-WA0023-768x579.jpg 768w, http:\/\/kfd-dipperz.de\/wp-content\/uploads\/2025\/06\/IMG-20250616-WA0023-1536x1159.jpg 1536w, http:\/\/kfd-dipperz.de\/wp-content\/uploads\/2025\/06\/IMG-20250616-WA0023.jpg 1600w\" sizes=\"auto, (max-width: 500px) 100vw, 500px\" \/><\/a><\/p>\n<p style=\"text-align: center;\"><a href=\"http:\/\/kfd-dipperz.de\/wp-content\/uploads\/2025\/06\/IMG-20250616-WA0026.jpg\"><img loading=\"lazy\" decoding=\"async\" class=\"aligncenter wp-image-8148\" src=\"http:\/\/kfd-dipperz.de\/wp-content\/uploads\/2025\/06\/IMG-20250616-WA0026-225x300.jpg\" alt=\"\" width=\"400\" height=\"533\" srcset=\"http:\/\/kfd-dipperz.de\/wp-content\/uploads\/2025\/06\/IMG-20250616-WA0026-225x300.jpg 225w, http:\/\/kfd-dipperz.de\/wp-content\/uploads\/2025\/06\/IMG-20250616-WA0026-768x1024.jpg 768w, http:\/\/kfd-dipperz.de\/wp-content\/uploads\/2025\/06\/IMG-20250616-WA0026-1152x1536.jpg 1152w, http:\/\/kfd-dipperz.de\/wp-content\/uploads\/2025\/06\/IMG-20250616-WA0026.jpg 1500w\" sizes=\"auto, (max-width: 400px) 100vw, 400px\" \/><\/a><\/p>\n<p style=\"text-align: center;\"><a href=\"http:\/\/kfd-dipperz.de\/wp-content\/uploads\/2025\/06\/IMG-20250616-WA0025.jpg\"><img loading=\"lazy\" decoding=\"async\" class=\"aligncenter wp-image-8147\" src=\"http:\/\/kfd-dipperz.de\/wp-content\/uploads\/2025\/06\/IMG-20250616-WA0025-400x300.jpg\" alt=\"\" width=\"500\" height=\"375\" srcset=\"http:\/\/kfd-dipperz.de\/wp-content\/uploads\/2025\/06\/IMG-20250616-WA0025-400x300.jpg 400w, http:\/\/kfd-dipperz.de\/wp-content\/uploads\/2025\/06\/IMG-20250616-WA0025-1024x768.jpg 1024w, http:\/\/kfd-dipperz.de\/wp-content\/uploads\/2025\/06\/IMG-20250616-WA0025-768x576.jpg 768w, http:\/\/kfd-dipperz.de\/wp-content\/uploads\/2025\/06\/IMG-20250616-WA0025-1536x1152.jpg 1536w, http:\/\/kfd-dipperz.de\/wp-content\/uploads\/2025\/06\/IMG-20250616-WA0025.jpg 2048w\" sizes=\"auto, (max-width: 500px) 100vw, 500px\" \/><\/a><\/p>\n<p><a href=\"http:\/\/kfd-dipperz.de\/wp-content\/uploads\/2025\/06\/IMG-20250616-WA0033.jpg\"><img loading=\"lazy\" decoding=\"async\" class=\"aligncenter wp-image-8149\" src=\"http:\/\/kfd-dipperz.de\/wp-content\/uploads\/2025\/06\/IMG-20250616-WA0033-473x300.jpg\" alt=\"\" width=\"500\" height=\"317\" srcset=\"http:\/\/kfd-dipperz.de\/wp-content\/uploads\/2025\/06\/IMG-20250616-WA0033-473x300.jpg 473w, http:\/\/kfd-dipperz.de\/wp-content\/uploads\/2025\/06\/IMG-20250616-WA0033-1024x649.jpg 1024w, http:\/\/kfd-dipperz.de\/wp-content\/uploads\/2025\/06\/IMG-20250616-WA0033-768x487.jpg 768w, http:\/\/kfd-dipperz.de\/wp-content\/uploads\/2025\/06\/IMG-20250616-WA0033.jpg 1474w\" sizes=\"auto, (max-width: 500px) 100vw, 500px\" \/><\/a><\/p>\n","protected":false},"excerpt":{"rendered":"<p>Bei bestem Wetter fand am Samstag 14.06.25 in Fulda der Rh\u00f6nEnergie Challenge-Lauf statt. \u00dcber 6000 L\u00e4ufer:innen waren am Start. Die kfd Fulda hatte dazu eingeladen in ihrem Team mitzulaufen. Die kfd Dipperz war mit einer kleinen Abordnung dabei. Vielen Dank an Karin und Heike, dass ihr bei diesem mega tollen Event dabei ward! Es lebe &hellip; <a href=\"http:\/\/kfd-dipperz.de\/?page_id=8144\" class=\"more-link\"><span class=\"screen-reader-text\">Rh\u00f6nenergie Challenge-Lauf 2025<\/span> weiterlesen<\/a><\/p>\n","protected":false},"author":2,"featured_media":0,"parent":0,"menu_order":0,"comment_status":"closed","ping_status":"closed","template":"","meta":{"ngg_post_thumbnail":0,"footnotes":""},"class_list":["post-8144","page","type-page","status-publish","hentry"],"_links":{"self":[{"href":"http:\/\/kfd-dipperz.de\/index.php?rest_route=\/wp\/v2\/pages\/8144","targetHints":{"allow":["GET"]}}],"collection":[{"href":"http:\/\/kfd-dipperz.de\/index.php?rest_route=\/wp\/v2\/pages"}],"about":[{"href":"http:\/\/kfd-dipperz.de\/index.php?rest_route=\/wp\/v2\/types\/page"}],"author":[{"embeddable":true,"href":"http:\/\/kfd-dipperz.de\/index.php?rest_route=\/wp\/v2\/users\/2"}],"replies":[{"embeddable":true,"href":"http:\/\/kfd-dipperz.de\/index.php?rest_route=%2Fwp%2Fv2%2Fcomments&post=8144"}],"version-history":[{"count":0,"href":"http:\/\/kfd-dipperz.de\/index.php?rest_route=\/wp\/v2\/pages\/8144\/revisions"}],"wp:attachment":[{"href":"http:\/\/kfd-dipperz.de\/index.php?rest_route=%2Fwp%2Fv2%2Fmedia&parent=8144"}],"curies":[{"name":"wp","href":"https:\/\/api.w.org\/{rel}","templated":true}]}}