{"id":8102,"date":"2025-06-16T08:37:51","date_gmt":"2025-06-16T06:37:51","guid":{"rendered":"http:\/\/kfd-dipperz.de\/?page_id=8102"},"modified":"2025-06-18T09:49:35","modified_gmt":"2025-06-18T07:49:35","slug":"festzug-100-jahre-musikverein-dipperz","status":"publish","type":"page","link":"http:\/\/kfd-dipperz.de\/?page_id=8102","title":{"rendered":"Festzug 100 Jahre Musikverein Dipperz"},"content":{"rendered":"<p style=\"text-align: center;\">Am Sonntag, 15.06.25 fand der Festzug 100 Jahre Musikverein Dipperz-Rh\u00f6n statt, an dem wir mit einer Abordnung der kfd teilgenommen haben.&nbsp; Es war ein sch\u00f6ner Festzug, welcher fr\u00f6hlich im Festzelt am B\u00fcrgerhaus endete. Wir verbrachten bei guter Blasmusik, gutem Essen, Kaffee und Kuchen ein paar gesellige Stunden. Vielen Dank an den Musikverein Dipperz f\u00fcr die Einladung! Es war ein gelungenes Festwochenende.<\/p>\n<p style=\"text-align: center;\">ngg_shortcode_0_placeholder<\/p>\n","protected":false},"excerpt":{"rendered":"<p>Am Sonntag, 15.06.25 fand der Festzug 100 Jahre Musikverein Dipperz-Rh\u00f6n statt, an dem wir mit einer Abordnung der kfd teilgenommen haben.&nbsp; Es war ein sch\u00f6ner Festzug, welcher fr\u00f6hlich im Festzelt am B\u00fcrgerhaus endete. Wir verbrachten bei guter Blasmusik, gutem Essen, Kaffee und Kuchen ein paar gesellige Stunden. Vielen Dank an den Musikverein Dipperz f\u00fcr die &hellip; <a href=\"http:\/\/kfd-dipperz.de\/?page_id=8102\" class=\"more-link\"><span class=\"screen-reader-text\">Festzug 100 Jahre Musikverein Dipperz<\/span> weiterlesen<\/a><\/p>\n","protected":false},"author":2,"featured_media":0,"parent":0,"menu_order":0,"comment_status":"closed","ping_status":"closed","template":"","meta":{"ngg_post_thumbnail":0,"footnotes":""},"class_list":["post-8102","page","type-page","status-publish","hentry"],"_links":{"self":[{"href":"http:\/\/kfd-dipperz.de\/index.php?rest_route=\/wp\/v2\/pages\/8102","targetHints":{"allow":["GET"]}}],"collection":[{"href":"http:\/\/kfd-dipperz.de\/index.php?rest_route=\/wp\/v2\/pages"}],"about":[{"href":"http:\/\/kfd-dipperz.de\/index.php?rest_route=\/wp\/v2\/types\/page"}],"author":[{"embeddable":true,"href":"http:\/\/kfd-dipperz.de\/index.php?rest_route=\/wp\/v2\/users\/2"}],"replies":[{"embeddable":true,"href":"http:\/\/kfd-dipperz.de\/index.php?rest_route=%2Fwp%2Fv2%2Fcomments&post=8102"}],"version-history":[{"count":0,"href":"http:\/\/kfd-dipperz.de\/index.php?rest_route=\/wp\/v2\/pages\/8102\/revisions"}],"wp:attachment":[{"href":"http:\/\/kfd-dipperz.de\/index.php?rest_route=%2Fwp%2Fv2%2Fmedia&parent=8102"}],"curies":[{"name":"wp","href":"https:\/\/api.w.org\/{rel}","templated":true}]}}