{"id":8077,"date":"2025-06-08T13:16:29","date_gmt":"2025-06-08T11:16:29","guid":{"rendered":"http:\/\/kfd-dipperz.de\/?page_id=8077"},"modified":"2025-07-30T16:33:43","modified_gmt":"2025-07-30T14:33:43","slug":"fahrradtour-16-05-2025","status":"publish","type":"page","link":"http:\/\/kfd-dipperz.de\/?page_id=8077","title":{"rendered":"Fahrradtour 23.05.2025"},"content":{"rendered":"<p><strong>\u201eNimm dir einmal Zeit!\u201c<\/strong><\/p>\n<p>So fand unter diesem Motto wieder unsere traditionelle E-Bike Tour am 23.05.2025 statt.<\/p>\n<p><a href=\"http:\/\/kfd-dipperz.de\/wp-content\/uploads\/2025\/06\/08_IMG-20250523-WA0026-scaled.jpg\"><img loading=\"lazy\" decoding=\"async\" class=\"aligncenter wp-image-8088 size-large\" src=\"http:\/\/kfd-dipperz.de\/wp-content\/uploads\/2025\/06\/08_IMG-20250523-WA0026-1024x768.jpg\" alt=\"\" width=\"660\" height=\"495\" srcset=\"http:\/\/kfd-dipperz.de\/wp-content\/uploads\/2025\/06\/08_IMG-20250523-WA0026-1024x768.jpg 1024w, http:\/\/kfd-dipperz.de\/wp-content\/uploads\/2025\/06\/08_IMG-20250523-WA0026-400x300.jpg 400w, http:\/\/kfd-dipperz.de\/wp-content\/uploads\/2025\/06\/08_IMG-20250523-WA0026-768x576.jpg 768w, http:\/\/kfd-dipperz.de\/wp-content\/uploads\/2025\/06\/08_IMG-20250523-WA0026-1536x1152.jpg 1536w, http:\/\/kfd-dipperz.de\/wp-content\/uploads\/2025\/06\/08_IMG-20250523-WA0026-2048x1536.jpg 2048w\" sizes=\"auto, (max-width: 660px) 100vw, 660px\" \/><\/a><\/p>\n<p>Bei gutem Wetter machten sich 10 Frauen auf den Weg von Dipperz nach Gersfeld auf.<\/p>\n<p>Da die Rh\u00f6n bergig ist, war es eine herausfordernde Tour von 45 km, bei der es galt, 373 H\u00f6henmetern zu bew\u00e4ltigen.<\/p>\n<p><a href=\"http:\/\/kfd-dipperz.de\/wp-content\/uploads\/2025\/06\/10_IMG-20250523-WA0024-scaled.jpg\"><img loading=\"lazy\" decoding=\"async\" class=\"aligncenter wp-image-8090 size-large\" src=\"http:\/\/kfd-dipperz.de\/wp-content\/uploads\/2025\/06\/10_IMG-20250523-WA0024-1024x768.jpg\" alt=\"\" width=\"660\" height=\"495\" srcset=\"http:\/\/kfd-dipperz.de\/wp-content\/uploads\/2025\/06\/10_IMG-20250523-WA0024-1024x768.jpg 1024w, http:\/\/kfd-dipperz.de\/wp-content\/uploads\/2025\/06\/10_IMG-20250523-WA0024-400x300.jpg 400w, http:\/\/kfd-dipperz.de\/wp-content\/uploads\/2025\/06\/10_IMG-20250523-WA0024-768x576.jpg 768w, http:\/\/kfd-dipperz.de\/wp-content\/uploads\/2025\/06\/10_IMG-20250523-WA0024-1536x1152.jpg 1536w, http:\/\/kfd-dipperz.de\/wp-content\/uploads\/2025\/06\/10_IMG-20250523-WA0024-2048x1536.jpg 2048w\" sizes=\"auto, (max-width: 660px) 100vw, 660px\" \/><\/a><\/p>\n<p><a href=\"http:\/\/kfd-dipperz.de\/wp-content\/uploads\/2025\/06\/06_IMG-20250523-WA0028-scaled.jpg\"><img loading=\"lazy\" decoding=\"async\" class=\"aligncenter wp-image-8086\" src=\"http:\/\/kfd-dipperz.de\/wp-content\/uploads\/2025\/06\/06_IMG-20250523-WA0028-225x300.jpg\" alt=\"\" width=\"400\" height=\"533\" srcset=\"http:\/\/kfd-dipperz.de\/wp-content\/uploads\/2025\/06\/06_IMG-20250523-WA0028-225x300.jpg 225w, http:\/\/kfd-dipperz.de\/wp-content\/uploads\/2025\/06\/06_IMG-20250523-WA0028-768x1024.jpg 768w, http:\/\/kfd-dipperz.de\/wp-content\/uploads\/2025\/06\/06_IMG-20250523-WA0028-1152x1536.jpg 1152w, http:\/\/kfd-dipperz.de\/wp-content\/uploads\/2025\/06\/06_IMG-20250523-WA0028-1536x2048.jpg 1536w, http:\/\/kfd-dipperz.de\/wp-content\/uploads\/2025\/06\/06_IMG-20250523-WA0028-scaled.jpg 1920w\" sizes=\"auto, (max-width: 400px) 100vw, 400px\" \/><\/a><\/p>\n<p>Unsere Frauen waren ge\u00fcbte E-Bikefahrer:innen und sie wurden bei der Tour mit herrlichen Ausblicken und einer malerischen Landschaft belohnt. Am Wachtk\u00fcppel besuchten wir die Kirche und baten Gott um sichere Begleitung mit einem Gebet.<\/p>\n<p><a href=\"http:\/\/kfd-dipperz.de\/wp-content\/uploads\/2025\/06\/09_IMG-20250523-WA0025-scaled.jpg\"><img loading=\"lazy\" decoding=\"async\" class=\"aligncenter wp-image-8089\" src=\"http:\/\/kfd-dipperz.de\/wp-content\/uploads\/2025\/06\/09_IMG-20250523-WA0025-225x300.jpg\" alt=\"\" width=\"400\" height=\"533\" srcset=\"http:\/\/kfd-dipperz.de\/wp-content\/uploads\/2025\/06\/09_IMG-20250523-WA0025-225x300.jpg 225w, http:\/\/kfd-dipperz.de\/wp-content\/uploads\/2025\/06\/09_IMG-20250523-WA0025-768x1024.jpg 768w, http:\/\/kfd-dipperz.de\/wp-content\/uploads\/2025\/06\/09_IMG-20250523-WA0025-1152x1536.jpg 1152w, http:\/\/kfd-dipperz.de\/wp-content\/uploads\/2025\/06\/09_IMG-20250523-WA0025-1536x2048.jpg 1536w, http:\/\/kfd-dipperz.de\/wp-content\/uploads\/2025\/06\/09_IMG-20250523-WA0025-scaled.jpg 1920w\" sizes=\"auto, (max-width: 400px) 100vw, 400px\" \/><\/a><\/p>\n<p><a href=\"http:\/\/kfd-dipperz.de\/wp-content\/uploads\/2025\/06\/07_IMG-20250523-WA0027-scaled.jpg\"><img loading=\"lazy\" decoding=\"async\" class=\"aligncenter wp-image-8087 size-large\" src=\"http:\/\/kfd-dipperz.de\/wp-content\/uploads\/2025\/06\/07_IMG-20250523-WA0027-1024x768.jpg\" alt=\"\" width=\"660\" height=\"495\" srcset=\"http:\/\/kfd-dipperz.de\/wp-content\/uploads\/2025\/06\/07_IMG-20250523-WA0027-1024x768.jpg 1024w, http:\/\/kfd-dipperz.de\/wp-content\/uploads\/2025\/06\/07_IMG-20250523-WA0027-400x300.jpg 400w, http:\/\/kfd-dipperz.de\/wp-content\/uploads\/2025\/06\/07_IMG-20250523-WA0027-768x576.jpg 768w, http:\/\/kfd-dipperz.de\/wp-content\/uploads\/2025\/06\/07_IMG-20250523-WA0027-1536x1152.jpg 1536w, http:\/\/kfd-dipperz.de\/wp-content\/uploads\/2025\/06\/07_IMG-20250523-WA0027-2048x1536.jpg 2048w\" sizes=\"auto, (max-width: 660px) 100vw, 660px\" \/><\/a><\/p>\n<p>Angekommen in Gersfeld kehrten die Frauen in einem Caf\u00e9 ein, um bei guten Gespr\u00e4chen mit Kaffee und Kuchen sich aufzuw\u00e4rmen und zu st\u00e4rken.<\/p>\n<p><a href=\"http:\/\/kfd-dipperz.de\/wp-content\/uploads\/2025\/06\/05_IMG-20250523-WA0029.jpg\"><img loading=\"lazy\" decoding=\"async\" class=\"aligncenter wp-image-8085 size-full\" src=\"http:\/\/kfd-dipperz.de\/wp-content\/uploads\/2025\/06\/05_IMG-20250523-WA0029.jpg\" alt=\"\" width=\"2048\" height=\"1153\" srcset=\"http:\/\/kfd-dipperz.de\/wp-content\/uploads\/2025\/06\/05_IMG-20250523-WA0029.jpg 2048w, http:\/\/kfd-dipperz.de\/wp-content\/uploads\/2025\/06\/05_IMG-20250523-WA0029-500x281.jpg 500w, http:\/\/kfd-dipperz.de\/wp-content\/uploads\/2025\/06\/05_IMG-20250523-WA0029-1024x577.jpg 1024w, http:\/\/kfd-dipperz.de\/wp-content\/uploads\/2025\/06\/05_IMG-20250523-WA0029-768x432.jpg 768w, http:\/\/kfd-dipperz.de\/wp-content\/uploads\/2025\/06\/05_IMG-20250523-WA0029-1536x865.jpg 1536w\" sizes=\"auto, (max-width: 2048px) 100vw, 2048px\" \/><\/a><\/p>\n<p><a href=\"http:\/\/kfd-dipperz.de\/wp-content\/uploads\/2025\/06\/01_IMG-20250523-WA0036-scaled.jpg\"><img loading=\"lazy\" decoding=\"async\" class=\"aligncenter wp-image-8081\" src=\"http:\/\/kfd-dipperz.de\/wp-content\/uploads\/2025\/06\/01_IMG-20250523-WA0036-225x300.jpg\" alt=\"\" width=\"400\" height=\"533\" srcset=\"http:\/\/kfd-dipperz.de\/wp-content\/uploads\/2025\/06\/01_IMG-20250523-WA0036-225x300.jpg 225w, http:\/\/kfd-dipperz.de\/wp-content\/uploads\/2025\/06\/01_IMG-20250523-WA0036-768x1024.jpg 768w, http:\/\/kfd-dipperz.de\/wp-content\/uploads\/2025\/06\/01_IMG-20250523-WA0036-1152x1536.jpg 1152w, http:\/\/kfd-dipperz.de\/wp-content\/uploads\/2025\/06\/01_IMG-20250523-WA0036-1536x2048.jpg 1536w, http:\/\/kfd-dipperz.de\/wp-content\/uploads\/2025\/06\/01_IMG-20250523-WA0036-scaled.jpg 1920w\" sizes=\"auto, (max-width: 400px) 100vw, 400px\" \/><\/a><\/p>\n<p>Danach traten wir die Heimfahrt an, welche uns vorbei an Fischweihern zum R1 Radweg zur\u00fcck nach Dipperz f\u00fchrte.<\/p>\n<p>Christine M\u00fcller, die die Tour wieder organisiert hatte, bedankte sich bei allen mitgefahrenen Frauen, die die 45 km toll durchgehalten hatten. Es war wieder klasse mit Euch und die kfd Dipperz freut sich auf ein Wiedersehen.<\/p>\n","protected":false},"excerpt":{"rendered":"<p>\u201eNimm dir einmal Zeit!\u201c So fand unter diesem Motto wieder unsere traditionelle E-Bike Tour am 23.05.2025 statt. Bei gutem Wetter machten sich 10 Frauen auf den Weg von Dipperz nach Gersfeld auf. Da die Rh\u00f6n bergig ist, war es eine herausfordernde Tour von 45 km, bei der es galt, 373 H\u00f6henmetern zu bew\u00e4ltigen. Unsere Frauen &hellip; <a href=\"http:\/\/kfd-dipperz.de\/?page_id=8077\" class=\"more-link\"><span class=\"screen-reader-text\">Fahrradtour 23.05.2025<\/span> weiterlesen<\/a><\/p>\n","protected":false},"author":2,"featured_media":0,"parent":0,"menu_order":0,"comment_status":"closed","ping_status":"closed","template":"","meta":{"ngg_post_thumbnail":0,"footnotes":""},"class_list":["post-8077","page","type-page","status-publish","hentry"],"_links":{"self":[{"href":"http:\/\/kfd-dipperz.de\/index.php?rest_route=\/wp\/v2\/pages\/8077","targetHints":{"allow":["GET"]}}],"collection":[{"href":"http:\/\/kfd-dipperz.de\/index.php?rest_route=\/wp\/v2\/pages"}],"about":[{"href":"http:\/\/kfd-dipperz.de\/index.php?rest_route=\/wp\/v2\/types\/page"}],"author":[{"embeddable":true,"href":"http:\/\/kfd-dipperz.de\/index.php?rest_route=\/wp\/v2\/users\/2"}],"replies":[{"embeddable":true,"href":"http:\/\/kfd-dipperz.de\/index.php?rest_route=%2Fwp%2Fv2%2Fcomments&post=8077"}],"version-history":[{"count":0,"href":"http:\/\/kfd-dipperz.de\/index.php?rest_route=\/wp\/v2\/pages\/8077\/revisions"}],"wp:attachment":[{"href":"http:\/\/kfd-dipperz.de\/index.php?rest_route=%2Fwp%2Fv2%2Fmedia&parent=8077"}],"curies":[{"name":"wp","href":"https:\/\/api.w.org\/{rel}","templated":true}]}}