{"id":7203,"date":"2025-05-16T17:38:34","date_gmt":"2025-05-16T15:38:34","guid":{"rendered":"http:\/\/kfd-dipperz.de\/?page_id=7203"},"modified":"2025-05-19T09:02:56","modified_gmt":"2025-05-19T07:02:56","slug":"frauenausflug-2025-2","status":"publish","type":"page","link":"http:\/\/kfd-dipperz.de\/?page_id=7203","title":{"rendered":"Frauenausflug 2025"},"content":{"rendered":"<p><strong>Frauenausflug nach Miltenberg <\/strong><\/p>\n<p>Bei bestem Sommerwetter machten sich 49 Frauen und Pfarrer Kownacki am Freitag, 16.05.25 um 7.30 Uhr zum j\u00e4hrlich traditionellen Frauenausflug nach Miltenberg auf.<\/p>\n<p><a href=\"http:\/\/kfd-dipperz.de\/wp-content\/uploads\/2025\/05\/00_DSC_3563-scaled.jpg\"><img loading=\"lazy\" decoding=\"async\" class=\"aligncenter wp-image-8039\" src=\"http:\/\/kfd-dipperz.de\/wp-content\/uploads\/2025\/05\/00_DSC_3563-300x199.jpg\" alt=\"\" width=\"500\" height=\"332\" srcset=\"http:\/\/kfd-dipperz.de\/wp-content\/uploads\/2025\/05\/00_DSC_3563-300x199.jpg 300w, http:\/\/kfd-dipperz.de\/wp-content\/uploads\/2025\/05\/00_DSC_3563-1024x680.jpg 1024w, http:\/\/kfd-dipperz.de\/wp-content\/uploads\/2025\/05\/00_DSC_3563-768x510.jpg 768w, http:\/\/kfd-dipperz.de\/wp-content\/uploads\/2025\/05\/00_DSC_3563-1536x1020.jpg 1536w, http:\/\/kfd-dipperz.de\/wp-content\/uploads\/2025\/05\/00_DSC_3563-2048x1360.jpg 2048w\" sizes=\"auto, (max-width: 500px) 100vw, 500px\" \/><\/a><\/p>\n<p>Die Frauen waren bester Stimmung und in Miltenberg angekommen wurden wir von zwei netten G\u00e4stef\u00fchrer:innen der Touristeninformation empfangen, die mit uns eine 90min\u00fctige klassische Stadtf\u00fchrung durch Miltenberg machten.<br \/>\nAlle Frauen wurden in der F\u00fchrung mit allen wichtigen Eckdaten und Informationen zur Geschichte Miltenbergs versorgt. Wunderbares Fachwerk ist das Markenzeichen der Stadt.<\/p>\n<p><a href=\"http:\/\/kfd-dipperz.de\/wp-content\/uploads\/2025\/05\/01_DSC_3669-scaled.jpg\"><img loading=\"lazy\" decoding=\"async\" class=\"aligncenter wp-image-8040\" src=\"http:\/\/kfd-dipperz.de\/wp-content\/uploads\/2025\/05\/01_DSC_3669-300x226.jpg\" alt=\"\" width=\"500\" height=\"377\" srcset=\"http:\/\/kfd-dipperz.de\/wp-content\/uploads\/2025\/05\/01_DSC_3669-300x226.jpg 300w, http:\/\/kfd-dipperz.de\/wp-content\/uploads\/2025\/05\/01_DSC_3669-1024x772.jpg 1024w, http:\/\/kfd-dipperz.de\/wp-content\/uploads\/2025\/05\/01_DSC_3669-768x579.jpg 768w, http:\/\/kfd-dipperz.de\/wp-content\/uploads\/2025\/05\/01_DSC_3669-1536x1158.jpg 1536w, http:\/\/kfd-dipperz.de\/wp-content\/uploads\/2025\/05\/01_DSC_3669-2048x1543.jpg 2048w\" sizes=\"auto, (max-width: 500px) 100vw, 500px\" \/><\/a><\/p>\n<p>Die Stadtf\u00fchrung endete am Marktplatz am Schnatterloch und dort versammelten sich alle Frauen und unser Pfarrer Kownacki zum traditionellen Gruppenfoto.<a href=\"http:\/\/kfd-dipperz.de\/wp-content\/uploads\/2025\/05\/10_DSC_3724-scaled.jpg\"><img loading=\"lazy\" decoding=\"async\" class=\"aligncenter wp-image-8049\" src=\"http:\/\/kfd-dipperz.de\/wp-content\/uploads\/2025\/05\/10_DSC_3724-300x199.jpg\" alt=\"\" width=\"500\" height=\"332\" srcset=\"http:\/\/kfd-dipperz.de\/wp-content\/uploads\/2025\/05\/10_DSC_3724-300x199.jpg 300w, http:\/\/kfd-dipperz.de\/wp-content\/uploads\/2025\/05\/10_DSC_3724-1024x680.jpg 1024w, http:\/\/kfd-dipperz.de\/wp-content\/uploads\/2025\/05\/10_DSC_3724-768x510.jpg 768w, http:\/\/kfd-dipperz.de\/wp-content\/uploads\/2025\/05\/10_DSC_3724-1536x1020.jpg 1536w, http:\/\/kfd-dipperz.de\/wp-content\/uploads\/2025\/05\/10_DSC_3724-2048x1360.jpg 2048w\" sizes=\"auto, (max-width: 500px) 100vw, 500px\" \/><\/a><\/p>\n<p>Danach hatte alle mitgefahrenen Frauen Zeit zur freien Verf\u00fcgung, um die Stadt selbst zu erkunden. Man konnte bei strahlendem Sonnenschein einen Spaziergang auf die Mildenburg machen, bei der man einen sensationellen Blick auf die Stadt und den Main erleben konnte.<\/p>\n<p><a href=\"http:\/\/kfd-dipperz.de\/wp-content\/uploads\/2025\/05\/04_20250516_125016-scaled.jpg\"><img loading=\"lazy\" decoding=\"async\" class=\"aligncenter wp-image-8043\" src=\"http:\/\/kfd-dipperz.de\/wp-content\/uploads\/2025\/05\/04_20250516_125016-300x139.jpg\" alt=\"\" width=\"500\" height=\"231\" srcset=\"http:\/\/kfd-dipperz.de\/wp-content\/uploads\/2025\/05\/04_20250516_125016-300x139.jpg 300w, http:\/\/kfd-dipperz.de\/wp-content\/uploads\/2025\/05\/04_20250516_125016-1024x473.jpg 1024w, http:\/\/kfd-dipperz.de\/wp-content\/uploads\/2025\/05\/04_20250516_125016-768x355.jpg 768w, http:\/\/kfd-dipperz.de\/wp-content\/uploads\/2025\/05\/04_20250516_125016-1536x710.jpg 1536w, http:\/\/kfd-dipperz.de\/wp-content\/uploads\/2025\/05\/04_20250516_125016-2048x946.jpg 2048w\" sizes=\"auto, (max-width: 500px) 100vw, 500px\" \/><\/a><\/p>\n<p>Kleine L\u00e4den, Caf\u00e9s und Gesch\u00e4fte luden zum Anschauen, Probieren und Einkaufen ein.<\/p>\n<p><a href=\"http:\/\/kfd-dipperz.de\/wp-content\/uploads\/2025\/05\/02_20250516_104944-scaled.jpg\"><img loading=\"lazy\" decoding=\"async\" class=\"aligncenter wp-image-8041\" src=\"http:\/\/kfd-dipperz.de\/wp-content\/uploads\/2025\/05\/02_20250516_104944-161x300.jpg\" alt=\"\" width=\"500\" height=\"930\" srcset=\"http:\/\/kfd-dipperz.de\/wp-content\/uploads\/2025\/05\/02_20250516_104944-161x300.jpg 161w, http:\/\/kfd-dipperz.de\/wp-content\/uploads\/2025\/05\/02_20250516_104944-551x1024.jpg 551w, http:\/\/kfd-dipperz.de\/wp-content\/uploads\/2025\/05\/02_20250516_104944-768x1428.jpg 768w, http:\/\/kfd-dipperz.de\/wp-content\/uploads\/2025\/05\/02_20250516_104944-826x1536.jpg 826w, http:\/\/kfd-dipperz.de\/wp-content\/uploads\/2025\/05\/02_20250516_104944-1101x2048.jpg 1101w, http:\/\/kfd-dipperz.de\/wp-content\/uploads\/2025\/05\/02_20250516_104944-scaled.jpg 1376w\" sizes=\"auto, (max-width: 500px) 100vw, 500px\" \/><\/a><\/p>\n<p><a href=\"http:\/\/kfd-dipperz.de\/wp-content\/uploads\/2025\/05\/03_20250516_105616-scaled.jpg\"><img loading=\"lazy\" decoding=\"async\" class=\"aligncenter wp-image-8042\" src=\"http:\/\/kfd-dipperz.de\/wp-content\/uploads\/2025\/05\/03_20250516_105616-198x300.jpg\" alt=\"\" width=\"500\" height=\"756\" srcset=\"http:\/\/kfd-dipperz.de\/wp-content\/uploads\/2025\/05\/03_20250516_105616-198x300.jpg 198w, http:\/\/kfd-dipperz.de\/wp-content\/uploads\/2025\/05\/03_20250516_105616-677x1024.jpg 677w, http:\/\/kfd-dipperz.de\/wp-content\/uploads\/2025\/05\/03_20250516_105616-768x1161.jpg 768w, http:\/\/kfd-dipperz.de\/wp-content\/uploads\/2025\/05\/03_20250516_105616-1016x1536.jpg 1016w, http:\/\/kfd-dipperz.de\/wp-content\/uploads\/2025\/05\/03_20250516_105616-1355x2048.jpg 1355w, http:\/\/kfd-dipperz.de\/wp-content\/uploads\/2025\/05\/03_20250516_105616-scaled.jpg 1693w\" sizes=\"auto, (max-width: 500px) 100vw, 500px\" \/><\/a><\/p>\n<p>Um 13.45 Uhr trafen sich alle Mitreisenden am Main-Kai, wo wir eine 90min\u00fctige Schifffahrt auf dem Main machten. Auf dem Schiff erwartete uns schon eine gedeckte Tafel, bei der jeder Gast ein River-Gedeck mit Kaffee und Kuchen erhielt.<\/p>\n<p><a href=\"http:\/\/kfd-dipperz.de\/wp-content\/uploads\/2025\/05\/05_20250516_133545-scaled.jpg\"><img loading=\"lazy\" decoding=\"async\" class=\"aligncenter wp-image-8044\" src=\"http:\/\/kfd-dipperz.de\/wp-content\/uploads\/2025\/05\/05_20250516_133545-300x139.jpg\" alt=\"\" width=\"500\" height=\"231\" srcset=\"http:\/\/kfd-dipperz.de\/wp-content\/uploads\/2025\/05\/05_20250516_133545-300x139.jpg 300w, http:\/\/kfd-dipperz.de\/wp-content\/uploads\/2025\/05\/05_20250516_133545-1024x473.jpg 1024w, http:\/\/kfd-dipperz.de\/wp-content\/uploads\/2025\/05\/05_20250516_133545-768x355.jpg 768w, http:\/\/kfd-dipperz.de\/wp-content\/uploads\/2025\/05\/05_20250516_133545-1536x710.jpg 1536w, http:\/\/kfd-dipperz.de\/wp-content\/uploads\/2025\/05\/05_20250516_133545-2048x946.jpg 2048w\" sizes=\"auto, (max-width: 500px) 100vw, 500px\" \/><\/a>Wir fuhren mit dem Schiff von Miltenberg nach B\u00fcrgstadt und Kleinheubach und wieder zur\u00fcck. Hier konnte man vom Wasser aus einen wunderbaren Panoramablick auf Miltenberg erleben.<\/p>\n<p><a href=\"http:\/\/kfd-dipperz.de\/wp-content\/uploads\/2025\/05\/06_20250516_150021-scaled.jpg\"><img loading=\"lazy\" decoding=\"async\" class=\"aligncenter wp-image-8045\" src=\"http:\/\/kfd-dipperz.de\/wp-content\/uploads\/2025\/05\/06_20250516_150021-300x139.jpg\" alt=\"\" width=\"500\" height=\"231\" srcset=\"http:\/\/kfd-dipperz.de\/wp-content\/uploads\/2025\/05\/06_20250516_150021-300x139.jpg 300w, http:\/\/kfd-dipperz.de\/wp-content\/uploads\/2025\/05\/06_20250516_150021-1024x473.jpg 1024w, http:\/\/kfd-dipperz.de\/wp-content\/uploads\/2025\/05\/06_20250516_150021-768x355.jpg 768w, http:\/\/kfd-dipperz.de\/wp-content\/uploads\/2025\/05\/06_20250516_150021-1536x710.jpg 1536w, http:\/\/kfd-dipperz.de\/wp-content\/uploads\/2025\/05\/06_20250516_150021-2048x946.jpg 2048w\" sizes=\"auto, (max-width: 500px) 100vw, 500px\" \/><\/a><\/p>\n<p>Zur\u00fcck am Main-Kai ging es zu Miltenbergs Traditions-Brauerei Faust, die letztes Jahr den Preis \u201eDeutschlands beste Brauerei 2024\u201c erhielt.<\/p>\n<p><a href=\"http:\/\/kfd-dipperz.de\/wp-content\/uploads\/2025\/05\/07_20250516_152948-scaled.jpg\"><img loading=\"lazy\" decoding=\"async\" class=\"aligncenter wp-image-8046\" src=\"http:\/\/kfd-dipperz.de\/wp-content\/uploads\/2025\/05\/07_20250516_152948-187x300.jpg\" alt=\"\" width=\"500\" height=\"803\" srcset=\"http:\/\/kfd-dipperz.de\/wp-content\/uploads\/2025\/05\/07_20250516_152948-187x300.jpg 187w, http:\/\/kfd-dipperz.de\/wp-content\/uploads\/2025\/05\/07_20250516_152948-638x1024.jpg 638w, http:\/\/kfd-dipperz.de\/wp-content\/uploads\/2025\/05\/07_20250516_152948-768x1233.jpg 768w, http:\/\/kfd-dipperz.de\/wp-content\/uploads\/2025\/05\/07_20250516_152948-956x1536.jpg 956w, http:\/\/kfd-dipperz.de\/wp-content\/uploads\/2025\/05\/07_20250516_152948-1275x2048.jpg 1275w, http:\/\/kfd-dipperz.de\/wp-content\/uploads\/2025\/05\/07_20250516_152948-scaled.jpg 1594w\" sizes=\"auto, (max-width: 500px) 100vw, 500px\" \/><\/a><\/p>\n<p>Unsere F\u00fchrer:innen zeigten uns das Brau-Handwerk in der Tour \u201eKurz und Knackig\u201c genau, wie Bier in seinen verschiedenen Stufen gebraut wird.<\/p>\n<p><a href=\"http:\/\/kfd-dipperz.de\/wp-content\/uploads\/2025\/05\/08_20250516_161713.jpg\"><img loading=\"lazy\" decoding=\"async\" class=\"aligncenter wp-image-8047\" src=\"http:\/\/kfd-dipperz.de\/wp-content\/uploads\/2025\/05\/08_20250516_161713-300x240.jpg\" alt=\"\" width=\"500\" height=\"401\" srcset=\"http:\/\/kfd-dipperz.de\/wp-content\/uploads\/2025\/05\/08_20250516_161713-300x240.jpg 300w, http:\/\/kfd-dipperz.de\/wp-content\/uploads\/2025\/05\/08_20250516_161713-1024x821.jpg 1024w, http:\/\/kfd-dipperz.de\/wp-content\/uploads\/2025\/05\/08_20250516_161713-768x615.jpg 768w, http:\/\/kfd-dipperz.de\/wp-content\/uploads\/2025\/05\/08_20250516_161713-1536x1231.jpg 1536w, http:\/\/kfd-dipperz.de\/wp-content\/uploads\/2025\/05\/08_20250516_161713-2048x1641.jpg 2048w\" sizes=\"auto, (max-width: 500px) 100vw, 500px\" \/><\/a><\/p>\n<p>Es war eine sehr interessante F\u00fchrung, bei der wir am Ende auf dem Bier-Himmel unterhalb der Mildenburg ankamen.<\/p>\n<p>Jeder Gast bekam am Ende ein 6er-Tragerl \u201eBier to go\u201c als Geschenk mit nach Hause.<\/p>\n<p><a href=\"http:\/\/kfd-dipperz.de\/wp-content\/uploads\/2025\/05\/09_20250516_165732-scaled.jpg\"><img loading=\"lazy\" decoding=\"async\" class=\"aligncenter wp-image-8048\" src=\"http:\/\/kfd-dipperz.de\/wp-content\/uploads\/2025\/05\/09_20250516_165732-300x139.jpg\" alt=\"\" width=\"500\" height=\"231\" srcset=\"http:\/\/kfd-dipperz.de\/wp-content\/uploads\/2025\/05\/09_20250516_165732-300x139.jpg 300w, http:\/\/kfd-dipperz.de\/wp-content\/uploads\/2025\/05\/09_20250516_165732-1024x473.jpg 1024w, http:\/\/kfd-dipperz.de\/wp-content\/uploads\/2025\/05\/09_20250516_165732-768x355.jpg 768w, http:\/\/kfd-dipperz.de\/wp-content\/uploads\/2025\/05\/09_20250516_165732-1536x710.jpg 1536w, http:\/\/kfd-dipperz.de\/wp-content\/uploads\/2025\/05\/09_20250516_165732-2048x946.jpg 2048w\" sizes=\"auto, (max-width: 500px) 100vw, 500px\" \/><\/a><\/p>\n<p>Klaus, unser Busfahrer von der Firma Kimmel, brachte uns dann zum Abendessen nach Gro\u00dfostheim zum \u201eLandgasthof Hock\u201c, wo wunderbar zu Abend gegessen wurde.<\/p>\n<p><a href=\"http:\/\/kfd-dipperz.de\/wp-content\/uploads\/2025\/05\/20250516_181146-scaled.jpg\"><img loading=\"lazy\" decoding=\"async\" class=\"aligncenter wp-image-8058 size-medium\" src=\"http:\/\/kfd-dipperz.de\/wp-content\/uploads\/2025\/05\/20250516_181146-500x231.jpg\" alt=\"\" width=\"500\" height=\"231\" srcset=\"http:\/\/kfd-dipperz.de\/wp-content\/uploads\/2025\/05\/20250516_181146-500x231.jpg 500w, http:\/\/kfd-dipperz.de\/wp-content\/uploads\/2025\/05\/20250516_181146-1024x473.jpg 1024w, http:\/\/kfd-dipperz.de\/wp-content\/uploads\/2025\/05\/20250516_181146-768x355.jpg 768w, http:\/\/kfd-dipperz.de\/wp-content\/uploads\/2025\/05\/20250516_181146-1536x710.jpg 1536w, http:\/\/kfd-dipperz.de\/wp-content\/uploads\/2025\/05\/20250516_181146-2048x946.jpg 2048w\" sizes=\"auto, (max-width: 500px) 100vw, 500px\" \/><\/a><\/p>\n<p>Gegen 19.45 Uhr traten alle Frauen gut gelaunt den Heimweg nach Dipperz an.<\/p>\n<p>Es war ein gelungener Ausflug und die Reiseleiterinnen Andrea Goldbach und Annette Schulz bedankten sich bei allen mitfahrenden Frauen und bei Pfarrer Kownacki und freuen&nbsp;sich auf ein Wiedersehen im kommenden Jahr.<\/p>\n<p style=\"text-align: center;\"><strong><em><a href=\"http:\/\/kfd-dipperz.de\/?page_id=7198\">Hier gibt es noch weitere Bilder<\/a> \u2013 allerdings passwortgesch\u00fctzt! Das Passwort kann bei den Teams erfragt werden!<\/em><\/strong><\/p>\n","protected":false},"excerpt":{"rendered":"<p>Frauenausflug nach Miltenberg Bei bestem Sommerwetter machten sich 49 Frauen und Pfarrer Kownacki am Freitag, 16.05.25 um 7.30 Uhr zum j\u00e4hrlich traditionellen Frauenausflug nach Miltenberg auf. Die Frauen waren bester Stimmung und in Miltenberg angekommen wurden wir von zwei netten G\u00e4stef\u00fchrer:innen der Touristeninformation empfangen, die mit uns eine 90min\u00fctige klassische Stadtf\u00fchrung durch Miltenberg machten. Alle &hellip; <a href=\"http:\/\/kfd-dipperz.de\/?page_id=7203\" class=\"more-link\"><span class=\"screen-reader-text\">Frauenausflug 2025<\/span> weiterlesen<\/a><\/p>\n","protected":false},"author":2,"featured_media":0,"parent":0,"menu_order":0,"comment_status":"closed","ping_status":"closed","template":"","meta":{"ngg_post_thumbnail":0,"footnotes":""},"class_list":["post-7203","page","type-page","status-publish","hentry"],"_links":{"self":[{"href":"http:\/\/kfd-dipperz.de\/index.php?rest_route=\/wp\/v2\/pages\/7203","targetHints":{"allow":["GET"]}}],"collection":[{"href":"http:\/\/kfd-dipperz.de\/index.php?rest_route=\/wp\/v2\/pages"}],"about":[{"href":"http:\/\/kfd-dipperz.de\/index.php?rest_route=\/wp\/v2\/types\/page"}],"author":[{"embeddable":true,"href":"http:\/\/kfd-dipperz.de\/index.php?rest_route=\/wp\/v2\/users\/2"}],"replies":[{"embeddable":true,"href":"http:\/\/kfd-dipperz.de\/index.php?rest_route=%2Fwp%2Fv2%2Fcomments&post=7203"}],"version-history":[{"count":0,"href":"http:\/\/kfd-dipperz.de\/index.php?rest_route=\/wp\/v2\/pages\/7203\/revisions"}],"wp:attachment":[{"href":"http:\/\/kfd-dipperz.de\/index.php?rest_route=%2Fwp%2Fv2%2Fmedia&parent=7203"}],"curies":[{"name":"wp","href":"https:\/\/api.w.org\/{rel}","templated":true}]}}