{"id":7165,"date":"2025-05-05T09:12:35","date_gmt":"2025-05-05T07:12:35","guid":{"rendered":"http:\/\/kfd-dipperz.de\/?page_id=7165"},"modified":"2025-05-05T09:15:23","modified_gmt":"2025-05-05T07:15:23","slug":"maiandacht-2025","status":"publish","type":"page","link":"http:\/\/kfd-dipperz.de\/?page_id=7165","title":{"rendered":"Maiandacht 2025"},"content":{"rendered":"<p>Unter dem Thema &#8222;Wer ist Maria f\u00fcr mich?&#8220; stand die Maiandacht am 04.05.2025.<br \/>\nAndrea Goldbach vom Liturgie-Team begr\u00fc\u00dfte zahlreiche Menschen, die unserer Einladung zur Maiandacht an der Grotte in Dipperz gefolgt waren.<br \/>\nEine Gruppe von Musikern begleitete musikalisch die Andacht.<br \/>\nAm Ende spendete Pfarrer Kownacki allen Anwesenden noch den Segen und Andrea Goldbach bedankte sich bei allen f\u00fcr das gemeinsame Gebet und ihr Kommen.<br \/>\nDer Wettergott war uns hold geblieben und auch ein paar Sonnenstrahlen kamen w\u00e4hrend Andacht heraus.<\/p>\nngg_shortcode_0_placeholder\n","protected":false},"excerpt":{"rendered":"<p>Unter dem Thema &#8222;Wer ist Maria f\u00fcr mich?&#8220; stand die Maiandacht am 04.05.2025. Andrea Goldbach vom Liturgie-Team begr\u00fc\u00dfte zahlreiche Menschen, die unserer Einladung zur Maiandacht an der Grotte in Dipperz gefolgt waren. Eine Gruppe von Musikern begleitete musikalisch die Andacht. Am Ende spendete Pfarrer Kownacki allen Anwesenden noch den Segen und Andrea Goldbach bedankte sich &hellip; <a href=\"http:\/\/kfd-dipperz.de\/?page_id=7165\" class=\"more-link\"><span class=\"screen-reader-text\">Maiandacht 2025<\/span> weiterlesen<\/a><\/p>\n","protected":false},"author":2,"featured_media":0,"parent":0,"menu_order":0,"comment_status":"closed","ping_status":"closed","template":"","meta":{"ngg_post_thumbnail":0,"footnotes":""},"class_list":["post-7165","page","type-page","status-publish","hentry"],"_links":{"self":[{"href":"http:\/\/kfd-dipperz.de\/index.php?rest_route=\/wp\/v2\/pages\/7165","targetHints":{"allow":["GET"]}}],"collection":[{"href":"http:\/\/kfd-dipperz.de\/index.php?rest_route=\/wp\/v2\/pages"}],"about":[{"href":"http:\/\/kfd-dipperz.de\/index.php?rest_route=\/wp\/v2\/types\/page"}],"author":[{"embeddable":true,"href":"http:\/\/kfd-dipperz.de\/index.php?rest_route=\/wp\/v2\/users\/2"}],"replies":[{"embeddable":true,"href":"http:\/\/kfd-dipperz.de\/index.php?rest_route=%2Fwp%2Fv2%2Fcomments&post=7165"}],"version-history":[{"count":0,"href":"http:\/\/kfd-dipperz.de\/index.php?rest_route=\/wp\/v2\/pages\/7165\/revisions"}],"wp:attachment":[{"href":"http:\/\/kfd-dipperz.de\/index.php?rest_route=%2Fwp%2Fv2%2Fmedia&parent=7165"}],"curies":[{"name":"wp","href":"https:\/\/api.w.org\/{rel}","templated":true}]}}