{"id":7087,"date":"2025-03-28T08:38:39","date_gmt":"2025-03-28T07:38:39","guid":{"rendered":"http:\/\/kfd-dipperz.de\/?page_id=7087"},"modified":"2025-03-28T09:02:13","modified_gmt":"2025-03-28T08:02:13","slug":"jahreshauptversammlung-2025","status":"publish","type":"page","link":"http:\/\/kfd-dipperz.de\/?page_id=7087","title":{"rendered":"Jahreshauptversammlung 2025"},"content":{"rendered":"<p>Am 27.03.2025 fand die j\u00e4hrliche Jahreshauptversammlung der kfd Sankt Antonius Dipperz statt.<\/p>\n<p style=\"text-align: left;\">Die Sprecherin Andrea Goldbach begr\u00fc\u00dfte alle anwesenden Frauen im sch\u00f6n eingedeckten B\u00fcrgerhaus.<\/p>\n<p><a href=\"http:\/\/kfd-dipperz.de\/wp-content\/uploads\/2025\/03\/91fb43c6-884a-4a60-a3bf-626725fa162d.jpeg\"><img loading=\"lazy\" decoding=\"async\" class=\"aligncenter wp-image-7093\" src=\"http:\/\/kfd-dipperz.de\/wp-content\/uploads\/2025\/03\/91fb43c6-884a-4a60-a3bf-626725fa162d-300x139.jpeg\" alt=\"\" width=\"700\" height=\"323\" srcset=\"http:\/\/kfd-dipperz.de\/wp-content\/uploads\/2025\/03\/91fb43c6-884a-4a60-a3bf-626725fa162d-300x139.jpeg 300w, http:\/\/kfd-dipperz.de\/wp-content\/uploads\/2025\/03\/91fb43c6-884a-4a60-a3bf-626725fa162d-1024x473.jpeg 1024w, http:\/\/kfd-dipperz.de\/wp-content\/uploads\/2025\/03\/91fb43c6-884a-4a60-a3bf-626725fa162d-768x355.jpeg 768w, http:\/\/kfd-dipperz.de\/wp-content\/uploads\/2025\/03\/91fb43c6-884a-4a60-a3bf-626725fa162d-1536x709.jpeg 1536w, http:\/\/kfd-dipperz.de\/wp-content\/uploads\/2025\/03\/91fb43c6-884a-4a60-a3bf-626725fa162d.jpeg 1600w\" sizes=\"auto, (max-width: 700px) 100vw, 700px\" \/><\/a><\/p>\n<p style=\"text-align: left;\">Nach der Begr\u00fc\u00dfung wurde zun\u00e4chst an die verstorbenen kfd-Mitgliederinnen gedacht.<\/p>\n<p style=\"text-align: left;\"><a href=\"http:\/\/kfd-dipperz.de\/wp-content\/uploads\/2025\/03\/1a6d0988-abb2-4d4a-8953-ae263b1b62b3.jpeg\"><img loading=\"lazy\" decoding=\"async\" class=\"aligncenter wp-image-7091\" src=\"http:\/\/kfd-dipperz.de\/wp-content\/uploads\/2025\/03\/1a6d0988-abb2-4d4a-8953-ae263b1b62b3-300x139.jpeg\" alt=\"\" width=\"700\" height=\"323\" srcset=\"http:\/\/kfd-dipperz.de\/wp-content\/uploads\/2025\/03\/1a6d0988-abb2-4d4a-8953-ae263b1b62b3-300x139.jpeg 300w, http:\/\/kfd-dipperz.de\/wp-content\/uploads\/2025\/03\/1a6d0988-abb2-4d4a-8953-ae263b1b62b3-1024x473.jpeg 1024w, http:\/\/kfd-dipperz.de\/wp-content\/uploads\/2025\/03\/1a6d0988-abb2-4d4a-8953-ae263b1b62b3-768x355.jpeg 768w, http:\/\/kfd-dipperz.de\/wp-content\/uploads\/2025\/03\/1a6d0988-abb2-4d4a-8953-ae263b1b62b3-1536x710.jpeg 1536w, http:\/\/kfd-dipperz.de\/wp-content\/uploads\/2025\/03\/1a6d0988-abb2-4d4a-8953-ae263b1b62b3.jpeg 2000w\" sizes=\"auto, (max-width: 700px) 100vw, 700px\" \/><\/a>Die Sprecherin informierte die Versammlung, dass die einzelnen Teams sehr gut gearbeitet h\u00e4tten und man positiv in die Zukunft der kfd Dipperz blicken k\u00f6nne.<\/p>\n<p>Im Anschluss daran gab Andrea Goldbach einen sch\u00f6nen Jahresr\u00fcckblick in Bildern wieder.<\/p>\n<p style=\"text-align: left;\"><a href=\"http:\/\/kfd-dipperz.de\/wp-content\/uploads\/2025\/03\/f5f018fe-d308-4edb-adb8-839e51bfc75e.jpeg\"><img loading=\"lazy\" decoding=\"async\" class=\"aligncenter wp-image-7094\" src=\"http:\/\/kfd-dipperz.de\/wp-content\/uploads\/2025\/03\/f5f018fe-d308-4edb-adb8-839e51bfc75e-300x139.jpeg\" alt=\"\" width=\"700\" height=\"323\" srcset=\"http:\/\/kfd-dipperz.de\/wp-content\/uploads\/2025\/03\/f5f018fe-d308-4edb-adb8-839e51bfc75e-300x139.jpeg 300w, http:\/\/kfd-dipperz.de\/wp-content\/uploads\/2025\/03\/f5f018fe-d308-4edb-adb8-839e51bfc75e-1024x473.jpeg 1024w, http:\/\/kfd-dipperz.de\/wp-content\/uploads\/2025\/03\/f5f018fe-d308-4edb-adb8-839e51bfc75e-768x355.jpeg 768w, http:\/\/kfd-dipperz.de\/wp-content\/uploads\/2025\/03\/f5f018fe-d308-4edb-adb8-839e51bfc75e-1536x710.jpeg 1536w, http:\/\/kfd-dipperz.de\/wp-content\/uploads\/2025\/03\/f5f018fe-d308-4edb-adb8-839e51bfc75e.jpeg 2000w\" sizes=\"auto, (max-width: 700px) 100vw, 700px\" \/><\/a>Weiterhin informierte Andrea Goldbach die Versammlung \u00fcber neue Termine in 2025\/2026.<\/p>\n<p><a href=\"http:\/\/kfd-dipperz.de\/wp-content\/uploads\/2025\/03\/2c84b110-3f43-423d-bce5-99e23b44109b.jpeg\"><img loading=\"lazy\" decoding=\"async\" class=\"aligncenter wp-image-7092\" src=\"http:\/\/kfd-dipperz.de\/wp-content\/uploads\/2025\/03\/2c84b110-3f43-423d-bce5-99e23b44109b-300x231.jpeg\" alt=\"\" width=\"700\" height=\"539\" srcset=\"http:\/\/kfd-dipperz.de\/wp-content\/uploads\/2025\/03\/2c84b110-3f43-423d-bce5-99e23b44109b-300x231.jpeg 300w, http:\/\/kfd-dipperz.de\/wp-content\/uploads\/2025\/03\/2c84b110-3f43-423d-bce5-99e23b44109b-1024x788.jpeg 1024w, http:\/\/kfd-dipperz.de\/wp-content\/uploads\/2025\/03\/2c84b110-3f43-423d-bce5-99e23b44109b-768x591.jpeg 768w, http:\/\/kfd-dipperz.de\/wp-content\/uploads\/2025\/03\/2c84b110-3f43-423d-bce5-99e23b44109b-1536x1182.jpeg 1536w, http:\/\/kfd-dipperz.de\/wp-content\/uploads\/2025\/03\/2c84b110-3f43-423d-bce5-99e23b44109b.jpeg 2048w\" sizes=\"auto, (max-width: 700px) 100vw, 700px\" \/><\/a>\u00dcber ihre 25j\u00e4hrige Mitgliedschaft konnten sich Alexandra \u00dcbelacker und Carmen M\u00fcglich freuen. Andrea Goldbach ehrte die anwesenden Frauen mit einer Urkunde und einem kleinen Blumenpr\u00e4sent.<\/p>\n<p>Zum Ende der Versammlung verbrachten unsere Frauen gem\u00fctlich bei einem leckeren Imbiss und guten Gespr\u00e4chen noch ein paar sch\u00f6ne Stunden zusammen.<\/p>\n","protected":false},"excerpt":{"rendered":"<p>Am 27.03.2025 fand die j\u00e4hrliche Jahreshauptversammlung der kfd Sankt Antonius Dipperz statt. Die Sprecherin Andrea Goldbach begr\u00fc\u00dfte alle anwesenden Frauen im sch\u00f6n eingedeckten B\u00fcrgerhaus. Nach der Begr\u00fc\u00dfung wurde zun\u00e4chst an die verstorbenen kfd-Mitgliederinnen gedacht. Die Sprecherin informierte die Versammlung, dass die einzelnen Teams sehr gut gearbeitet h\u00e4tten und man positiv in die Zukunft der kfd &hellip; <a href=\"http:\/\/kfd-dipperz.de\/?page_id=7087\" class=\"more-link\"><span class=\"screen-reader-text\">Jahreshauptversammlung 2025<\/span> weiterlesen<\/a><\/p>\n","protected":false},"author":2,"featured_media":0,"parent":0,"menu_order":0,"comment_status":"closed","ping_status":"closed","template":"","meta":{"ngg_post_thumbnail":0,"footnotes":""},"class_list":["post-7087","page","type-page","status-publish","hentry"],"_links":{"self":[{"href":"http:\/\/kfd-dipperz.de\/index.php?rest_route=\/wp\/v2\/pages\/7087","targetHints":{"allow":["GET"]}}],"collection":[{"href":"http:\/\/kfd-dipperz.de\/index.php?rest_route=\/wp\/v2\/pages"}],"about":[{"href":"http:\/\/kfd-dipperz.de\/index.php?rest_route=\/wp\/v2\/types\/page"}],"author":[{"embeddable":true,"href":"http:\/\/kfd-dipperz.de\/index.php?rest_route=\/wp\/v2\/users\/2"}],"replies":[{"embeddable":true,"href":"http:\/\/kfd-dipperz.de\/index.php?rest_route=%2Fwp%2Fv2%2Fcomments&post=7087"}],"version-history":[{"count":0,"href":"http:\/\/kfd-dipperz.de\/index.php?rest_route=\/wp\/v2\/pages\/7087\/revisions"}],"wp:attachment":[{"href":"http:\/\/kfd-dipperz.de\/index.php?rest_route=%2Fwp%2Fv2%2Fmedia&parent=7087"}],"curies":[{"name":"wp","href":"https:\/\/api.w.org\/{rel}","templated":true}]}}