{"id":6721,"date":"2024-10-22T15:42:52","date_gmt":"2024-10-22T13:42:52","guid":{"rendered":"http:\/\/kfd-dipperz.de\/?page_id=6721"},"modified":"2024-10-22T15:54:59","modified_gmt":"2024-10-22T13:54:59","slug":"bastelstube-2024","status":"publish","type":"page","link":"http:\/\/kfd-dipperz.de\/?page_id=6721","title":{"rendered":"Bastelstube 2024"},"content":{"rendered":"<p style=\"text-align: center;\">Am 21.10.24 haben wir uns zum Basteln getroffen, um sch\u00f6ne Weihnachtsdekoration f\u00fcr unseren Adventsbasar zu basteln.<\/p>\n<p style=\"text-align: center;\">Ein herzliches Dankesch\u00f6n an alle flei\u00dfigen Bastlerinnen.<\/p>\n<p><a href=\"http:\/\/kfd-dipperz.de\/wp-content\/uploads\/2024\/10\/kfd-bastelstube-2024.jpeg\"><img loading=\"lazy\" decoding=\"async\" class=\"aligncenter wp-image-6722 size-large\" src=\"http:\/\/kfd-dipperz.de\/wp-content\/uploads\/2024\/10\/kfd-bastelstube-2024-768x1024.jpeg\" alt=\"\" width=\"660\" height=\"880\" srcset=\"http:\/\/kfd-dipperz.de\/wp-content\/uploads\/2024\/10\/kfd-bastelstube-2024-768x1024.jpeg 768w, http:\/\/kfd-dipperz.de\/wp-content\/uploads\/2024\/10\/kfd-bastelstube-2024-225x300.jpeg 225w, http:\/\/kfd-dipperz.de\/wp-content\/uploads\/2024\/10\/kfd-bastelstube-2024-1152x1536.jpeg 1152w, http:\/\/kfd-dipperz.de\/wp-content\/uploads\/2024\/10\/kfd-bastelstube-2024.jpeg 1512w\" sizes=\"auto, (max-width: 660px) 100vw, 660px\" \/><\/a><\/p>\n","protected":false},"excerpt":{"rendered":"<p>Am 21.10.24 haben wir uns zum Basteln getroffen, um sch\u00f6ne Weihnachtsdekoration f\u00fcr unseren Adventsbasar zu basteln. Ein herzliches Dankesch\u00f6n an alle flei\u00dfigen Bastlerinnen.<\/p>\n","protected":false},"author":2,"featured_media":0,"parent":0,"menu_order":0,"comment_status":"closed","ping_status":"closed","template":"","meta":{"ngg_post_thumbnail":0,"footnotes":""},"class_list":["post-6721","page","type-page","status-publish","hentry"],"_links":{"self":[{"href":"http:\/\/kfd-dipperz.de\/index.php?rest_route=\/wp\/v2\/pages\/6721","targetHints":{"allow":["GET"]}}],"collection":[{"href":"http:\/\/kfd-dipperz.de\/index.php?rest_route=\/wp\/v2\/pages"}],"about":[{"href":"http:\/\/kfd-dipperz.de\/index.php?rest_route=\/wp\/v2\/types\/page"}],"author":[{"embeddable":true,"href":"http:\/\/kfd-dipperz.de\/index.php?rest_route=\/wp\/v2\/users\/2"}],"replies":[{"embeddable":true,"href":"http:\/\/kfd-dipperz.de\/index.php?rest_route=%2Fwp%2Fv2%2Fcomments&post=6721"}],"version-history":[{"count":0,"href":"http:\/\/kfd-dipperz.de\/index.php?rest_route=\/wp\/v2\/pages\/6721\/revisions"}],"wp:attachment":[{"href":"http:\/\/kfd-dipperz.de\/index.php?rest_route=%2Fwp%2Fv2%2Fmedia&parent=6721"}],"curies":[{"name":"wp","href":"https:\/\/api.w.org\/{rel}","templated":true}]}}