{"id":6691,"date":"2024-09-13T09:59:40","date_gmt":"2024-09-13T07:59:40","guid":{"rendered":"http:\/\/kfd-dipperz.de\/?page_id=6691"},"modified":"2024-09-13T11:01:22","modified_gmt":"2024-09-13T09:01:22","slug":"fahrradtour-22-09-2024","status":"publish","type":"page","link":"http:\/\/kfd-dipperz.de\/?page_id=6691","title":{"rendered":"Fahrradtour 12.09.2024"},"content":{"rendered":"<p style=\"text-align: left;\">&#8222;Nimm dir einmal Zeit!&#8220;<br \/>\nSo fand unter diesem Motto die diesj\u00e4hrige 2. kfd-E-Bike Tour am 12.09.24 statt.<\/p>\n<p style=\"text-align: left;\"><a href=\"http:\/\/kfd-dipperz.de\/wp-content\/uploads\/2024\/09\/03_IMG-20240912-WA0058.jpg\"><img loading=\"lazy\" decoding=\"async\" class=\"aligncenter wp-image-6698\" src=\"http:\/\/kfd-dipperz.de\/wp-content\/uploads\/2024\/09\/03_IMG-20240912-WA0058-300x225.jpg\" alt=\"\" width=\"500\" height=\"375\" srcset=\"http:\/\/kfd-dipperz.de\/wp-content\/uploads\/2024\/09\/03_IMG-20240912-WA0058-300x225.jpg 300w, http:\/\/kfd-dipperz.de\/wp-content\/uploads\/2024\/09\/03_IMG-20240912-WA0058-1024x768.jpg 1024w, http:\/\/kfd-dipperz.de\/wp-content\/uploads\/2024\/09\/03_IMG-20240912-WA0058-768x576.jpg 768w, http:\/\/kfd-dipperz.de\/wp-content\/uploads\/2024\/09\/03_IMG-20240912-WA0058-1536x1152.jpg 1536w, http:\/\/kfd-dipperz.de\/wp-content\/uploads\/2024\/09\/03_IMG-20240912-WA0058.jpg 2016w\" sizes=\"auto, (max-width: 500px) 100vw, 500px\" \/><\/a><br \/>\nGut ger\u00fcstet trotzten 12 Frauen trotz schlechter Wetterprognose dem Wetter und starteten die E-Bike-Tour der kfd Dipperz.<\/p>\n<p><a href=\"http:\/\/kfd-dipperz.de\/wp-content\/uploads\/2024\/09\/04_IMG-20240912-WA0054.jpg\"><img loading=\"lazy\" decoding=\"async\" class=\"aligncenter wp-image-6699\" src=\"http:\/\/kfd-dipperz.de\/wp-content\/uploads\/2024\/09\/04_IMG-20240912-WA0054-300x225.jpg\" alt=\"\" width=\"500\" height=\"375\" srcset=\"http:\/\/kfd-dipperz.de\/wp-content\/uploads\/2024\/09\/04_IMG-20240912-WA0054-300x225.jpg 300w, http:\/\/kfd-dipperz.de\/wp-content\/uploads\/2024\/09\/04_IMG-20240912-WA0054-1024x768.jpg 1024w, http:\/\/kfd-dipperz.de\/wp-content\/uploads\/2024\/09\/04_IMG-20240912-WA0054-768x576.jpg 768w, http:\/\/kfd-dipperz.de\/wp-content\/uploads\/2024\/09\/04_IMG-20240912-WA0054-1536x1152.jpg 1536w, http:\/\/kfd-dipperz.de\/wp-content\/uploads\/2024\/09\/04_IMG-20240912-WA0054.jpg 2016w\" sizes=\"auto, (max-width: 500px) 100vw, 500px\" \/><\/a><\/p>\n<p><a href=\"http:\/\/kfd-dipperz.de\/wp-content\/uploads\/2024\/09\/05_IMG-20240912-WA0018.jpg\"><img loading=\"lazy\" decoding=\"async\" class=\"aligncenter wp-image-6700\" src=\"http:\/\/kfd-dipperz.de\/wp-content\/uploads\/2024\/09\/05_IMG-20240912-WA0018-300x199.jpg\" alt=\"\" width=\"500\" height=\"332\" srcset=\"http:\/\/kfd-dipperz.de\/wp-content\/uploads\/2024\/09\/05_IMG-20240912-WA0018-300x199.jpg 300w, http:\/\/kfd-dipperz.de\/wp-content\/uploads\/2024\/09\/05_IMG-20240912-WA0018-768x510.jpg 768w, http:\/\/kfd-dipperz.de\/wp-content\/uploads\/2024\/09\/05_IMG-20240912-WA0018.jpg 907w\" sizes=\"auto, (max-width: 500px) 100vw, 500px\" \/><\/a><\/p>\n<p style=\"text-align: left;\">Die Tour f\u00fchrte die Frauen von Dipperz nach Niederbieber, Traisbach, Dammersbach und von da aus \u00fcber R\u00fcckers nach Sargenzell zum Fr\u00fcchteteppich.<\/p>\n<p style=\"text-align: left;\"><a href=\"http:\/\/kfd-dipperz.de\/wp-content\/uploads\/2024\/09\/06_IMG-20240912-WA0042.jpg\"><img loading=\"lazy\" decoding=\"async\" class=\"aligncenter wp-image-6701\" src=\"http:\/\/kfd-dipperz.de\/wp-content\/uploads\/2024\/09\/06_IMG-20240912-WA0042-225x300.jpg\" alt=\"\" width=\"400\" height=\"533\" srcset=\"http:\/\/kfd-dipperz.de\/wp-content\/uploads\/2024\/09\/06_IMG-20240912-WA0042-225x300.jpg 225w, http:\/\/kfd-dipperz.de\/wp-content\/uploads\/2024\/09\/06_IMG-20240912-WA0042-768x1024.jpg 768w, http:\/\/kfd-dipperz.de\/wp-content\/uploads\/2024\/09\/06_IMG-20240912-WA0042-1152x1536.jpg 1152w, http:\/\/kfd-dipperz.de\/wp-content\/uploads\/2024\/09\/06_IMG-20240912-WA0042.jpg 1512w\" sizes=\"auto, (max-width: 400px) 100vw, 400px\" \/><\/a><br \/>\nIn der Kirche konnten alle mitgefahrenen Frauen dann den diesj\u00e4hrigen Fr\u00fcchteteppich mit dem Thema &#8222;Der Turmbau zu Babel&#8220; bestaunen.<br \/>\nEin Mann der dortigen Kirche erkl\u00e4rte allen Frauen die Geschichte dazu und welche Farben mit welchen nat\u00fcrlichen Arbeitsmaterialien verwendet wurden.<br \/>\nWie der Fr\u00fcchteteppich der Sargenzeller Frauen gestaltet wurde, war einzigartig.<br \/>\nNach kurzer Pause ging es von Sargenzell weiter \u00fcber den Prafhorst nach Marbach.<br \/>\nTrotz des durchwachsenen Wetters war die Stimmung gut und die Frauen kehrten in Marbach ein, um sich bei guten Gespr\u00e4chen mit Kaffee und Kuchen aufzuw\u00e4rmen und zu st\u00e4rken.<\/p>\n<p style=\"text-align: left;\"><a href=\"http:\/\/kfd-dipperz.de\/wp-content\/uploads\/2024\/09\/07_IMG-20240912-WA0038.jpg\"><img loading=\"lazy\" decoding=\"async\" class=\"aligncenter wp-image-6702\" src=\"http:\/\/kfd-dipperz.de\/wp-content\/uploads\/2024\/09\/07_IMG-20240912-WA0038-300x177.jpg\" alt=\"\" width=\"500\" height=\"294\" srcset=\"http:\/\/kfd-dipperz.de\/wp-content\/uploads\/2024\/09\/07_IMG-20240912-WA0038-300x177.jpg 300w, http:\/\/kfd-dipperz.de\/wp-content\/uploads\/2024\/09\/07_IMG-20240912-WA0038-1024x603.jpg 1024w, http:\/\/kfd-dipperz.de\/wp-content\/uploads\/2024\/09\/07_IMG-20240912-WA0038-768x452.jpg 768w, http:\/\/kfd-dipperz.de\/wp-content\/uploads\/2024\/09\/07_IMG-20240912-WA0038.jpg 1425w\" sizes=\"auto, (max-width: 500px) 100vw, 500px\" \/><\/a><br \/>\nDer Wettergott war uns hold und es ging \u00fcber den Haunestausee dann zur\u00fcck nach Dipperz.<\/p>\n<p><a href=\"http:\/\/kfd-dipperz.de\/wp-content\/uploads\/2024\/09\/08_IMG-20240912-WA0040.jpg\"><img loading=\"lazy\" decoding=\"async\" class=\"aligncenter wp-image-6703\" src=\"http:\/\/kfd-dipperz.de\/wp-content\/uploads\/2024\/09\/08_IMG-20240912-WA0040-300x225.jpg\" alt=\"\" width=\"500\" height=\"375\" srcset=\"http:\/\/kfd-dipperz.de\/wp-content\/uploads\/2024\/09\/08_IMG-20240912-WA0040-300x225.jpg 300w, http:\/\/kfd-dipperz.de\/wp-content\/uploads\/2024\/09\/08_IMG-20240912-WA0040-1024x768.jpg 1024w, http:\/\/kfd-dipperz.de\/wp-content\/uploads\/2024\/09\/08_IMG-20240912-WA0040-768x576.jpg 768w, http:\/\/kfd-dipperz.de\/wp-content\/uploads\/2024\/09\/08_IMG-20240912-WA0040-1536x1152.jpg 1536w, http:\/\/kfd-dipperz.de\/wp-content\/uploads\/2024\/09\/08_IMG-20240912-WA0040.jpg 2016w\" sizes=\"auto, (max-width: 500px) 100vw, 500px\" \/><\/a><\/p>\n<p style=\"text-align: left;\">Christine M\u00fcller, die die Tour organisiert hatte, bedankte sich bei allen mitgefahrenen Frauen, die die 45 km toll durchgehalten hatten.<br \/>\nEs war wieder klasse mit Euch und die kfd Dipperz freut sich auf ein Wiedersehen.<\/p>\n","protected":false},"excerpt":{"rendered":"<p>&#8222;Nimm dir einmal Zeit!&#8220; So fand unter diesem Motto die diesj\u00e4hrige 2. kfd-E-Bike Tour am 12.09.24 statt. Gut ger\u00fcstet trotzten 12 Frauen trotz schlechter Wetterprognose dem Wetter und starteten die E-Bike-Tour der kfd Dipperz. Die Tour f\u00fchrte die Frauen von Dipperz nach Niederbieber, Traisbach, Dammersbach und von da aus \u00fcber R\u00fcckers nach Sargenzell zum Fr\u00fcchteteppich. &hellip; <a href=\"http:\/\/kfd-dipperz.de\/?page_id=6691\" class=\"more-link\"><span class=\"screen-reader-text\">Fahrradtour 12.09.2024<\/span> weiterlesen<\/a><\/p>\n","protected":false},"author":2,"featured_media":0,"parent":0,"menu_order":0,"comment_status":"closed","ping_status":"closed","template":"","meta":{"ngg_post_thumbnail":0,"footnotes":""},"class_list":["post-6691","page","type-page","status-publish","hentry"],"_links":{"self":[{"href":"http:\/\/kfd-dipperz.de\/index.php?rest_route=\/wp\/v2\/pages\/6691","targetHints":{"allow":["GET"]}}],"collection":[{"href":"http:\/\/kfd-dipperz.de\/index.php?rest_route=\/wp\/v2\/pages"}],"about":[{"href":"http:\/\/kfd-dipperz.de\/index.php?rest_route=\/wp\/v2\/types\/page"}],"author":[{"embeddable":true,"href":"http:\/\/kfd-dipperz.de\/index.php?rest_route=\/wp\/v2\/users\/2"}],"replies":[{"embeddable":true,"href":"http:\/\/kfd-dipperz.de\/index.php?rest_route=%2Fwp%2Fv2%2Fcomments&post=6691"}],"version-history":[{"count":0,"href":"http:\/\/kfd-dipperz.de\/index.php?rest_route=\/wp\/v2\/pages\/6691\/revisions"}],"wp:attachment":[{"href":"http:\/\/kfd-dipperz.de\/index.php?rest_route=%2Fwp%2Fv2%2Fmedia&parent=6691"}],"curies":[{"name":"wp","href":"https:\/\/api.w.org\/{rel}","templated":true}]}}