{"id":6618,"date":"2024-08-29T08:45:47","date_gmt":"2024-08-29T06:45:47","guid":{"rendered":"http:\/\/kfd-dipperz.de\/?page_id=6618"},"modified":"2024-08-29T12:13:50","modified_gmt":"2024-08-29T10:13:50","slug":"sommerkaffee-2024","status":"publish","type":"page","link":"http:\/\/kfd-dipperz.de\/?page_id=6618","title":{"rendered":"Sommerkaffee 2024"},"content":{"rendered":"<p>Bei besten Wetter fand am Dienstag 27.08.24 unser Sommerkaffee im Pfarrheim- garten statt.<a href=\"http:\/\/kfd-dipperz.de\/wp-content\/uploads\/2024\/08\/kfd-Sommerkaffee-2024-3.jpg\"><img loading=\"lazy\" decoding=\"async\" class=\"wp-image-6622 aligncenter\" src=\"http:\/\/kfd-dipperz.de\/wp-content\/uploads\/2024\/08\/kfd-Sommerkaffee-2024-3-226x300.jpg\" alt=\"\" width=\"400\" height=\"531\" srcset=\"http:\/\/kfd-dipperz.de\/wp-content\/uploads\/2024\/08\/kfd-Sommerkaffee-2024-3-226x300.jpg 226w, http:\/\/kfd-dipperz.de\/wp-content\/uploads\/2024\/08\/kfd-Sommerkaffee-2024-3-771x1024.jpg 771w, http:\/\/kfd-dipperz.de\/wp-content\/uploads\/2024\/08\/kfd-Sommerkaffee-2024-3-768x1020.jpg 768w, http:\/\/kfd-dipperz.de\/wp-content\/uploads\/2024\/08\/kfd-Sommerkaffee-2024-3.jpg 1080w\" sizes=\"auto, (max-width: 400px) 100vw, 400px\" \/><\/a><br \/>\nLiebevoll hatte das Vorbereitungsteam (Petra Link, Christine M\u00fcller,<br \/>\nAnke M\u00fcller, Gaby Bethmann und Andrea Goldbach) ein schattiges Pl\u00e4tzchen unter den B\u00e4umen am Brunnen hergerichtet.<\/p>\n<p><a href=\"http:\/\/kfd-dipperz.de\/wp-content\/uploads\/2024\/08\/kfd-Sommerkaffee-2024-2.jpg\"><img loading=\"lazy\" decoding=\"async\" class=\"wp-image-6621 aligncenter\" src=\"http:\/\/kfd-dipperz.de\/wp-content\/uploads\/2024\/08\/kfd-Sommerkaffee-2024-2-265x300.jpg\" alt=\"\" width=\"400\" height=\"453\" srcset=\"http:\/\/kfd-dipperz.de\/wp-content\/uploads\/2024\/08\/kfd-Sommerkaffee-2024-2-265x300.jpg 265w, http:\/\/kfd-dipperz.de\/wp-content\/uploads\/2024\/08\/kfd-Sommerkaffee-2024-2-904x1024.jpg 904w, http:\/\/kfd-dipperz.de\/wp-content\/uploads\/2024\/08\/kfd-Sommerkaffee-2024-2-768x870.jpg 768w, http:\/\/kfd-dipperz.de\/wp-content\/uploads\/2024\/08\/kfd-Sommerkaffee-2024-2.jpg 1080w\" sizes=\"auto, (max-width: 400px) 100vw, 400px\" \/><\/a><\/p>\n<p><a href=\"http:\/\/kfd-dipperz.de\/wp-content\/uploads\/2024\/08\/kfd-Sommerkaffee-2024-7.jpg\"><img loading=\"lazy\" decoding=\"async\" class=\"wp-image-6625 aligncenter\" src=\"http:\/\/kfd-dipperz.de\/wp-content\/uploads\/2024\/08\/kfd-Sommerkaffee-2024-7-225x300.jpg\" alt=\"\" width=\"400\" height=\"533\" srcset=\"http:\/\/kfd-dipperz.de\/wp-content\/uploads\/2024\/08\/kfd-Sommerkaffee-2024-7-225x300.jpg 225w, http:\/\/kfd-dipperz.de\/wp-content\/uploads\/2024\/08\/kfd-Sommerkaffee-2024-7-768x1024.jpg 768w, http:\/\/kfd-dipperz.de\/wp-content\/uploads\/2024\/08\/kfd-Sommerkaffee-2024-7.jpg 1080w\" sizes=\"auto, (max-width: 400px) 100vw, 400px\" \/><\/a><\/p>\n<p>Zahlreiche Frauen aus der ganzen Gemeinde waren unserer Einladung gefolgt und genossen den sch\u00f6nen sonnigen Nachmittag bei gutem Kaffee und leckerem selbst gebackenem Kuchen.<\/p>\n<p><a href=\"http:\/\/kfd-dipperz.de\/wp-content\/uploads\/2024\/08\/kfd-Sommerkaffee-2024-4.jpg\"><img loading=\"lazy\" decoding=\"async\" class=\"wp-image-6623 aligncenter\" src=\"http:\/\/kfd-dipperz.de\/wp-content\/uploads\/2024\/08\/kfd-Sommerkaffee-2024-4-300x225.jpg\" alt=\"\" width=\"400\" height=\"300\" srcset=\"http:\/\/kfd-dipperz.de\/wp-content\/uploads\/2024\/08\/kfd-Sommerkaffee-2024-4-300x225.jpg 300w, http:\/\/kfd-dipperz.de\/wp-content\/uploads\/2024\/08\/kfd-Sommerkaffee-2024-4-1024x768.jpg 1024w, http:\/\/kfd-dipperz.de\/wp-content\/uploads\/2024\/08\/kfd-Sommerkaffee-2024-4-768x576.jpg 768w, http:\/\/kfd-dipperz.de\/wp-content\/uploads\/2024\/08\/kfd-Sommerkaffee-2024-4.jpg 1080w\" sizes=\"auto, (max-width: 400px) 100vw, 400px\" \/><\/a><\/p>\n<p><a href=\"http:\/\/kfd-dipperz.de\/wp-content\/uploads\/2024\/08\/kfd-Sommerkaffee-2024-5.jpg\"><img loading=\"lazy\" decoding=\"async\" class=\"wp-image-6624 aligncenter\" src=\"http:\/\/kfd-dipperz.de\/wp-content\/uploads\/2024\/08\/kfd-Sommerkaffee-2024-5-300x264.jpg\" alt=\"\" width=\"400\" height=\"352\" srcset=\"http:\/\/kfd-dipperz.de\/wp-content\/uploads\/2024\/08\/kfd-Sommerkaffee-2024-5-300x264.jpg 300w, http:\/\/kfd-dipperz.de\/wp-content\/uploads\/2024\/08\/kfd-Sommerkaffee-2024-5-768x675.jpg 768w, http:\/\/kfd-dipperz.de\/wp-content\/uploads\/2024\/08\/kfd-Sommerkaffee-2024-5.jpg 916w\" sizes=\"auto, (max-width: 400px) 100vw, 400px\" \/><\/a><\/p>\n<p><a href=\"http:\/\/kfd-dipperz.de\/wp-content\/uploads\/2024\/08\/kfd-Sommerkaffee-2024-6.jpg\"><img loading=\"lazy\" decoding=\"async\" class=\"wp-image-6631 aligncenter\" src=\"http:\/\/kfd-dipperz.de\/wp-content\/uploads\/2024\/08\/kfd-Sommerkaffee-2024-6-300x260.jpg\" alt=\"\" width=\"400\" height=\"346\" srcset=\"http:\/\/kfd-dipperz.de\/wp-content\/uploads\/2024\/08\/kfd-Sommerkaffee-2024-6-300x260.jpg 300w, http:\/\/kfd-dipperz.de\/wp-content\/uploads\/2024\/08\/kfd-Sommerkaffee-2024-6-1024x886.jpg 1024w, http:\/\/kfd-dipperz.de\/wp-content\/uploads\/2024\/08\/kfd-Sommerkaffee-2024-6-768x665.jpg 768w, http:\/\/kfd-dipperz.de\/wp-content\/uploads\/2024\/08\/kfd-Sommerkaffee-2024-6-1536x1329.jpg 1536w, http:\/\/kfd-dipperz.de\/wp-content\/uploads\/2024\/08\/kfd-Sommerkaffee-2024-6-2048x1772.jpg 2048w\" sizes=\"auto, (max-width: 400px) 100vw, 400px\" \/><\/a><\/p>\n<p>Es war ein rundum gelungener Nachmittag mit sch\u00f6nen Begegnungen und tollen Gespr\u00e4chen.<\/p>\n<p>Wir freuen uns auf ein Wiedersehen.<\/p>\n<p><a href=\"http:\/\/kfd-dipperz.de\/wp-content\/uploads\/2024\/08\/Einladung-Sommerkaffee.jpg\"><img loading=\"lazy\" decoding=\"async\" class=\"wp-image-6608 aligncenter\" src=\"http:\/\/kfd-dipperz.de\/wp-content\/uploads\/2024\/08\/Einladung-Sommerkaffee-216x300.jpg\" alt=\"\" width=\"400\" height=\"556\" srcset=\"http:\/\/kfd-dipperz.de\/wp-content\/uploads\/2024\/08\/Einladung-Sommerkaffee-216x300.jpg 216w, http:\/\/kfd-dipperz.de\/wp-content\/uploads\/2024\/08\/Einladung-Sommerkaffee-737x1024.jpg 737w, http:\/\/kfd-dipperz.de\/wp-content\/uploads\/2024\/08\/Einladung-Sommerkaffee.jpg 761w\" sizes=\"auto, (max-width: 400px) 100vw, 400px\" \/><\/a><\/p>\n","protected":false},"excerpt":{"rendered":"<p>Bei besten Wetter fand am Dienstag 27.08.24 unser Sommerkaffee im Pfarrheim- garten statt. Liebevoll hatte das Vorbereitungsteam (Petra Link, Christine M\u00fcller, Anke M\u00fcller, Gaby Bethmann und Andrea Goldbach) ein schattiges Pl\u00e4tzchen unter den B\u00e4umen am Brunnen hergerichtet. Zahlreiche Frauen aus der ganzen Gemeinde waren unserer Einladung gefolgt und genossen den sch\u00f6nen sonnigen Nachmittag bei gutem &hellip; <a href=\"http:\/\/kfd-dipperz.de\/?page_id=6618\" class=\"more-link\"><span class=\"screen-reader-text\">Sommerkaffee 2024<\/span> weiterlesen<\/a><\/p>\n","protected":false},"author":2,"featured_media":0,"parent":0,"menu_order":0,"comment_status":"closed","ping_status":"closed","template":"","meta":{"ngg_post_thumbnail":0,"footnotes":""},"class_list":["post-6618","page","type-page","status-publish","hentry"],"_links":{"self":[{"href":"http:\/\/kfd-dipperz.de\/index.php?rest_route=\/wp\/v2\/pages\/6618","targetHints":{"allow":["GET"]}}],"collection":[{"href":"http:\/\/kfd-dipperz.de\/index.php?rest_route=\/wp\/v2\/pages"}],"about":[{"href":"http:\/\/kfd-dipperz.de\/index.php?rest_route=\/wp\/v2\/types\/page"}],"author":[{"embeddable":true,"href":"http:\/\/kfd-dipperz.de\/index.php?rest_route=\/wp\/v2\/users\/2"}],"replies":[{"embeddable":true,"href":"http:\/\/kfd-dipperz.de\/index.php?rest_route=%2Fwp%2Fv2%2Fcomments&post=6618"}],"version-history":[{"count":0,"href":"http:\/\/kfd-dipperz.de\/index.php?rest_route=\/wp\/v2\/pages\/6618\/revisions"}],"wp:attachment":[{"href":"http:\/\/kfd-dipperz.de\/index.php?rest_route=%2Fwp%2Fv2%2Fmedia&parent=6618"}],"curies":[{"name":"wp","href":"https:\/\/api.w.org\/{rel}","templated":true}]}}