{"id":6333,"date":"2024-06-30T09:54:12","date_gmt":"2024-06-30T07:54:12","guid":{"rendered":"http:\/\/kfd-dipperz.de\/?page_id=6333"},"modified":"2024-07-01T17:36:18","modified_gmt":"2024-07-01T15:36:18","slug":"frauenausflug-2024","status":"publish","type":"page","link":"http:\/\/kfd-dipperz.de\/?page_id=6333","title":{"rendered":"Frauenausflug 2024"},"content":{"rendered":"<p><strong>Ausflug zur Mainschleife nach Volkach<\/strong><\/p>\n<p>Bei bestem Sommerwetter machten sich 55 Frauen am Freitag 28.06.24 zum j\u00e4hrlich traditionellen Frauenausflug zur Mainschleife ins fr\u00e4nkische Volkach auf.<\/p>\n<p><a href=\"http:\/\/kfd-dipperz.de\/wp-content\/uploads\/2024\/07\/05_08_20240628_123804-scaled.jpg\"><img loading=\"lazy\" decoding=\"async\" class=\"aligncenter wp-image-6337 size-large\" src=\"http:\/\/kfd-dipperz.de\/wp-content\/uploads\/2024\/07\/05_08_20240628_123804-1024x608.jpg\" alt=\"\" width=\"660\" height=\"392\" srcset=\"http:\/\/kfd-dipperz.de\/wp-content\/uploads\/2024\/07\/05_08_20240628_123804-1024x608.jpg 1024w, http:\/\/kfd-dipperz.de\/wp-content\/uploads\/2024\/07\/05_08_20240628_123804-300x178.jpg 300w, http:\/\/kfd-dipperz.de\/wp-content\/uploads\/2024\/07\/05_08_20240628_123804-768x456.jpg 768w, http:\/\/kfd-dipperz.de\/wp-content\/uploads\/2024\/07\/05_08_20240628_123804-1536x912.jpg 1536w, http:\/\/kfd-dipperz.de\/wp-content\/uploads\/2024\/07\/05_08_20240628_123804-2048x1216.jpg 2048w\" sizes=\"auto, (max-width: 660px) 100vw, 660px\" \/><\/a><br \/>\nDie Frauen waren bester Stimmung und in Volkach angekommen wurden wir von 3 netten G\u00e4stef\u00fchrerinnen der Touristeninformation empfangen und es w\u00fcrde eine Stadtf\u00fchrung &#8222;Von Tor zu Tor&#8220; gemacht.<\/p>\n<p><a href=\"http:\/\/kfd-dipperz.de\/wp-content\/uploads\/2024\/07\/04_03_20240628_101531-scaled.jpg\"><img loading=\"lazy\" decoding=\"async\" class=\"aligncenter wp-image-6336\" src=\"http:\/\/kfd-dipperz.de\/wp-content\/uploads\/2024\/07\/04_03_20240628_101531-196x300.jpg\" alt=\"\" width=\"315\" height=\"482\" srcset=\"http:\/\/kfd-dipperz.de\/wp-content\/uploads\/2024\/07\/04_03_20240628_101531-196x300.jpg 196w, http:\/\/kfd-dipperz.de\/wp-content\/uploads\/2024\/07\/04_03_20240628_101531-670x1024.jpg 670w, http:\/\/kfd-dipperz.de\/wp-content\/uploads\/2024\/07\/04_03_20240628_101531-768x1173.jpg 768w, http:\/\/kfd-dipperz.de\/wp-content\/uploads\/2024\/07\/04_03_20240628_101531-1006x1536.jpg 1006w, http:\/\/kfd-dipperz.de\/wp-content\/uploads\/2024\/07\/04_03_20240628_101531-1341x2048.jpg 1341w, http:\/\/kfd-dipperz.de\/wp-content\/uploads\/2024\/07\/04_03_20240628_101531-scaled.jpg 1676w\" sizes=\"auto, (max-width: 315px) 100vw, 315px\" \/><\/a><br \/>\nAlle Frauen wurden in der F\u00fchrung mit allen wichtigen Eckdaten und Informationen zur Geschichte Volkachs versorgt.<br \/>\nDanach hatte alle mitgefahrenen Frauen Zeit zur freien Verf\u00fcgung, um die Stadt selbst zu erkunden.<\/p>\n<p><a href=\"http:\/\/kfd-dipperz.de\/wp-content\/uploads\/2024\/07\/03_02_20240628_101359.jpg\"><img loading=\"lazy\" decoding=\"async\" class=\"aligncenter wp-image-6335\" src=\"http:\/\/kfd-dipperz.de\/wp-content\/uploads\/2024\/07\/03_02_20240628_101359-240x300.jpg\" alt=\"\" width=\"345\" height=\"431\" srcset=\"http:\/\/kfd-dipperz.de\/wp-content\/uploads\/2024\/07\/03_02_20240628_101359-240x300.jpg 240w, http:\/\/kfd-dipperz.de\/wp-content\/uploads\/2024\/07\/03_02_20240628_101359-818x1024.jpg 818w, http:\/\/kfd-dipperz.de\/wp-content\/uploads\/2024\/07\/03_02_20240628_101359-768x961.jpg 768w, http:\/\/kfd-dipperz.de\/wp-content\/uploads\/2024\/07\/03_02_20240628_101359-1228x1536.jpg 1228w, http:\/\/kfd-dipperz.de\/wp-content\/uploads\/2024\/07\/03_02_20240628_101359-1637x2048.jpg 1637w, http:\/\/kfd-dipperz.de\/wp-content\/uploads\/2024\/07\/03_02_20240628_101359.jpg 1848w\" sizes=\"auto, (max-width: 345px) 100vw, 345px\" \/><\/a><br \/>\nKleine L\u00e4den, Caf\u00e9s und Gesch\u00e4fte luden zum anschauen, probieren und einkaufen ein.<br \/>\nLeider \u00f6ffnete der Wettergott f\u00fcr einen kurzem Moment seinen Himmel und man hatte wie die Franken sagten &#8222;a Dusche&#8220; abbekommen.<br \/>\nDoch davon lie\u00dfen sich alle gut gelaunten Frauen nicht die Laune verderben.<br \/>\nNach dem kurzen heftigen Regenschauer kam die Sonne wieder sehr hei\u00df hervor.<br \/>\nUm 13.00 Uhr ging es weiter zur Mainschleifen-Rundfahrt.<br \/>\nMit einer eigenen G\u00e4stef\u00fchrerin ging es zur Wallfahrtskirche &#8222;Maria am Weingarten&#8220;. Ein kleiner Fu\u00dfmarsch f\u00fchrte uns mitten durch die Weinberge in die oben gelegene Wallfahrtskirche, welche wir besichtigten und dort die beeindruckende gro\u00dfe Schnitzerei der &#8222;Heiligen Maria&#8220; vom ber\u00fchmten Holzschnitzer Tillmann Riemenschneider, welche dort oberhalb im Altarraum h\u00e4ngt, zu bestaunen.<\/p>\n<p><a href=\"http:\/\/kfd-dipperz.de\/wp-content\/uploads\/2024\/07\/06_10_20240628_131254-scaled.jpg\"><img loading=\"lazy\" decoding=\"async\" class=\"aligncenter wp-image-6338\" src=\"http:\/\/kfd-dipperz.de\/wp-content\/uploads\/2024\/07\/06_10_20240628_131254-206x300.jpg\" alt=\"\" width=\"308\" height=\"449\" srcset=\"http:\/\/kfd-dipperz.de\/wp-content\/uploads\/2024\/07\/06_10_20240628_131254-206x300.jpg 206w, http:\/\/kfd-dipperz.de\/wp-content\/uploads\/2024\/07\/06_10_20240628_131254-768x1116.jpg 768w, http:\/\/kfd-dipperz.de\/wp-content\/uploads\/2024\/07\/06_10_20240628_131254-1057x1536.jpg 1057w\" sizes=\"auto, (max-width: 308px) 100vw, 308px\" \/><\/a><\/p>\n<p><a href=\"http:\/\/kfd-dipperz.de\/wp-content\/uploads\/2024\/07\/08_02_20240628_140254-scaled.jpg\"><img loading=\"lazy\" decoding=\"async\" class=\"aligncenter wp-image-6340 size-large\" src=\"http:\/\/kfd-dipperz.de\/wp-content\/uploads\/2024\/07\/08_02_20240628_140254-1024x473.jpg\" alt=\"\" width=\"660\" height=\"305\" srcset=\"http:\/\/kfd-dipperz.de\/wp-content\/uploads\/2024\/07\/08_02_20240628_140254-1024x473.jpg 1024w, http:\/\/kfd-dipperz.de\/wp-content\/uploads\/2024\/07\/08_02_20240628_140254-300x139.jpg 300w, http:\/\/kfd-dipperz.de\/wp-content\/uploads\/2024\/07\/08_02_20240628_140254-768x355.jpg 768w, http:\/\/kfd-dipperz.de\/wp-content\/uploads\/2024\/07\/08_02_20240628_140254-1536x710.jpg 1536w, http:\/\/kfd-dipperz.de\/wp-content\/uploads\/2024\/07\/08_02_20240628_140254-2048x946.jpg 2048w\" sizes=\"auto, (max-width: 660px) 100vw, 660px\" \/><\/a><br \/>\nDie G\u00e4stef\u00fchrerin versorgte uns mit allen wichtigen Informationen zur Kirche.<br \/>\nDanach ging es unterhalb der Weinberge weiter durch die Ortschaften Astheim, Escherndorf, Sommerach bis nach Nordheim, wo wir in der dortigen DIVINO Winzergenossenschaft zum Secco Empfang erwartet wurden.<\/p>\n<p><a href=\"http:\/\/kfd-dipperz.de\/wp-content\/uploads\/2024\/07\/09_04_20240628_150658.jpg\"><img loading=\"lazy\" decoding=\"async\" class=\"aligncenter wp-image-6341 size-large\" src=\"http:\/\/kfd-dipperz.de\/wp-content\/uploads\/2024\/07\/09_04_20240628_150658-1024x986.jpg\" alt=\"\" width=\"660\" height=\"636\" srcset=\"http:\/\/kfd-dipperz.de\/wp-content\/uploads\/2024\/07\/09_04_20240628_150658-1024x986.jpg 1024w, http:\/\/kfd-dipperz.de\/wp-content\/uploads\/2024\/07\/09_04_20240628_150658-300x289.jpg 300w, http:\/\/kfd-dipperz.de\/wp-content\/uploads\/2024\/07\/09_04_20240628_150658-768x739.jpg 768w, http:\/\/kfd-dipperz.de\/wp-content\/uploads\/2024\/07\/09_04_20240628_150658-1536x1479.jpg 1536w, http:\/\/kfd-dipperz.de\/wp-content\/uploads\/2024\/07\/09_04_20240628_150658.jpg 1848w\" sizes=\"auto, (max-width: 660px) 100vw, 660px\" \/><\/a><br \/>\nVon da aus ging es weiter mit der Fu\u00dfg\u00e4ngerf\u00e4hre \u00fcber den Main, wo uns unser Bus wieder aufnahm und uns nach Volkach zur\u00fcckbrachte.<\/p>\n<p><a href=\"http:\/\/kfd-dipperz.de\/wp-content\/uploads\/2024\/07\/10_05_IMG-20240628-WA0020.jpg\"><img loading=\"lazy\" decoding=\"async\" class=\"aligncenter wp-image-6342 size-large\" src=\"http:\/\/kfd-dipperz.de\/wp-content\/uploads\/2024\/07\/10_05_IMG-20240628-WA0020-1024x768.jpg\" alt=\"\" width=\"660\" height=\"495\" srcset=\"http:\/\/kfd-dipperz.de\/wp-content\/uploads\/2024\/07\/10_05_IMG-20240628-WA0020-1024x768.jpg 1024w, http:\/\/kfd-dipperz.de\/wp-content\/uploads\/2024\/07\/10_05_IMG-20240628-WA0020-300x225.jpg 300w, http:\/\/kfd-dipperz.de\/wp-content\/uploads\/2024\/07\/10_05_IMG-20240628-WA0020-768x576.jpg 768w, http:\/\/kfd-dipperz.de\/wp-content\/uploads\/2024\/07\/10_05_IMG-20240628-WA0020-1536x1152.jpg 1536w, http:\/\/kfd-dipperz.de\/wp-content\/uploads\/2024\/07\/10_05_IMG-20240628-WA0020.jpg 2000w\" sizes=\"auto, (max-width: 660px) 100vw, 660px\" \/><\/a><br \/>\nDort gingen wir sch\u00f6n fr\u00e4nkisch im &#8222;Hinterh\u00f6fle&#8220; essen.<br \/>\nGegen 18.45 Uhr traten alle Frauen gut gelaunt den Heimweg nach Dipperz an.<br \/>\nEs war ein gelungener Ausflug und die Reiseleiterinnen Annette Schulz und Andrea Goldbach bedankten sich bei allen mitfahrenden Frauen und freuen sich auf ein Wiedersehen im kommenden Jahr.<\/p>\n<p style=\"text-align: center;\"><strong><em><a href=\"http:\/\/kfd-dipperz.de\/?page_id=6457\">Hier gibt es noch weitere Bilder<\/a> \u2013 allerdings passwortgesch\u00fctzt! Das Passwort kann bei den Teams erfragt werden!<\/em><\/strong><\/p>\n","protected":false},"excerpt":{"rendered":"<p>Ausflug zur Mainschleife nach Volkach Bei bestem Sommerwetter machten sich 55 Frauen am Freitag 28.06.24 zum j\u00e4hrlich traditionellen Frauenausflug zur Mainschleife ins fr\u00e4nkische Volkach auf. Die Frauen waren bester Stimmung und in Volkach angekommen wurden wir von 3 netten G\u00e4stef\u00fchrerinnen der Touristeninformation empfangen und es w\u00fcrde eine Stadtf\u00fchrung &#8222;Von Tor zu Tor&#8220; gemacht. Alle Frauen &hellip; <a href=\"http:\/\/kfd-dipperz.de\/?page_id=6333\" class=\"more-link\"><span class=\"screen-reader-text\">Frauenausflug 2024<\/span> weiterlesen<\/a><\/p>\n","protected":false},"author":2,"featured_media":0,"parent":0,"menu_order":0,"comment_status":"closed","ping_status":"closed","template":"","meta":{"ngg_post_thumbnail":0,"footnotes":""},"class_list":["post-6333","page","type-page","status-publish","hentry"],"_links":{"self":[{"href":"http:\/\/kfd-dipperz.de\/index.php?rest_route=\/wp\/v2\/pages\/6333","targetHints":{"allow":["GET"]}}],"collection":[{"href":"http:\/\/kfd-dipperz.de\/index.php?rest_route=\/wp\/v2\/pages"}],"about":[{"href":"http:\/\/kfd-dipperz.de\/index.php?rest_route=\/wp\/v2\/types\/page"}],"author":[{"embeddable":true,"href":"http:\/\/kfd-dipperz.de\/index.php?rest_route=\/wp\/v2\/users\/2"}],"replies":[{"embeddable":true,"href":"http:\/\/kfd-dipperz.de\/index.php?rest_route=%2Fwp%2Fv2%2Fcomments&post=6333"}],"version-history":[{"count":0,"href":"http:\/\/kfd-dipperz.de\/index.php?rest_route=\/wp\/v2\/pages\/6333\/revisions"}],"wp:attachment":[{"href":"http:\/\/kfd-dipperz.de\/index.php?rest_route=%2Fwp%2Fv2%2Fmedia&parent=6333"}],"curies":[{"name":"wp","href":"https:\/\/api.w.org\/{rel}","templated":true}]}}