{"id":6299,"date":"2024-06-19T20:43:40","date_gmt":"2024-06-19T18:43:40","guid":{"rendered":"http:\/\/kfd-dipperz.de\/?page_id=6299"},"modified":"2025-09-11T18:18:40","modified_gmt":"2025-09-11T16:18:40","slug":"dekanatstag-weyhers-2024","status":"publish","type":"page","link":"http:\/\/kfd-dipperz.de\/?page_id=6299","title":{"rendered":"Dekanatstag Weyhers 2024"},"content":{"rendered":"<p style=\"text-align: center;\">Am 19.06.24 waren wir zu Gast beim Dekanatstag.<br \/>\nDer Di\u00f6zesanverband Fulda hatte ins B\u00fcrgerhaus nach Weyhers eingeladen.<br \/>\nIm voll besetzten B\u00fcrgerhaus h\u00f6rten wir einen Vortrag mit dem Thema &#8222;Zwischen Lachen &nbsp;und Weinen schwingt die Schaukel &nbsp;des Lebens!&#8220;<br \/>\nReferentin war Schwester Lustig von den Sch\u00f6nstatt-Schwestern der Marienh\u00f6he Dietershausen.<br \/>\nAlle einzelnen kfd-Ortsgruppen steuerten leckere K\u00f6stlichkeiten zur Kaffeetafel bei.<br \/>\nUm 17.30 Uhr trafen wir uns dann zum Abschlussgottesdienst in der katholischen Kirche Sankt Bonifatius in Weyhers.<br \/>\nDie Kollekte des Dekanatstages ging an den Kleidermarkt des Regionalverbandes Caritas Fulda.<br \/>\nWir hatten einen sehr sch\u00f6nen Nachmittag mit guten Gespr\u00e4chen und netten Begegnungen.<br \/>\nVielen Dank an die kfd Weyhers f\u00fcr das Ausrichten des Dekanatstages.<\/p>\n<p style=\"text-align: center;\"><a href=\"http:\/\/kfd-dipperz.de\/wp-content\/uploads\/2024\/06\/IMG-20240619-WA0018.jpg\"><img loading=\"lazy\" decoding=\"async\" class=\"aligncenter wp-image-6307 size-large\" src=\"http:\/\/kfd-dipperz.de\/wp-content\/uploads\/2024\/06\/IMG-20240619-WA0018-1024x683.jpg\" alt=\"\" width=\"660\" height=\"440\" srcset=\"http:\/\/kfd-dipperz.de\/wp-content\/uploads\/2024\/06\/IMG-20240619-WA0018-1024x683.jpg 1024w, http:\/\/kfd-dipperz.de\/wp-content\/uploads\/2024\/06\/IMG-20240619-WA0018-300x200.jpg 300w, http:\/\/kfd-dipperz.de\/wp-content\/uploads\/2024\/06\/IMG-20240619-WA0018-768x512.jpg 768w, http:\/\/kfd-dipperz.de\/wp-content\/uploads\/2024\/06\/IMG-20240619-WA0018.jpg 1200w\" sizes=\"auto, (max-width: 660px) 100vw, 660px\" \/><\/a><\/p>\n<p style=\"text-align: center;\"><a href=\"http:\/\/kfd-dipperz.de\/wp-content\/uploads\/2024\/06\/IMG-20240619-WA0017.jpg\"><img loading=\"lazy\" decoding=\"async\" class=\"aligncenter wp-image-6306 size-large\" src=\"http:\/\/kfd-dipperz.de\/wp-content\/uploads\/2024\/06\/IMG-20240619-WA0017-1024x768.jpg\" alt=\"\" width=\"660\" height=\"495\" srcset=\"http:\/\/kfd-dipperz.de\/wp-content\/uploads\/2024\/06\/IMG-20240619-WA0017-1024x768.jpg 1024w, http:\/\/kfd-dipperz.de\/wp-content\/uploads\/2024\/06\/IMG-20240619-WA0017-300x225.jpg 300w, http:\/\/kfd-dipperz.de\/wp-content\/uploads\/2024\/06\/IMG-20240619-WA0017-768x576.jpg 768w, http:\/\/kfd-dipperz.de\/wp-content\/uploads\/2024\/06\/IMG-20240619-WA0017-1536x1152.jpg 1536w, http:\/\/kfd-dipperz.de\/wp-content\/uploads\/2024\/06\/IMG-20240619-WA0017.jpg 1600w\" sizes=\"auto, (max-width: 660px) 100vw, 660px\" \/><\/a><\/p>\n<p style=\"text-align: center;\"><a href=\"http:\/\/kfd-dipperz.de\/wp-content\/uploads\/2024\/06\/IMG-20240619-WA0019.jpg\"><img loading=\"lazy\" decoding=\"async\" class=\"aligncenter wp-image-6308 size-large\" src=\"http:\/\/kfd-dipperz.de\/wp-content\/uploads\/2024\/06\/IMG-20240619-WA0019-768x1024.jpg\" alt=\"\" width=\"660\" height=\"880\" srcset=\"http:\/\/kfd-dipperz.de\/wp-content\/uploads\/2024\/06\/IMG-20240619-WA0019-768x1024.jpg 768w, http:\/\/kfd-dipperz.de\/wp-content\/uploads\/2024\/06\/IMG-20240619-WA0019-225x300.jpg 225w, http:\/\/kfd-dipperz.de\/wp-content\/uploads\/2024\/06\/IMG-20240619-WA0019-1152x1536.jpg 1152w, http:\/\/kfd-dipperz.de\/wp-content\/uploads\/2024\/06\/IMG-20240619-WA0019.jpg 1200w\" sizes=\"auto, (max-width: 660px) 100vw, 660px\" \/><\/a><\/p>\n<p style=\"text-align: center;\"><a href=\"http:\/\/kfd-dipperz.de\/wp-content\/uploads\/2024\/06\/IMG-20240619-WA0022.jpg\"><img loading=\"lazy\" decoding=\"async\" class=\"aligncenter wp-image-6311 size-large\" src=\"http:\/\/kfd-dipperz.de\/wp-content\/uploads\/2024\/06\/IMG-20240619-WA0022-1024x768.jpg\" alt=\"\" width=\"660\" height=\"495\" srcset=\"http:\/\/kfd-dipperz.de\/wp-content\/uploads\/2024\/06\/IMG-20240619-WA0022-1024x768.jpg 1024w, http:\/\/kfd-dipperz.de\/wp-content\/uploads\/2024\/06\/IMG-20240619-WA0022-300x225.jpg 300w, http:\/\/kfd-dipperz.de\/wp-content\/uploads\/2024\/06\/IMG-20240619-WA0022-768x576.jpg 768w, http:\/\/kfd-dipperz.de\/wp-content\/uploads\/2024\/06\/IMG-20240619-WA0022-1536x1152.jpg 1536w, http:\/\/kfd-dipperz.de\/wp-content\/uploads\/2024\/06\/IMG-20240619-WA0022.jpg 1600w\" sizes=\"auto, (max-width: 660px) 100vw, 660px\" \/><\/a><\/p>\n<p style=\"text-align: center;\"><a href=\"http:\/\/kfd-dipperz.de\/wp-content\/uploads\/2024\/06\/IMG-20240619-WA0023.jpg\"><img loading=\"lazy\" decoding=\"async\" class=\"aligncenter wp-image-6312 size-large\" src=\"http:\/\/kfd-dipperz.de\/wp-content\/uploads\/2024\/06\/IMG-20240619-WA0023-768x1024.jpg\" alt=\"\" width=\"660\" height=\"880\" srcset=\"http:\/\/kfd-dipperz.de\/wp-content\/uploads\/2024\/06\/IMG-20240619-WA0023-768x1024.jpg 768w, http:\/\/kfd-dipperz.de\/wp-content\/uploads\/2024\/06\/IMG-20240619-WA0023-225x300.jpg 225w, http:\/\/kfd-dipperz.de\/wp-content\/uploads\/2024\/06\/IMG-20240619-WA0023-1152x1536.jpg 1152w, http:\/\/kfd-dipperz.de\/wp-content\/uploads\/2024\/06\/IMG-20240619-WA0023.jpg 1200w\" sizes=\"auto, (max-width: 660px) 100vw, 660px\" \/><\/a><\/p>\n<p style=\"text-align: center;\"><a href=\"http:\/\/kfd-dipperz.de\/wp-content\/uploads\/2024\/06\/IMG-20240619-WA0021.jpg\"><img loading=\"lazy\" decoding=\"async\" class=\"aligncenter wp-image-6310 size-large\" src=\"http:\/\/kfd-dipperz.de\/wp-content\/uploads\/2024\/06\/IMG-20240619-WA0021-1024x768.jpg\" alt=\"\" width=\"660\" height=\"495\" srcset=\"http:\/\/kfd-dipperz.de\/wp-content\/uploads\/2024\/06\/IMG-20240619-WA0021-1024x768.jpg 1024w, http:\/\/kfd-dipperz.de\/wp-content\/uploads\/2024\/06\/IMG-20240619-WA0021-300x225.jpg 300w, http:\/\/kfd-dipperz.de\/wp-content\/uploads\/2024\/06\/IMG-20240619-WA0021-768x576.jpg 768w, http:\/\/kfd-dipperz.de\/wp-content\/uploads\/2024\/06\/IMG-20240619-WA0021-1536x1152.jpg 1536w, http:\/\/kfd-dipperz.de\/wp-content\/uploads\/2024\/06\/IMG-20240619-WA0021.jpg 1600w\" sizes=\"auto, (max-width: 660px) 100vw, 660px\" \/><\/a><\/p>\n<p style=\"text-align: center;\"><a href=\"http:\/\/kfd-dipperz.de\/wp-content\/uploads\/2024\/06\/IMG-20240619-WA0020.jpg\"><img loading=\"lazy\" decoding=\"async\" class=\"aligncenter wp-image-6309 size-large\" src=\"http:\/\/kfd-dipperz.de\/wp-content\/uploads\/2024\/06\/IMG-20240619-WA0020-1024x768.jpg\" alt=\"\" width=\"660\" height=\"495\" srcset=\"http:\/\/kfd-dipperz.de\/wp-content\/uploads\/2024\/06\/IMG-20240619-WA0020-1024x768.jpg 1024w, http:\/\/kfd-dipperz.de\/wp-content\/uploads\/2024\/06\/IMG-20240619-WA0020-300x225.jpg 300w, http:\/\/kfd-dipperz.de\/wp-content\/uploads\/2024\/06\/IMG-20240619-WA0020-768x576.jpg 768w, http:\/\/kfd-dipperz.de\/wp-content\/uploads\/2024\/06\/IMG-20240619-WA0020-1536x1152.jpg 1536w, http:\/\/kfd-dipperz.de\/wp-content\/uploads\/2024\/06\/IMG-20240619-WA0020.jpg 1600w\" sizes=\"auto, (max-width: 660px) 100vw, 660px\" \/><\/a><\/p>\n<p style=\"text-align: center;\">&nbsp;<\/p>\n<p style=\"text-align: center;\">&nbsp;<\/p>\n","protected":false},"excerpt":{"rendered":"<p>Am 19.06.24 waren wir zu Gast beim Dekanatstag. Der Di\u00f6zesanverband Fulda hatte ins B\u00fcrgerhaus nach Weyhers eingeladen. Im voll besetzten B\u00fcrgerhaus h\u00f6rten wir einen Vortrag mit dem Thema &#8222;Zwischen Lachen &nbsp;und Weinen schwingt die Schaukel &nbsp;des Lebens!&#8220; Referentin war Schwester Lustig von den Sch\u00f6nstatt-Schwestern der Marienh\u00f6he Dietershausen. Alle einzelnen kfd-Ortsgruppen steuerten leckere K\u00f6stlichkeiten zur Kaffeetafel &hellip; <a href=\"http:\/\/kfd-dipperz.de\/?page_id=6299\" class=\"more-link\"><span class=\"screen-reader-text\">Dekanatstag Weyhers 2024<\/span> weiterlesen<\/a><\/p>\n","protected":false},"author":2,"featured_media":0,"parent":0,"menu_order":0,"comment_status":"closed","ping_status":"closed","template":"","meta":{"ngg_post_thumbnail":0,"footnotes":""},"class_list":["post-6299","page","type-page","status-publish","hentry"],"_links":{"self":[{"href":"http:\/\/kfd-dipperz.de\/index.php?rest_route=\/wp\/v2\/pages\/6299","targetHints":{"allow":["GET"]}}],"collection":[{"href":"http:\/\/kfd-dipperz.de\/index.php?rest_route=\/wp\/v2\/pages"}],"about":[{"href":"http:\/\/kfd-dipperz.de\/index.php?rest_route=\/wp\/v2\/types\/page"}],"author":[{"embeddable":true,"href":"http:\/\/kfd-dipperz.de\/index.php?rest_route=\/wp\/v2\/users\/2"}],"replies":[{"embeddable":true,"href":"http:\/\/kfd-dipperz.de\/index.php?rest_route=%2Fwp%2Fv2%2Fcomments&post=6299"}],"version-history":[{"count":0,"href":"http:\/\/kfd-dipperz.de\/index.php?rest_route=\/wp\/v2\/pages\/6299\/revisions"}],"wp:attachment":[{"href":"http:\/\/kfd-dipperz.de\/index.php?rest_route=%2Fwp%2Fv2%2Fmedia&parent=6299"}],"curies":[{"name":"wp","href":"https:\/\/api.w.org\/{rel}","templated":true}]}}