{"id":6240,"date":"2024-05-19T16:58:13","date_gmt":"2024-05-19T14:58:13","guid":{"rendered":"http:\/\/kfd-dipperz.de\/?page_id=6240"},"modified":"2025-05-23T17:07:26","modified_gmt":"2025-05-23T15:07:26","slug":"fahrradtour-17-05-2024","status":"publish","type":"page","link":"http:\/\/kfd-dipperz.de\/?page_id=6240","title":{"rendered":"Fahrradtour 17.05.2024"},"content":{"rendered":"<p><strong>&#8222;Ja, mir sann mim Radl da!&#8220;<\/strong><br \/>\nGem\u00e4\u00df dem Lied und dem Motto &#8222;Nimm dir einmal Zeit!&#8220;, machten sich 15 Frauen trotz des durchwachsenen Wetters am Freitag, 17.05.24 um 14.30 Uhr zu einer 40 km E-Bike-Tour der kfd Dipperz auf.<\/p>\n<p><a href=\"http:\/\/kfd-dipperz.de\/wp-content\/uploads\/2024\/05\/02_1000170790-scaled.jpg\"><img loading=\"lazy\" decoding=\"async\" class=\"aligncenter wp-image-6245 size-large\" src=\"http:\/\/kfd-dipperz.de\/wp-content\/uploads\/2024\/05\/02_1000170790-1024x597.jpg\" alt=\"\" width=\"660\" height=\"385\" srcset=\"http:\/\/kfd-dipperz.de\/wp-content\/uploads\/2024\/05\/02_1000170790-1024x597.jpg 1024w, http:\/\/kfd-dipperz.de\/wp-content\/uploads\/2024\/05\/02_1000170790-300x175.jpg 300w, http:\/\/kfd-dipperz.de\/wp-content\/uploads\/2024\/05\/02_1000170790-768x448.jpg 768w, http:\/\/kfd-dipperz.de\/wp-content\/uploads\/2024\/05\/02_1000170790-1536x895.jpg 1536w, http:\/\/kfd-dipperz.de\/wp-content\/uploads\/2024\/05\/02_1000170790-2048x1194.jpg 2048w\" sizes=\"auto, (max-width: 660px) 100vw, 660px\" \/><\/a><br \/>\nDie Tour f\u00fchrte von Dipperz \u00fcber K\u00fclos, Tiergarten, vorbei an der Fohlenweide auf den R3 Radweg zum Milseburgtunnel.<\/p>\n<p><a href=\"http:\/\/kfd-dipperz.de\/wp-content\/uploads\/2024\/05\/04_1000170851-scaled.jpg\"><img loading=\"lazy\" decoding=\"async\" class=\"aligncenter wp-image-6248 size-large\" src=\"http:\/\/kfd-dipperz.de\/wp-content\/uploads\/2024\/05\/04_1000170851-1024x692.jpg\" alt=\"\" width=\"660\" height=\"446\" srcset=\"http:\/\/kfd-dipperz.de\/wp-content\/uploads\/2024\/05\/04_1000170851-1024x692.jpg 1024w, http:\/\/kfd-dipperz.de\/wp-content\/uploads\/2024\/05\/04_1000170851-300x203.jpg 300w, http:\/\/kfd-dipperz.de\/wp-content\/uploads\/2024\/05\/04_1000170851-768x519.jpg 768w, http:\/\/kfd-dipperz.de\/wp-content\/uploads\/2024\/05\/04_1000170851-1536x1037.jpg 1536w, http:\/\/kfd-dipperz.de\/wp-content\/uploads\/2024\/05\/04_1000170851-2048x1383.jpg 2048w\" sizes=\"auto, (max-width: 660px) 100vw, 660px\" \/><\/a>&nbsp;<\/p>\n<p><a href=\"http:\/\/kfd-dipperz.de\/wp-content\/uploads\/2024\/05\/03_1000170782.jpg\"><img loading=\"lazy\" decoding=\"async\" class=\"aligncenter wp-image-6247 size-large\" src=\"http:\/\/kfd-dipperz.de\/wp-content\/uploads\/2024\/05\/03_1000170782-1024x919.jpg\" alt=\"\" width=\"660\" height=\"592\" srcset=\"http:\/\/kfd-dipperz.de\/wp-content\/uploads\/2024\/05\/03_1000170782-1024x919.jpg 1024w, http:\/\/kfd-dipperz.de\/wp-content\/uploads\/2024\/05\/03_1000170782-300x269.jpg 300w, http:\/\/kfd-dipperz.de\/wp-content\/uploads\/2024\/05\/03_1000170782-768x689.jpg 768w, http:\/\/kfd-dipperz.de\/wp-content\/uploads\/2024\/05\/03_1000170782-1536x1378.jpg 1536w, http:\/\/kfd-dipperz.de\/wp-content\/uploads\/2024\/05\/03_1000170782-2048x1838.jpg 2048w\" sizes=\"auto, (max-width: 660px) 100vw, 660px\" \/><\/a><br \/>\nVon da aus ging es weiter nach Liebhards.<br \/>\nTrotz des durchwachsenen Wetters war die Stimmung gut und die Frauen kehrten in Liebhards im Gasthof Brunnenfeger bei der lustigen Wirtin ein, um sich bei leckeren Kuchen und Kaffee zu st\u00e4rken.<br \/>\nVon da aus ging es weiter \u00fcber Eckweisbach nach Langenberg zur Kapelle Hl. Wendelinus und den 14 Nothelfern.<\/p>\n<p><a href=\"http:\/\/kfd-dipperz.de\/wp-content\/uploads\/2024\/05\/06_1000170792-scaled.jpg\"><img loading=\"lazy\" decoding=\"async\" class=\"aligncenter wp-image-6250 size-large\" src=\"http:\/\/kfd-dipperz.de\/wp-content\/uploads\/2024\/05\/06_1000170792-868x1024.jpg\" alt=\"\" width=\"660\" height=\"779\" srcset=\"http:\/\/kfd-dipperz.de\/wp-content\/uploads\/2024\/05\/06_1000170792-868x1024.jpg 868w, http:\/\/kfd-dipperz.de\/wp-content\/uploads\/2024\/05\/06_1000170792-254x300.jpg 254w, http:\/\/kfd-dipperz.de\/wp-content\/uploads\/2024\/05\/06_1000170792-768x906.jpg 768w, http:\/\/kfd-dipperz.de\/wp-content\/uploads\/2024\/05\/06_1000170792-1301x1536.jpg 1301w, http:\/\/kfd-dipperz.de\/wp-content\/uploads\/2024\/05\/06_1000170792-1735x2048.jpg 1735w\" sizes=\"auto, (max-width: 660px) 100vw, 660px\" \/><\/a><br \/>\nChristine M\u00fcller, die die Tour organisiert hatte, erkl\u00e4rte allen mitfahrenden Frauen &nbsp;die Sehensw\u00fcrdigkeiten der Kapelle und sprach ein Fahrradfahrer-Gebet.<\/p>\n<p><a href=\"http:\/\/kfd-dipperz.de\/wp-content\/uploads\/2024\/05\/07_1000170791-scaled.jpg\"><img loading=\"lazy\" decoding=\"async\" class=\"aligncenter wp-image-6251 size-large\" src=\"http:\/\/kfd-dipperz.de\/wp-content\/uploads\/2024\/05\/07_1000170791-1024x653.jpg\" alt=\"\" width=\"660\" height=\"421\" srcset=\"http:\/\/kfd-dipperz.de\/wp-content\/uploads\/2024\/05\/07_1000170791-1024x653.jpg 1024w, http:\/\/kfd-dipperz.de\/wp-content\/uploads\/2024\/05\/07_1000170791-300x191.jpg 300w, http:\/\/kfd-dipperz.de\/wp-content\/uploads\/2024\/05\/07_1000170791-768x490.jpg 768w, http:\/\/kfd-dipperz.de\/wp-content\/uploads\/2024\/05\/07_1000170791-1536x979.jpg 1536w, http:\/\/kfd-dipperz.de\/wp-content\/uploads\/2024\/05\/07_1000170791-2048x1306.jpg 2048w\" sizes=\"auto, (max-width: 660px) 100vw, 660px\" \/><\/a>Danach ging es \u00fcber Elters auf dem R3 &nbsp;Radweg zur\u00fcck nach Dipperz.<br \/>\nAllen mitfahrenden Frauen ein herzliches Dankesch\u00f6n!<\/p>\n<p><a href=\"http:\/\/kfd-dipperz.de\/wp-content\/uploads\/2024\/05\/08_1000170780-scaled.jpg\"><img loading=\"lazy\" decoding=\"async\" class=\"aligncenter wp-image-6253 size-large\" src=\"http:\/\/kfd-dipperz.de\/wp-content\/uploads\/2024\/05\/08_1000170780-1024x454.jpg\" alt=\"\" width=\"660\" height=\"293\" srcset=\"http:\/\/kfd-dipperz.de\/wp-content\/uploads\/2024\/05\/08_1000170780-1024x454.jpg 1024w, http:\/\/kfd-dipperz.de\/wp-content\/uploads\/2024\/05\/08_1000170780-300x133.jpg 300w, http:\/\/kfd-dipperz.de\/wp-content\/uploads\/2024\/05\/08_1000170780-768x340.jpg 768w, http:\/\/kfd-dipperz.de\/wp-content\/uploads\/2024\/05\/08_1000170780-1536x681.jpg 1536w, http:\/\/kfd-dipperz.de\/wp-content\/uploads\/2024\/05\/08_1000170780-2048x908.jpg 2048w\" sizes=\"auto, (max-width: 660px) 100vw, 660px\" \/><\/a><br \/>\nSuper, dass alle Frauen trotz des schlechten Wetters eisern durchgehalten haben und bereit waren die Tour mitzufahren.<br \/>\nEs war einfach klasse mit euch und die kfd Dipperz &nbsp;freut sich auf ein Wiedersehen.<\/p>\n","protected":false},"excerpt":{"rendered":"<p>&#8222;Ja, mir sann mim Radl da!&#8220; Gem\u00e4\u00df dem Lied und dem Motto &#8222;Nimm dir einmal Zeit!&#8220;, machten sich 15 Frauen trotz des durchwachsenen Wetters am Freitag, 17.05.24 um 14.30 Uhr zu einer 40 km E-Bike-Tour der kfd Dipperz auf. Die Tour f\u00fchrte von Dipperz \u00fcber K\u00fclos, Tiergarten, vorbei an der Fohlenweide auf den R3 Radweg &hellip; <a href=\"http:\/\/kfd-dipperz.de\/?page_id=6240\" class=\"more-link\"><span class=\"screen-reader-text\">Fahrradtour 17.05.2024<\/span> weiterlesen<\/a><\/p>\n","protected":false},"author":2,"featured_media":0,"parent":0,"menu_order":0,"comment_status":"closed","ping_status":"closed","template":"","meta":{"ngg_post_thumbnail":0,"footnotes":""},"class_list":["post-6240","page","type-page","status-publish","hentry"],"_links":{"self":[{"href":"http:\/\/kfd-dipperz.de\/index.php?rest_route=\/wp\/v2\/pages\/6240","targetHints":{"allow":["GET"]}}],"collection":[{"href":"http:\/\/kfd-dipperz.de\/index.php?rest_route=\/wp\/v2\/pages"}],"about":[{"href":"http:\/\/kfd-dipperz.de\/index.php?rest_route=\/wp\/v2\/types\/page"}],"author":[{"embeddable":true,"href":"http:\/\/kfd-dipperz.de\/index.php?rest_route=\/wp\/v2\/users\/2"}],"replies":[{"embeddable":true,"href":"http:\/\/kfd-dipperz.de\/index.php?rest_route=%2Fwp%2Fv2%2Fcomments&post=6240"}],"version-history":[{"count":0,"href":"http:\/\/kfd-dipperz.de\/index.php?rest_route=\/wp\/v2\/pages\/6240\/revisions"}],"wp:attachment":[{"href":"http:\/\/kfd-dipperz.de\/index.php?rest_route=%2Fwp%2Fv2%2Fmedia&parent=6240"}],"curies":[{"name":"wp","href":"https:\/\/api.w.org\/{rel}","templated":true}]}}