{"id":6181,"date":"2024-04-28T09:18:20","date_gmt":"2024-04-28T07:18:20","guid":{"rendered":"http:\/\/kfd-dipperz.de\/?page_id=6181"},"modified":"2024-04-30T09:31:45","modified_gmt":"2024-04-30T07:31:45","slug":"frauenfruehstueck-2024","status":"publish","type":"page","link":"http:\/\/kfd-dipperz.de\/?page_id=6181","title":{"rendered":"Frauenfr\u00fchst\u00fcck 2024"},"content":{"rendered":"<p>Am Samstag, 27.04.24 fand nach l\u00e4ngerer Pause wieder unser Frauenfr\u00fchst\u00fcck statt.<\/p>\n<p>Unsere Sprecherin Andrea Goldbach begr\u00fc\u00dfte \u00fcber 70 Frauen im liebevoll dekorierten B\u00fcrgerhaus in Dipperz.<\/p>\n<p><a href=\"http:\/\/kfd-dipperz.de\/wp-content\/uploads\/2024\/04\/Frauenfruehstueck-2024-29-scaled.jpg\"><img loading=\"lazy\" decoding=\"async\" class=\"aligncenter wp-image-6198 size-large\" src=\"http:\/\/kfd-dipperz.de\/wp-content\/uploads\/2024\/04\/Frauenfruehstueck-2024-29-1024x473.jpg\" alt=\"\" width=\"660\" height=\"305\" srcset=\"http:\/\/kfd-dipperz.de\/wp-content\/uploads\/2024\/04\/Frauenfruehstueck-2024-29-1024x473.jpg 1024w, http:\/\/kfd-dipperz.de\/wp-content\/uploads\/2024\/04\/Frauenfruehstueck-2024-29-300x139.jpg 300w, http:\/\/kfd-dipperz.de\/wp-content\/uploads\/2024\/04\/Frauenfruehstueck-2024-29-768x355.jpg 768w, http:\/\/kfd-dipperz.de\/wp-content\/uploads\/2024\/04\/Frauenfruehstueck-2024-29-1536x710.jpg 1536w, http:\/\/kfd-dipperz.de\/wp-content\/uploads\/2024\/04\/Frauenfruehstueck-2024-29-2048x946.jpg 2048w\" sizes=\"auto, (max-width: 660px) 100vw, 660px\" \/><\/a><br \/>\nAm leckeren Buffet, welches das Frauenfr\u00fchst\u00fcck-Team mit zahlreichen Helferinnen vorbereitet hatte, konnten sich alle Frauen st\u00e4rken und bei guten Gespr\u00e4chen fr\u00fchst\u00fccken.<\/p>\n<p><a href=\"http:\/\/kfd-dipperz.de\/wp-content\/uploads\/2024\/04\/Frauenfruehstueck-2024-23-scaled.jpg\"><img loading=\"lazy\" decoding=\"async\" class=\"aligncenter wp-image-6195 size-large\" src=\"http:\/\/kfd-dipperz.de\/wp-content\/uploads\/2024\/04\/Frauenfruehstueck-2024-23-1024x473.jpg\" alt=\"\" width=\"660\" height=\"305\" srcset=\"http:\/\/kfd-dipperz.de\/wp-content\/uploads\/2024\/04\/Frauenfruehstueck-2024-23-1024x473.jpg 1024w, http:\/\/kfd-dipperz.de\/wp-content\/uploads\/2024\/04\/Frauenfruehstueck-2024-23-300x139.jpg 300w, http:\/\/kfd-dipperz.de\/wp-content\/uploads\/2024\/04\/Frauenfruehstueck-2024-23-768x355.jpg 768w, http:\/\/kfd-dipperz.de\/wp-content\/uploads\/2024\/04\/Frauenfruehstueck-2024-23-1536x710.jpg 1536w, http:\/\/kfd-dipperz.de\/wp-content\/uploads\/2024\/04\/Frauenfruehstueck-2024-23-2048x946.jpg 2048w\" sizes=\"auto, (max-width: 660px) 100vw, 660px\" \/><\/a><\/p>\n<p><a href=\"http:\/\/kfd-dipperz.de\/wp-content\/uploads\/2024\/04\/Frauenfruehstueck-2024-31-scaled.jpg\"><img loading=\"lazy\" decoding=\"async\" class=\"aligncenter wp-image-6199 size-large\" src=\"http:\/\/kfd-dipperz.de\/wp-content\/uploads\/2024\/04\/Frauenfruehstueck-2024-31-1024x473.jpg\" alt=\"\" width=\"660\" height=\"305\" srcset=\"http:\/\/kfd-dipperz.de\/wp-content\/uploads\/2024\/04\/Frauenfruehstueck-2024-31-1024x473.jpg 1024w, http:\/\/kfd-dipperz.de\/wp-content\/uploads\/2024\/04\/Frauenfruehstueck-2024-31-300x139.jpg 300w, http:\/\/kfd-dipperz.de\/wp-content\/uploads\/2024\/04\/Frauenfruehstueck-2024-31-768x355.jpg 768w, http:\/\/kfd-dipperz.de\/wp-content\/uploads\/2024\/04\/Frauenfruehstueck-2024-31-1536x710.jpg 1536w, http:\/\/kfd-dipperz.de\/wp-content\/uploads\/2024\/04\/Frauenfruehstueck-2024-31-2048x946.jpg 2048w\" sizes=\"auto, (max-width: 660px) 100vw, 660px\" \/><\/a><\/p>\n<p>Im Anschluss daran informierte Imkerin und Gesundheitsberaterin <strong>Tanja Hohmann<\/strong> die Frauen in ihrem sehr informativen Vortrag \u00fcber die M\u00f6glichkeiten zur St\u00e4rkung des Immunssystems in Verbindung mit Honig, Propolis, Gelee Royale und weiteren Bienen- und Heilkr\u00e4uterprodukten.<\/p>\n<p><a href=\"http:\/\/kfd-dipperz.de\/wp-content\/uploads\/2024\/04\/Frauenfruehstueck-2024-28a.jpg\"><img loading=\"lazy\" decoding=\"async\" class=\"aligncenter wp-image-6192 size-large\" src=\"http:\/\/kfd-dipperz.de\/wp-content\/uploads\/2024\/04\/Frauenfruehstueck-2024-28a-1024x987.jpg\" alt=\"\" width=\"660\" height=\"636\" srcset=\"http:\/\/kfd-dipperz.de\/wp-content\/uploads\/2024\/04\/Frauenfruehstueck-2024-28a-1024x987.jpg 1024w, http:\/\/kfd-dipperz.de\/wp-content\/uploads\/2024\/04\/Frauenfruehstueck-2024-28a-300x289.jpg 300w, http:\/\/kfd-dipperz.de\/wp-content\/uploads\/2024\/04\/Frauenfruehstueck-2024-28a-768x740.jpg 768w, http:\/\/kfd-dipperz.de\/wp-content\/uploads\/2024\/04\/Frauenfruehstueck-2024-28a.jpg 1465w\" sizes=\"auto, (max-width: 660px) 100vw, 660px\" \/><\/a>Alle Frauen lauschten mit gro\u00dfem &nbsp;Interesse dem Vortrag, konnten am Ende pers\u00f6nliche Fragen mit Frau Hohmann besprechen und zahlreiche Bienen- und Heilkr\u00e4uterprodukte erwerben.<\/p>\n<p><a href=\"http:\/\/kfd-dipperz.de\/wp-content\/uploads\/2024\/04\/Frauenfruehstueck-2024-30-scaled.jpg\"><img loading=\"lazy\" decoding=\"async\" class=\"aligncenter wp-image-6201 size-large\" src=\"http:\/\/kfd-dipperz.de\/wp-content\/uploads\/2024\/04\/Frauenfruehstueck-2024-30-1024x473.jpg\" alt=\"\" width=\"660\" height=\"305\" srcset=\"http:\/\/kfd-dipperz.de\/wp-content\/uploads\/2024\/04\/Frauenfruehstueck-2024-30-1024x473.jpg 1024w, http:\/\/kfd-dipperz.de\/wp-content\/uploads\/2024\/04\/Frauenfruehstueck-2024-30-300x139.jpg 300w, http:\/\/kfd-dipperz.de\/wp-content\/uploads\/2024\/04\/Frauenfruehstueck-2024-30-768x355.jpg 768w, http:\/\/kfd-dipperz.de\/wp-content\/uploads\/2024\/04\/Frauenfruehstueck-2024-30-1536x710.jpg 1536w, http:\/\/kfd-dipperz.de\/wp-content\/uploads\/2024\/04\/Frauenfruehstueck-2024-30-2048x946.jpg 2048w\" sizes=\"auto, (max-width: 660px) 100vw, 660px\" \/><\/a><\/p>\n<p>Wir bedanken uns bei Tanja Hohmann, dass sie heute zu uns nach Dipperz &nbsp;gekommen ist und freuen uns auf ein Wiedersehen.<\/p>\n<p><a href=\"http:\/\/kfd-dipperz.de\/wp-content\/uploads\/2024\/04\/Frauenfruehstueck-2024-11-scaled.jpg\"><img loading=\"lazy\" decoding=\"async\" class=\"aligncenter wp-image-6203 size-large\" src=\"http:\/\/kfd-dipperz.de\/wp-content\/uploads\/2024\/04\/Frauenfruehstueck-2024-11-1024x473.jpg\" alt=\"\" width=\"660\" height=\"305\" srcset=\"http:\/\/kfd-dipperz.de\/wp-content\/uploads\/2024\/04\/Frauenfruehstueck-2024-11-1024x473.jpg 1024w, http:\/\/kfd-dipperz.de\/wp-content\/uploads\/2024\/04\/Frauenfruehstueck-2024-11-300x139.jpg 300w, http:\/\/kfd-dipperz.de\/wp-content\/uploads\/2024\/04\/Frauenfruehstueck-2024-11-768x355.jpg 768w, http:\/\/kfd-dipperz.de\/wp-content\/uploads\/2024\/04\/Frauenfruehstueck-2024-11-1536x710.jpg 1536w, http:\/\/kfd-dipperz.de\/wp-content\/uploads\/2024\/04\/Frauenfruehstueck-2024-11-2048x946.jpg 2048w\" sizes=\"auto, (max-width: 660px) 100vw, 660px\" \/><\/a><\/p>\n","protected":false},"excerpt":{"rendered":"<p>Am Samstag, 27.04.24 fand nach l\u00e4ngerer Pause wieder unser Frauenfr\u00fchst\u00fcck statt. Unsere Sprecherin Andrea Goldbach begr\u00fc\u00dfte \u00fcber 70 Frauen im liebevoll dekorierten B\u00fcrgerhaus in Dipperz. Am leckeren Buffet, welches das Frauenfr\u00fchst\u00fcck-Team mit zahlreichen Helferinnen vorbereitet hatte, konnten sich alle Frauen st\u00e4rken und bei guten Gespr\u00e4chen fr\u00fchst\u00fccken. Im Anschluss daran informierte Imkerin und Gesundheitsberaterin Tanja Hohmann &hellip; <a href=\"http:\/\/kfd-dipperz.de\/?page_id=6181\" class=\"more-link\"><span class=\"screen-reader-text\">Frauenfr\u00fchst\u00fcck 2024<\/span> weiterlesen<\/a><\/p>\n","protected":false},"author":2,"featured_media":0,"parent":0,"menu_order":0,"comment_status":"closed","ping_status":"closed","template":"","meta":{"ngg_post_thumbnail":0,"footnotes":""},"class_list":["post-6181","page","type-page","status-publish","hentry"],"_links":{"self":[{"href":"http:\/\/kfd-dipperz.de\/index.php?rest_route=\/wp\/v2\/pages\/6181","targetHints":{"allow":["GET"]}}],"collection":[{"href":"http:\/\/kfd-dipperz.de\/index.php?rest_route=\/wp\/v2\/pages"}],"about":[{"href":"http:\/\/kfd-dipperz.de\/index.php?rest_route=\/wp\/v2\/types\/page"}],"author":[{"embeddable":true,"href":"http:\/\/kfd-dipperz.de\/index.php?rest_route=\/wp\/v2\/users\/2"}],"replies":[{"embeddable":true,"href":"http:\/\/kfd-dipperz.de\/index.php?rest_route=%2Fwp%2Fv2%2Fcomments&post=6181"}],"version-history":[{"count":0,"href":"http:\/\/kfd-dipperz.de\/index.php?rest_route=\/wp\/v2\/pages\/6181\/revisions"}],"wp:attachment":[{"href":"http:\/\/kfd-dipperz.de\/index.php?rest_route=%2Fwp%2Fv2%2Fmedia&parent=6181"}],"curies":[{"name":"wp","href":"https:\/\/api.w.org\/{rel}","templated":true}]}}