{"id":561,"date":"2023-06-02T20:32:06","date_gmt":"2023-06-02T18:32:06","guid":{"rendered":"http:\/\/kfd-dipperz.de\/?page_id=561"},"modified":"2023-06-07T11:48:41","modified_gmt":"2023-06-07T09:48:41","slug":"ehrenamtliche-arbeit-uebers-jahr","status":"publish","type":"page","link":"http:\/\/kfd-dipperz.de\/?page_id=561","title":{"rendered":"Ehrenamtliche Arbeit \u00fcbers Jahr"},"content":{"rendered":"<p style=\"text-align: center;\">Seit Jahren pflegen und bepflanzen die kfd Frauen die Mariengrotte in Dipperz, \u00fcbernehmen die Gestaltung des Erntedank-Altares in der Pfarrkirche und richten den j\u00e4hrlichen Adventsbasar im B\u00fcrgerhaus aus.<\/p>\n<p style=\"text-align: center;\"><strong>Dies w\u00e4re ohne das Engagement vieler kfd-Frauen nicht m\u00f6glich!<\/strong><\/p>\n<p style=\"text-align: center;\"><strong>Ein herzliches &#8222;Vergelts Gott!&#8220;<\/strong><\/p>\n<p><img loading=\"lazy\" decoding=\"async\" class=\"alignnone wp-image-564 aligncenter\" src=\"http:\/\/kfd-dipperz.de\/wp-content\/uploads\/2023\/06\/IMG-20230510-WA0022-300x169.jpg\" alt=\"\" width=\"447\" height=\"252\" srcset=\"http:\/\/kfd-dipperz.de\/wp-content\/uploads\/2023\/06\/IMG-20230510-WA0022-300x169.jpg 300w, http:\/\/kfd-dipperz.de\/wp-content\/uploads\/2023\/06\/IMG-20230510-WA0022-1024x576.jpg 1024w, http:\/\/kfd-dipperz.de\/wp-content\/uploads\/2023\/06\/IMG-20230510-WA0022-768x432.jpg 768w, http:\/\/kfd-dipperz.de\/wp-content\/uploads\/2023\/06\/IMG-20230510-WA0022-1536x864.jpg 1536w, http:\/\/kfd-dipperz.de\/wp-content\/uploads\/2023\/06\/IMG-20230510-WA0022.jpg 2016w\" sizes=\"auto, (max-width: 447px) 100vw, 447px\" \/><\/p>\n<p><img loading=\"lazy\" decoding=\"async\" class=\"wp-image-565 aligncenter\" src=\"http:\/\/kfd-dipperz.de\/wp-content\/uploads\/2023\/06\/20170929_153716-300x225.jpg\" alt=\"\" width=\"447\" height=\"335\" srcset=\"http:\/\/kfd-dipperz.de\/wp-content\/uploads\/2023\/06\/20170929_153716-300x225.jpg 300w, http:\/\/kfd-dipperz.de\/wp-content\/uploads\/2023\/06\/20170929_153716-1024x768.jpg 1024w, http:\/\/kfd-dipperz.de\/wp-content\/uploads\/2023\/06\/20170929_153716-768x576.jpg 768w, http:\/\/kfd-dipperz.de\/wp-content\/uploads\/2023\/06\/20170929_153716-1536x1152.jpg 1536w, http:\/\/kfd-dipperz.de\/wp-content\/uploads\/2023\/06\/20170929_153716-2048x1536.jpg 2048w\" sizes=\"auto, (max-width: 447px) 100vw, 447px\" \/><\/p>\n<p><img loading=\"lazy\" decoding=\"async\" class=\"wp-image-566 aligncenter\" src=\"http:\/\/kfd-dipperz.de\/wp-content\/uploads\/2023\/06\/20161126_111254-300x169.jpg\" alt=\"\" width=\"453\" height=\"255\" srcset=\"http:\/\/kfd-dipperz.de\/wp-content\/uploads\/2023\/06\/20161126_111254-300x169.jpg 300w, http:\/\/kfd-dipperz.de\/wp-content\/uploads\/2023\/06\/20161126_111254-1024x576.jpg 1024w, http:\/\/kfd-dipperz.de\/wp-content\/uploads\/2023\/06\/20161126_111254-768x432.jpg 768w, http:\/\/kfd-dipperz.de\/wp-content\/uploads\/2023\/06\/20161126_111254-1536x864.jpg 1536w, http:\/\/kfd-dipperz.de\/wp-content\/uploads\/2023\/06\/20161126_111254-2048x1152.jpg 2048w\" sizes=\"auto, (max-width: 453px) 100vw, 453px\" \/><\/p>\n<p>Fotos:privat<\/p>\n<p>&nbsp;<\/p>\n","protected":false},"excerpt":{"rendered":"<p>Seit Jahren pflegen und bepflanzen die kfd Frauen die Mariengrotte in Dipperz, \u00fcbernehmen die Gestaltung des Erntedank-Altares in der Pfarrkirche und richten den j\u00e4hrlichen Adventsbasar im B\u00fcrgerhaus aus. Dies w\u00e4re ohne das Engagement vieler kfd-Frauen nicht m\u00f6glich! Ein herzliches &#8222;Vergelts Gott!&#8220; Fotos:privat &nbsp;<\/p>\n","protected":false},"author":2,"featured_media":0,"parent":0,"menu_order":0,"comment_status":"closed","ping_status":"closed","template":"","meta":{"ngg_post_thumbnail":0,"footnotes":""},"class_list":["post-561","page","type-page","status-publish","hentry"],"_links":{"self":[{"href":"http:\/\/kfd-dipperz.de\/index.php?rest_route=\/wp\/v2\/pages\/561","targetHints":{"allow":["GET"]}}],"collection":[{"href":"http:\/\/kfd-dipperz.de\/index.php?rest_route=\/wp\/v2\/pages"}],"about":[{"href":"http:\/\/kfd-dipperz.de\/index.php?rest_route=\/wp\/v2\/types\/page"}],"author":[{"embeddable":true,"href":"http:\/\/kfd-dipperz.de\/index.php?rest_route=\/wp\/v2\/users\/2"}],"replies":[{"embeddable":true,"href":"http:\/\/kfd-dipperz.de\/index.php?rest_route=%2Fwp%2Fv2%2Fcomments&post=561"}],"version-history":[{"count":0,"href":"http:\/\/kfd-dipperz.de\/index.php?rest_route=\/wp\/v2\/pages\/561\/revisions"}],"wp:attachment":[{"href":"http:\/\/kfd-dipperz.de\/index.php?rest_route=%2Fwp%2Fv2%2Fmedia&parent=561"}],"curies":[{"name":"wp","href":"https:\/\/api.w.org\/{rel}","templated":true}]}}