{"id":548,"date":"2023-06-02T20:38:42","date_gmt":"2023-06-02T18:38:42","guid":{"rendered":"http:\/\/kfd-dipperz.de\/?page_id=548"},"modified":"2024-07-01T20:35:40","modified_gmt":"2024-07-01T18:35:40","slug":"wir-brauchen-unterstuetzung","status":"publish","type":"page","link":"http:\/\/kfd-dipperz.de\/?page_id=548","title":{"rendered":"Wir ben\u00f6tigen Unterst\u00fctzung!"},"content":{"rendered":"<div class=\"text ap-plain\">\n<p>Wir ben\u00f6tigen immer wieder Unterst\u00fctzung bei einzelnen Veranstaltungen oder Aktivit\u00e4ten oder in einem unserer Teams. Es soll mit der kfd Dipperz weitergehen!<\/p>\n<p><strong>Es ist uns wichtig, dass sich neue Frauen trauen, ihre Verbundenheit in einer Mitgliedschaft zu bezeugen und auch Teil unserer Teams zu werden, denn &#8230;<\/strong><\/p>\n<ul>\n<li style=\"list-style-type: none;\">\n<ul>\n<li>nur durch neue Frauen bekommen wir andere Blickwinkel auf die Bed\u00fcrfnisse unserer Mitglieder.<\/li>\n<li>nur durch \u201eneues junges\u201c Blut (jung im Sinne von \u201enoch nicht seit mehreren Wahlperioden in einem unserer Teams) haben neue Ideen eine Chance auf Umsetzung.<\/li>\n<li>nur dank vieler Schultern ist die Last der vielen kleinen Aufgaben f\u00fcr die Einzelne tragbar.<\/li>\n<\/ul>\n<\/li>\n<\/ul>\n<p><a href=\"https:\/\/www.kfd-bundesverband.de\/\" target=\"_blank\" rel=\"noopener\"><img loading=\"lazy\" decoding=\"async\" class=\"size-medium wp-image-586 aligncenter\" src=\"http:\/\/kfd-dipperz.de\/wp-content\/uploads\/2023\/06\/KfdKraftSlider.png_728717432-2-300x206.png\" alt=\"\" width=\"300\" height=\"206\" srcset=\"http:\/\/kfd-dipperz.de\/wp-content\/uploads\/2023\/06\/KfdKraftSlider.png_728717432-2-300x206.png 300w, http:\/\/kfd-dipperz.de\/wp-content\/uploads\/2023\/06\/KfdKraftSlider.png_728717432-2-768x528.png 768w, http:\/\/kfd-dipperz.de\/wp-content\/uploads\/2023\/06\/KfdKraftSlider.png_728717432-2.png 786w\" sizes=\"auto, (max-width: 300px) 100vw, 300px\" \/><\/a><\/p>\n<p>Falls DU Lust hast, bei uns dabei zu sein oder dich auf irgendeiner Ebene einzubringen, sprich uns auf einer unserer Veranstaltungen an oder schreibe uns unter: <strong>kfd-dipperz@web.de<\/strong><\/p>\n<p>Gerne kannst DU auch als Gast bei einer unserer&nbsp; Team-Runden teilnehmen und reinschnuppern, wie es dort zugeht.<\/p>\n<p><strong>Wir sind eine herzliche, lustige und aktive Frauenrunde, die f\u00fcr die Frauen unserer Gemeinde etwas bewirken und auf die Beine stellen wollen.<\/strong><\/p>\n<\/div>\n<p>Willkommen, sind <strong>ALLE<\/strong> Frauen jeglichen Alters oder Konfession, die Lust haben und bei uns dabei sein m\u00f6chten! Jeder kann sich im Rahmen eigenen Ermessens bei einem unserer Teams einbringen, mithelfen und mitwirken!<\/p>\n<p>Wir freuen uns \u00fcber jede Frau, die <strong>AKTIV<\/strong> bei der KFD dabei sein m\u00f6chte!<\/p>\n<h3 style=\"text-align: left;\"><strong>Gute Gr\u00fcnde eine kfd-Frau zu werden!<\/strong><\/h3>\n<p style=\"text-align: left;\"><strong>Frau sein = Frau treffen&nbsp;&nbsp;&nbsp;&nbsp;&nbsp;&nbsp;&nbsp;&nbsp;&nbsp;&nbsp;&nbsp;&nbsp;&nbsp;&nbsp;&nbsp;&nbsp;&nbsp;&nbsp;&nbsp;&nbsp;&nbsp;&nbsp;&nbsp;&nbsp;&nbsp;&nbsp;&nbsp;&nbsp;&nbsp;&nbsp;&nbsp;&nbsp;<br \/>\n<\/strong><\/p>\n<p style=\"text-align: left;\"><strong>K<\/strong> = kompetent&nbsp;&nbsp;&nbsp;&nbsp;&nbsp;&nbsp;&nbsp;&nbsp;&nbsp;&nbsp;&nbsp;&nbsp;&nbsp;&nbsp;&nbsp;&nbsp;&nbsp;&nbsp;&nbsp;&nbsp;&nbsp;&nbsp;&nbsp;&nbsp;&nbsp;&nbsp;&nbsp;&nbsp;&nbsp;&nbsp;&nbsp;&nbsp;&nbsp;&nbsp;&nbsp;&nbsp;&nbsp;&nbsp;&nbsp;&nbsp;<\/p>\n<p style=\"text-align: left;\"><strong>F<\/strong> = frauenorientiert<\/p>\n<p style=\"text-align: left;\"><strong>D<\/strong> = dynamisch&nbsp;<\/p>\n<p style=\"text-align: left;\">&nbsp;&nbsp;&nbsp;<a href=\"https:\/\/www.kfd-bundesverband.de\/\" target=\"_blank\" rel=\"noopener\"><img loading=\"lazy\" decoding=\"async\" class=\"wp-image-349 aligncenter\" src=\"http:\/\/kfd-dipperz.de\/wp-content\/uploads\/2023\/06\/mitglied-werden-1-300x129.jpg\" alt=\"\" width=\"402\" height=\"173\" srcset=\"http:\/\/kfd-dipperz.de\/wp-content\/uploads\/2023\/06\/mitglied-werden-1-300x129.jpg 300w, http:\/\/kfd-dipperz.de\/wp-content\/uploads\/2023\/06\/mitglied-werden-1.jpg 448w\" sizes=\"auto, (max-width: 402px) 100vw, 402px\" \/><\/a><\/p>\n<p>&nbsp;<\/p>\n<p>&nbsp;&nbsp;&nbsp;&nbsp;&nbsp; &nbsp; Grafik: kfd-Bundesverband &nbsp;&nbsp;&nbsp;&nbsp;&nbsp;&nbsp;&nbsp;&nbsp;&nbsp;&nbsp;&nbsp;&nbsp;&nbsp;&nbsp;&nbsp;&nbsp;&nbsp;&nbsp;&nbsp;&nbsp;&nbsp;&nbsp;&nbsp;&nbsp;&nbsp;&nbsp;&nbsp;&nbsp;&nbsp;&nbsp;&nbsp;&nbsp;&nbsp;&nbsp;&nbsp;&nbsp;&nbsp;&nbsp;&nbsp;<\/p>\n","protected":false},"excerpt":{"rendered":"<p>Wir ben\u00f6tigen immer wieder Unterst\u00fctzung bei einzelnen Veranstaltungen oder Aktivit\u00e4ten oder in einem unserer Teams. Es soll mit der kfd Dipperz weitergehen! Es ist uns wichtig, dass sich neue Frauen trauen, ihre Verbundenheit in einer Mitgliedschaft zu bezeugen und auch Teil unserer Teams zu werden, denn &#8230; nur durch neue Frauen bekommen wir andere Blickwinkel &hellip; <a href=\"http:\/\/kfd-dipperz.de\/?page_id=548\" class=\"more-link\"><span class=\"screen-reader-text\">Wir ben\u00f6tigen Unterst\u00fctzung!<\/span> weiterlesen<\/a><\/p>\n","protected":false},"author":2,"featured_media":0,"parent":0,"menu_order":0,"comment_status":"closed","ping_status":"closed","template":"","meta":{"ngg_post_thumbnail":0,"footnotes":""},"class_list":["post-548","page","type-page","status-publish","hentry"],"_links":{"self":[{"href":"http:\/\/kfd-dipperz.de\/index.php?rest_route=\/wp\/v2\/pages\/548","targetHints":{"allow":["GET"]}}],"collection":[{"href":"http:\/\/kfd-dipperz.de\/index.php?rest_route=\/wp\/v2\/pages"}],"about":[{"href":"http:\/\/kfd-dipperz.de\/index.php?rest_route=\/wp\/v2\/types\/page"}],"author":[{"embeddable":true,"href":"http:\/\/kfd-dipperz.de\/index.php?rest_route=\/wp\/v2\/users\/2"}],"replies":[{"embeddable":true,"href":"http:\/\/kfd-dipperz.de\/index.php?rest_route=%2Fwp%2Fv2%2Fcomments&post=548"}],"version-history":[{"count":0,"href":"http:\/\/kfd-dipperz.de\/index.php?rest_route=\/wp\/v2\/pages\/548\/revisions"}],"wp:attachment":[{"href":"http:\/\/kfd-dipperz.de\/index.php?rest_route=%2Fwp%2Fv2%2Fmedia&parent=548"}],"curies":[{"name":"wp","href":"https:\/\/api.w.org\/{rel}","templated":true}]}}