{"id":5432,"date":"2024-03-30T09:03:32","date_gmt":"2024-03-30T08:03:32","guid":{"rendered":"http:\/\/kfd-dipperz.de\/?page_id=5432"},"modified":"2026-02-05T12:40:55","modified_gmt":"2026-02-05T11:40:55","slug":"frauenfastnacht-2024-2","status":"publish","type":"page","link":"http:\/\/kfd-dipperz.de\/?page_id=5432","title":{"rendered":"Frauenfastnacht 2024"},"content":{"rendered":"<p><strong>\u201eWas feiern hier die besten G\u00e4ste? In Dipperz heut den Wilden Westen!\u201c <\/strong><\/p>\n<p>war das Motto der diesj\u00e4hrigen Frauenfastnacht der kfd St. Antonius Dipperz am Donnerstag,&nbsp; 01.02.2024.<\/p>\n<p align=\"center\"><a href=\"https:\/\/osthessen-news.de\/n11755960\/ein-langer-donnerstagabend-frauenfastnacht-der-kfd-st-antonius-dipperz.html\" target=\"_blank\" rel=\"noopener\"><strong><em>Artikel Osthessen News<\/em><\/strong><\/a><\/p>\n<p align=\"center\"><strong><em><a href=\"https:\/\/osthessen-news.de\/n11756008\/tanz-musik-und-beste-laune-bei-der-frauenfastnacht.html\" target=\"_blank\" rel=\"noopener\">Artikel Osthessen News &#8211; Bilderserie 2<\/a><\/em><\/strong><\/p>\n<p align=\"center\"><strong><em><a href=\"http:\/\/kfd-dipperz.de\/?page_id=4729\">Hier gibt es noch weitere Bilder<\/a> \u2013 allerdings passwortgesch\u00fctzt! Das Passwort kann bei den Teams erfragt werden!<\/em><\/strong><\/p>\n<p>Der Abend begann mit einem Linedance-Flashmob im vollbesetzten B\u00fcrgerhaus, was mit viel Kreativit\u00e4t passend zum Motto dekoriert war.<\/p>\n<p><a href=\"http:\/\/kfd-dipperz.de\/wp-content\/uploads\/2024\/03\/11755960-dsc-8923.jpg\"><img loading=\"lazy\" decoding=\"async\" class=\"aligncenter wp-image-5973\" src=\"http:\/\/kfd-dipperz.de\/wp-content\/uploads\/2024\/03\/11755960-dsc-8923-300x200.jpg\" alt=\"\" width=\"400\" height=\"267\" srcset=\"http:\/\/kfd-dipperz.de\/wp-content\/uploads\/2024\/03\/11755960-dsc-8923-300x200.jpg 300w, http:\/\/kfd-dipperz.de\/wp-content\/uploads\/2024\/03\/11755960-dsc-8923-1024x684.jpg 1024w, http:\/\/kfd-dipperz.de\/wp-content\/uploads\/2024\/03\/11755960-dsc-8923-768x513.jpg 768w, http:\/\/kfd-dipperz.de\/wp-content\/uploads\/2024\/03\/11755960-dsc-8923.jpg 1279w\" sizes=\"auto, (max-width: 400px) 100vw, 400px\" \/><\/a><\/p>\n<p>Christine M\u00fcller und Annette Schulz f\u00fchrten mit Charme und Witz humorvoll durch das n\u00e4rrische Programm.<\/p>\n<p><a href=\"http:\/\/kfd-dipperz.de\/wp-content\/uploads\/2024\/03\/DSC_1349-scaled.jpg\"><img loading=\"lazy\" decoding=\"async\" class=\"aligncenter wp-image-5447\" src=\"http:\/\/kfd-dipperz.de\/wp-content\/uploads\/2024\/03\/DSC_1349-300x199.jpg\" alt=\"\" width=\"400\" height=\"266\" srcset=\"http:\/\/kfd-dipperz.de\/wp-content\/uploads\/2024\/03\/DSC_1349-300x199.jpg 300w, http:\/\/kfd-dipperz.de\/wp-content\/uploads\/2024\/03\/DSC_1349-1024x680.jpg 1024w, http:\/\/kfd-dipperz.de\/wp-content\/uploads\/2024\/03\/DSC_1349-768x510.jpg 768w, http:\/\/kfd-dipperz.de\/wp-content\/uploads\/2024\/03\/DSC_1349-1536x1020.jpg 1536w, http:\/\/kfd-dipperz.de\/wp-content\/uploads\/2024\/03\/DSC_1349-2048x1360.jpg 2048w\" sizes=\"auto, (max-width: 400px) 100vw, 400px\" \/><\/a><\/p>\n<p>Stimmungsgeladene Showt\u00e4nze wechselten sich mit unterhaltsamen und witzigen Sketchen ab. Die Dipperzer Frauen lauschten der humorvollen \u201eDorfgartenschau\u201c, welche nach Dipperz geholt wurde.<\/p>\n<p><a href=\"http:\/\/kfd-dipperz.de\/wp-content\/uploads\/2024\/03\/11755960-dsc-8980.jpg\"><img loading=\"lazy\" decoding=\"async\" class=\"aligncenter wp-image-5439\" src=\"http:\/\/kfd-dipperz.de\/wp-content\/uploads\/2024\/03\/11755960-dsc-8980-300x200.jpg\" alt=\"\" width=\"400\" height=\"267\" srcset=\"http:\/\/kfd-dipperz.de\/wp-content\/uploads\/2024\/03\/11755960-dsc-8980-300x200.jpg 300w, http:\/\/kfd-dipperz.de\/wp-content\/uploads\/2024\/03\/11755960-dsc-8980-1024x684.jpg 1024w, http:\/\/kfd-dipperz.de\/wp-content\/uploads\/2024\/03\/11755960-dsc-8980-768x513.jpg 768w, http:\/\/kfd-dipperz.de\/wp-content\/uploads\/2024\/03\/11755960-dsc-8980.jpg 1279w\" sizes=\"auto, (max-width: 400px) 100vw, 400px\" \/><\/a><\/p>\n<p>In stimmungsvoller Atomsph\u00e4re am Lagerfeuer erz\u00e4hlten Cowboys und Indianer wie es Ihnen ergeht beim Sketch \u201eB\u00e4mmer \u00e4ller wird im Wilden Westen.<\/p>\n<p><a href=\"http:\/\/kfd-dipperz.de\/wp-content\/uploads\/2024\/03\/DSC_1462-scaled.jpg\"><img loading=\"lazy\" decoding=\"async\" class=\"aligncenter wp-image-5442\" src=\"http:\/\/kfd-dipperz.de\/wp-content\/uploads\/2024\/03\/DSC_1462-300x199.jpg\" alt=\"\" width=\"400\" height=\"266\" srcset=\"http:\/\/kfd-dipperz.de\/wp-content\/uploads\/2024\/03\/DSC_1462-300x199.jpg 300w, http:\/\/kfd-dipperz.de\/wp-content\/uploads\/2024\/03\/DSC_1462-1024x680.jpg 1024w, http:\/\/kfd-dipperz.de\/wp-content\/uploads\/2024\/03\/DSC_1462-768x510.jpg 768w, http:\/\/kfd-dipperz.de\/wp-content\/uploads\/2024\/03\/DSC_1462-1536x1020.jpg 1536w, http:\/\/kfd-dipperz.de\/wp-content\/uploads\/2024\/03\/DSC_1462-2048x1360.jpg 2048w\" sizes=\"auto, (max-width: 400px) 100vw, 400px\" \/><\/a><\/p>\n<p>Das tragische Ausma\u00df seines Leidens wollte Paul herabspielen beim Sketch \u201eDie M\u00e4nnergrippe\u201c. Jedoch hatte er die Rechnung ohne seine Mutter gemacht.<\/p>\n<p><a href=\"http:\/\/kfd-dipperz.de\/wp-content\/uploads\/2024\/03\/DSC_1518-scaled.jpg\"><img loading=\"lazy\" decoding=\"async\" class=\"aligncenter wp-image-5443\" src=\"http:\/\/kfd-dipperz.de\/wp-content\/uploads\/2024\/03\/DSC_1518-300x199.jpg\" alt=\"\" width=\"400\" height=\"266\" srcset=\"http:\/\/kfd-dipperz.de\/wp-content\/uploads\/2024\/03\/DSC_1518-300x199.jpg 300w, http:\/\/kfd-dipperz.de\/wp-content\/uploads\/2024\/03\/DSC_1518-1024x680.jpg 1024w, http:\/\/kfd-dipperz.de\/wp-content\/uploads\/2024\/03\/DSC_1518-768x510.jpg 768w, http:\/\/kfd-dipperz.de\/wp-content\/uploads\/2024\/03\/DSC_1518-1536x1020.jpg 1536w, http:\/\/kfd-dipperz.de\/wp-content\/uploads\/2024\/03\/DSC_1518-2048x1360.jpg 2048w\" sizes=\"auto, (max-width: 400px) 100vw, 400px\" \/><\/a><\/p>\n<p>Gro\u00dfen Beifall erhielt die Sketche &#8222;Die Selbsthilfegruppe&#8220; und \u201eKasse bitte!\u201c &#8211; nicht nur, weil Pfarrer Kownacki hierbei eine Rolle \u00fcbernommen hatte.<\/p>\n<p><a href=\"http:\/\/kfd-dipperz.de\/wp-content\/uploads\/2024\/03\/DSC_1407-scaled.jpg\"><img loading=\"lazy\" decoding=\"async\" class=\"aligncenter wp-image-5452\" src=\"http:\/\/kfd-dipperz.de\/wp-content\/uploads\/2024\/03\/DSC_1407-300x199.jpg\" alt=\"\" width=\"400\" height=\"266\" srcset=\"http:\/\/kfd-dipperz.de\/wp-content\/uploads\/2024\/03\/DSC_1407-300x199.jpg 300w, http:\/\/kfd-dipperz.de\/wp-content\/uploads\/2024\/03\/DSC_1407-1024x680.jpg 1024w, http:\/\/kfd-dipperz.de\/wp-content\/uploads\/2024\/03\/DSC_1407-768x510.jpg 768w, http:\/\/kfd-dipperz.de\/wp-content\/uploads\/2024\/03\/DSC_1407-1536x1020.jpg 1536w, http:\/\/kfd-dipperz.de\/wp-content\/uploads\/2024\/03\/DSC_1407-2048x1360.jpg 2048w\" sizes=\"auto, (max-width: 400px) 100vw, 400px\" \/><\/a><\/p>\n<p><a href=\"http:\/\/kfd-dipperz.de\/wp-content\/uploads\/2024\/03\/DSC_1672-scaled.jpg\"><img loading=\"lazy\" decoding=\"async\" class=\"aligncenter wp-image-5445\" src=\"http:\/\/kfd-dipperz.de\/wp-content\/uploads\/2024\/03\/DSC_1672-300x199.jpg\" alt=\"\" width=\"400\" height=\"266\" srcset=\"http:\/\/kfd-dipperz.de\/wp-content\/uploads\/2024\/03\/DSC_1672-300x199.jpg 300w, http:\/\/kfd-dipperz.de\/wp-content\/uploads\/2024\/03\/DSC_1672-1024x680.jpg 1024w, http:\/\/kfd-dipperz.de\/wp-content\/uploads\/2024\/03\/DSC_1672-768x510.jpg 768w, http:\/\/kfd-dipperz.de\/wp-content\/uploads\/2024\/03\/DSC_1672-1536x1020.jpg 1536w, http:\/\/kfd-dipperz.de\/wp-content\/uploads\/2024\/03\/DSC_1672-2048x1360.jpg 2048w\" sizes=\"auto, (max-width: 400px) 100vw, 400px\" \/><\/a><\/p>\n<p>Auch die Pr\u00e4sidentengarde des KV Dipperz lie\u00df es sich nicht nehmen, trotz vieler Auftritte, die Frauenfastnacht zu bereichern.<\/p>\n<p><a href=\"http:\/\/kfd-dipperz.de\/wp-content\/uploads\/2024\/03\/11756008-dsc-9254.jpg\"><img loading=\"lazy\" decoding=\"async\" class=\"aligncenter wp-image-5441\" src=\"http:\/\/kfd-dipperz.de\/wp-content\/uploads\/2024\/03\/11756008-dsc-9254-300x200.jpg\" alt=\"\" width=\"400\" height=\"267\" srcset=\"http:\/\/kfd-dipperz.de\/wp-content\/uploads\/2024\/03\/11756008-dsc-9254-300x200.jpg 300w, http:\/\/kfd-dipperz.de\/wp-content\/uploads\/2024\/03\/11756008-dsc-9254-1024x684.jpg 1024w, http:\/\/kfd-dipperz.de\/wp-content\/uploads\/2024\/03\/11756008-dsc-9254-768x513.jpg 768w, http:\/\/kfd-dipperz.de\/wp-content\/uploads\/2024\/03\/11756008-dsc-9254.jpg 1279w\" sizes=\"auto, (max-width: 400px) 100vw, 400px\" \/><\/a><\/p>\n<p>Weitere Highlights des Abends waren die T\u00e4nze der Showtanzgruppe \u201eMatzeratis\u201c aus Mittelkalbach, &#8222;Fr\u00e4ulein Brilliant&#8220; aus Dipperz, das Tanzmariechen Lara vom KV Dipperz, die Showtanzgruppe &#8222;Hot Temptation&#8220; aus Poppenhausen und die Hei\u00dfen H\u00f6schen aus Poppenhausen.<\/p>\n<p><a href=\"http:\/\/kfd-dipperz.de\/wp-content\/uploads\/2024\/03\/DSC_1449-scaled.jpg\"><img loading=\"lazy\" decoding=\"async\" class=\"aligncenter wp-image-5448\" src=\"http:\/\/kfd-dipperz.de\/wp-content\/uploads\/2024\/03\/DSC_1449-300x199.jpg\" alt=\"\" width=\"400\" height=\"266\" srcset=\"http:\/\/kfd-dipperz.de\/wp-content\/uploads\/2024\/03\/DSC_1449-300x199.jpg 300w, http:\/\/kfd-dipperz.de\/wp-content\/uploads\/2024\/03\/DSC_1449-1024x680.jpg 1024w, http:\/\/kfd-dipperz.de\/wp-content\/uploads\/2024\/03\/DSC_1449-768x510.jpg 768w, http:\/\/kfd-dipperz.de\/wp-content\/uploads\/2024\/03\/DSC_1449-1536x1020.jpg 1536w, http:\/\/kfd-dipperz.de\/wp-content\/uploads\/2024\/03\/DSC_1449-2048x1360.jpg 2048w\" sizes=\"auto, (max-width: 400px) 100vw, 400px\" \/><\/a><\/p>\n<p><a href=\"http:\/\/kfd-dipperz.de\/wp-content\/uploads\/2024\/03\/DSC_1743-scaled.jpg\"><img loading=\"lazy\" decoding=\"async\" class=\"aligncenter wp-image-5446\" src=\"http:\/\/kfd-dipperz.de\/wp-content\/uploads\/2024\/03\/DSC_1743-300x199.jpg\" alt=\"\" width=\"400\" height=\"266\" srcset=\"http:\/\/kfd-dipperz.de\/wp-content\/uploads\/2024\/03\/DSC_1743-300x199.jpg 300w, http:\/\/kfd-dipperz.de\/wp-content\/uploads\/2024\/03\/DSC_1743-1024x680.jpg 1024w, http:\/\/kfd-dipperz.de\/wp-content\/uploads\/2024\/03\/DSC_1743-768x510.jpg 768w, http:\/\/kfd-dipperz.de\/wp-content\/uploads\/2024\/03\/DSC_1743-1536x1020.jpg 1536w, http:\/\/kfd-dipperz.de\/wp-content\/uploads\/2024\/03\/DSC_1743-2048x1360.jpg 2048w\" sizes=\"auto, (max-width: 400px) 100vw, 400px\" \/><\/a><a href=\"http:\/\/kfd-dipperz.de\/wp-content\/uploads\/2024\/03\/11755960-dsc-8953.jpg\"><img loading=\"lazy\" decoding=\"async\" class=\"aligncenter wp-image-5438\" src=\"http:\/\/kfd-dipperz.de\/wp-content\/uploads\/2024\/03\/11755960-dsc-8953-300x200.jpg\" alt=\"\" width=\"400\" height=\"267\" srcset=\"http:\/\/kfd-dipperz.de\/wp-content\/uploads\/2024\/03\/11755960-dsc-8953-300x200.jpg 300w, http:\/\/kfd-dipperz.de\/wp-content\/uploads\/2024\/03\/11755960-dsc-8953-1024x684.jpg 1024w, http:\/\/kfd-dipperz.de\/wp-content\/uploads\/2024\/03\/11755960-dsc-8953-768x513.jpg 768w, http:\/\/kfd-dipperz.de\/wp-content\/uploads\/2024\/03\/11755960-dsc-8953.jpg 1279w\" sizes=\"auto, (max-width: 400px) 100vw, 400px\" \/><\/a><\/p>\n<p><a href=\"http:\/\/kfd-dipperz.de\/wp-content\/uploads\/2024\/03\/DSC_1825-scaled.jpg\"><img loading=\"lazy\" decoding=\"async\" class=\"aligncenter wp-image-5456\" src=\"http:\/\/kfd-dipperz.de\/wp-content\/uploads\/2024\/03\/DSC_1825-300x199.jpg\" alt=\"\" width=\"400\" height=\"266\" srcset=\"http:\/\/kfd-dipperz.de\/wp-content\/uploads\/2024\/03\/DSC_1825-300x199.jpg 300w, http:\/\/kfd-dipperz.de\/wp-content\/uploads\/2024\/03\/DSC_1825-1024x680.jpg 1024w, http:\/\/kfd-dipperz.de\/wp-content\/uploads\/2024\/03\/DSC_1825-768x510.jpg 768w, http:\/\/kfd-dipperz.de\/wp-content\/uploads\/2024\/03\/DSC_1825-1536x1020.jpg 1536w, http:\/\/kfd-dipperz.de\/wp-content\/uploads\/2024\/03\/DSC_1825-2048x1360.jpg 2048w\" sizes=\"auto, (max-width: 400px) 100vw, 400px\" \/><\/a><\/p>\n<p><a href=\"http:\/\/kfd-dipperz.de\/wp-content\/uploads\/2024\/03\/DSC_1508-scaled.jpg\"><img loading=\"lazy\" decoding=\"async\" class=\"aligncenter wp-image-5449\" src=\"http:\/\/kfd-dipperz.de\/wp-content\/uploads\/2024\/03\/DSC_1508-300x199.jpg\" alt=\"\" width=\"400\" height=\"266\" srcset=\"http:\/\/kfd-dipperz.de\/wp-content\/uploads\/2024\/03\/DSC_1508-300x199.jpg 300w, http:\/\/kfd-dipperz.de\/wp-content\/uploads\/2024\/03\/DSC_1508-1024x680.jpg 1024w, http:\/\/kfd-dipperz.de\/wp-content\/uploads\/2024\/03\/DSC_1508-768x510.jpg 768w, http:\/\/kfd-dipperz.de\/wp-content\/uploads\/2024\/03\/DSC_1508-1536x1020.jpg 1536w, http:\/\/kfd-dipperz.de\/wp-content\/uploads\/2024\/03\/DSC_1508-2048x1360.jpg 2048w\" sizes=\"auto, (max-width: 400px) 100vw, 400px\" \/><\/a><\/p>\n<p>Ein weiterer umjubelter Programmpunkt des Abends war der Einmarsch der Dirloser G\u00fcckel mit ihren Tollit\u00e4ten \u201eG\u00fcckel W\u00f6lfes und seine Prinzessin Lexi\u201c und der musikalischer Elferrat, der Garde, dem H\u00fchnerhaufen und der M\u00e4nnertanzgarde Doppel-D.<\/p>\n<p><a href=\"http:\/\/kfd-dipperz.de\/wp-content\/uploads\/2024\/03\/DSC_1539-scaled.jpg\"><img loading=\"lazy\" decoding=\"async\" class=\"aligncenter wp-image-5460\" src=\"http:\/\/kfd-dipperz.de\/wp-content\/uploads\/2024\/03\/DSC_1539-300x199.jpg\" alt=\"\" width=\"400\" height=\"266\" srcset=\"http:\/\/kfd-dipperz.de\/wp-content\/uploads\/2024\/03\/DSC_1539-300x199.jpg 300w, http:\/\/kfd-dipperz.de\/wp-content\/uploads\/2024\/03\/DSC_1539-1024x680.jpg 1024w, http:\/\/kfd-dipperz.de\/wp-content\/uploads\/2024\/03\/DSC_1539-768x510.jpg 768w, http:\/\/kfd-dipperz.de\/wp-content\/uploads\/2024\/03\/DSC_1539-1536x1020.jpg 1536w, http:\/\/kfd-dipperz.de\/wp-content\/uploads\/2024\/03\/DSC_1539-2048x1360.jpg 2048w\" sizes=\"auto, (max-width: 400px) 100vw, 400px\" \/><\/a><\/p>\n<p><a href=\"http:\/\/kfd-dipperz.de\/wp-content\/uploads\/2024\/03\/11756008-dsc-9223.jpg\"><img loading=\"lazy\" decoding=\"async\" class=\"aligncenter wp-image-5440\" src=\"http:\/\/kfd-dipperz.de\/wp-content\/uploads\/2024\/03\/11756008-dsc-9223-300x200.jpg\" alt=\"\" width=\"400\" height=\"267\" srcset=\"http:\/\/kfd-dipperz.de\/wp-content\/uploads\/2024\/03\/11756008-dsc-9223-300x200.jpg 300w, http:\/\/kfd-dipperz.de\/wp-content\/uploads\/2024\/03\/11756008-dsc-9223-1024x684.jpg 1024w, http:\/\/kfd-dipperz.de\/wp-content\/uploads\/2024\/03\/11756008-dsc-9223-768x513.jpg 768w, http:\/\/kfd-dipperz.de\/wp-content\/uploads\/2024\/03\/11756008-dsc-9223.jpg 1279w\" sizes=\"auto, (max-width: 400px) 100vw, 400px\" \/><\/a><\/p>\n<p>Der Sketch &#8222;Der Bank\u00fcberfall&#8220; war der kr\u00f6nende Abschluss.&nbsp;<\/p>\n<p><a href=\"http:\/\/kfd-dipperz.de\/wp-content\/uploads\/2024\/03\/DSC_1600-scaled.jpg\"><img loading=\"lazy\" decoding=\"async\" class=\"aligncenter wp-image-5444\" src=\"http:\/\/kfd-dipperz.de\/wp-content\/uploads\/2024\/03\/DSC_1600-300x199.jpg\" alt=\"\" width=\"400\" height=\"266\" srcset=\"http:\/\/kfd-dipperz.de\/wp-content\/uploads\/2024\/03\/DSC_1600-300x199.jpg 300w, http:\/\/kfd-dipperz.de\/wp-content\/uploads\/2024\/03\/DSC_1600-1024x680.jpg 1024w, http:\/\/kfd-dipperz.de\/wp-content\/uploads\/2024\/03\/DSC_1600-768x510.jpg 768w, http:\/\/kfd-dipperz.de\/wp-content\/uploads\/2024\/03\/DSC_1600-1536x1020.jpg 1536w, http:\/\/kfd-dipperz.de\/wp-content\/uploads\/2024\/03\/DSC_1600-2048x1360.jpg 2048w\" sizes=\"auto, (max-width: 400px) 100vw, 400px\" \/><\/a><\/p>\n<p>Bevor das gro\u00dfe Finale aller Mitwirkenden gefeiert wurde, erhielten die Moderatorinnen Christine M\u00fcller und Annette Schulz, die K\u00fcchenfeen, die Regie und die flotten, toll als Frauen verkleideten Bedienungen gro\u00dfen Beifall als Dank.<\/p>\n<p>Das n\u00e4rrische stimmungsvolle Publikum sparte nicht mit Applaus und Harald &#8222;Magic&#8220; Kirchner brachte die Stimmung im B\u00fcrgerhaus in Dipperz zum Beben.<\/p>\n<p><a href=\"http:\/\/kfd-dipperz.de\/wp-content\/uploads\/2024\/03\/11755960-dsc-8969.jpg\"><img loading=\"lazy\" decoding=\"async\" class=\"aligncenter wp-image-5644\" src=\"http:\/\/kfd-dipperz.de\/wp-content\/uploads\/2024\/03\/11755960-dsc-8969-300x200.jpg\" alt=\"\" width=\"400\" height=\"267\" srcset=\"http:\/\/kfd-dipperz.de\/wp-content\/uploads\/2024\/03\/11755960-dsc-8969-300x200.jpg 300w, http:\/\/kfd-dipperz.de\/wp-content\/uploads\/2024\/03\/11755960-dsc-8969-1024x684.jpg 1024w, http:\/\/kfd-dipperz.de\/wp-content\/uploads\/2024\/03\/11755960-dsc-8969-768x513.jpg 768w, http:\/\/kfd-dipperz.de\/wp-content\/uploads\/2024\/03\/11755960-dsc-8969.jpg 1279w\" sizes=\"auto, (max-width: 400px) 100vw, 400px\" \/><\/a><\/p>\n<p>Zum Abschluss hielt es niemand mehr auf den St\u00fchlen und alle tanzten nochmal mit der Flashmobgruppe Linedance.<\/p>\n<p><a href=\"http:\/\/kfd-dipperz.de\/wp-content\/uploads\/2024\/03\/11755960-dsc-8952.jpg\"><img loading=\"lazy\" decoding=\"async\" class=\"aligncenter wp-image-5437\" src=\"http:\/\/kfd-dipperz.de\/wp-content\/uploads\/2024\/03\/11755960-dsc-8952-300x225.jpg\" alt=\"\" width=\"400\" height=\"300\" srcset=\"http:\/\/kfd-dipperz.de\/wp-content\/uploads\/2024\/03\/11755960-dsc-8952-300x225.jpg 300w, http:\/\/kfd-dipperz.de\/wp-content\/uploads\/2024\/03\/11755960-dsc-8952-1024x768.jpg 1024w, http:\/\/kfd-dipperz.de\/wp-content\/uploads\/2024\/03\/11755960-dsc-8952-768x576.jpg 768w, http:\/\/kfd-dipperz.de\/wp-content\/uploads\/2024\/03\/11755960-dsc-8952-1536x1152.jpg 1536w, http:\/\/kfd-dipperz.de\/wp-content\/uploads\/2024\/03\/11755960-dsc-8952.jpg 2016w\" sizes=\"auto, (max-width: 400px) 100vw, 400px\" \/><\/a><\/p>\n<p>Wir bedanken uns bei allen, die mitgewirkt und uns unterst\u00fctzt haben und mit uns gefeiert haben. Wir freuen uns auf ein Wiedersehen in zwei Jahren!<\/p>\n<p>&nbsp;<\/p>\n","protected":false},"excerpt":{"rendered":"<p>\u201eWas feiern hier die besten G\u00e4ste? In Dipperz heut den Wilden Westen!\u201c war das Motto der diesj\u00e4hrigen Frauenfastnacht der kfd St. Antonius Dipperz am Donnerstag,&nbsp; 01.02.2024. Artikel Osthessen News Artikel Osthessen News &#8211; Bilderserie 2 Hier gibt es noch weitere Bilder \u2013 allerdings passwortgesch\u00fctzt! Das Passwort kann bei den Teams erfragt werden! Der Abend begann &hellip; <a href=\"http:\/\/kfd-dipperz.de\/?page_id=5432\" class=\"more-link\"><span class=\"screen-reader-text\">Frauenfastnacht 2024<\/span> weiterlesen<\/a><\/p>\n","protected":false},"author":2,"featured_media":0,"parent":0,"menu_order":0,"comment_status":"closed","ping_status":"closed","template":"","meta":{"ngg_post_thumbnail":0,"footnotes":""},"class_list":["post-5432","page","type-page","status-publish","hentry"],"_links":{"self":[{"href":"http:\/\/kfd-dipperz.de\/index.php?rest_route=\/wp\/v2\/pages\/5432","targetHints":{"allow":["GET"]}}],"collection":[{"href":"http:\/\/kfd-dipperz.de\/index.php?rest_route=\/wp\/v2\/pages"}],"about":[{"href":"http:\/\/kfd-dipperz.de\/index.php?rest_route=\/wp\/v2\/types\/page"}],"author":[{"embeddable":true,"href":"http:\/\/kfd-dipperz.de\/index.php?rest_route=\/wp\/v2\/users\/2"}],"replies":[{"embeddable":true,"href":"http:\/\/kfd-dipperz.de\/index.php?rest_route=%2Fwp%2Fv2%2Fcomments&post=5432"}],"version-history":[{"count":0,"href":"http:\/\/kfd-dipperz.de\/index.php?rest_route=\/wp\/v2\/pages\/5432\/revisions"}],"wp:attachment":[{"href":"http:\/\/kfd-dipperz.de\/index.php?rest_route=%2Fwp%2Fv2%2Fmedia&parent=5432"}],"curies":[{"name":"wp","href":"https:\/\/api.w.org\/{rel}","templated":true}]}}