{"id":49,"date":"2023-05-25T13:13:13","date_gmt":"2023-05-25T11:13:13","guid":{"rendered":"http:\/\/kfd-dipperz.de\/?page_id=49"},"modified":"2026-04-20T14:50:06","modified_gmt":"2026-04-20T12:50:06","slug":"mesmerize","status":"publish","type":"page","link":"http:\/\/kfd-dipperz.de\/","title":{"rendered":"Startseite"},"content":{"rendered":"<div id=\"overlappable-4\" class=\"overlappable-4 content-section content-section-spacing\" style=\"background-color: #ffffff;\" data-label=\"Overlappable\" data-id=\"overlappable-4\" data-export-id=\"overlappable-4\" data-category=\"overlappable\" data-overlap=\"true\">\n<div class=\"gridContainer\">\n<div class=\"row spaced-cols text-center\" data-type=\"row\">\n<div>\n<h3 style=\"text-align: center;\">Herzlich Willkommen bei der Frauengemeinschaft Dipperz!<\/h3>\n<\/div>\n<\/div>\n<div class=\"row spaced-cols text-center\" data-type=\"row\">\n<div>\n<h4 style=\"text-align: center;\"><strong>Sch\u00f6n, dass Sie bei uns einmal vorbeischauen!<\/strong><\/h4>\n<\/div>\n<\/div>\n<\/div>\n<div class=\"gridContainer\">\n<div class=\"row spaced-cols text-center\" data-type=\"row\">\n<div>\n<p><a href=\"http:\/\/kfd-dipperz.de\/wp-content\/uploads\/2026\/03\/EBike-Tour-Mai-2026.jpeg\"><img loading=\"lazy\" decoding=\"async\" class=\"aligncenter wp-image-9279\" src=\"http:\/\/kfd-dipperz.de\/wp-content\/uploads\/2026\/03\/Maiandacht-KFD-2026-211x300.jpg\" alt=\"\" width=\"400\" height=\"568\" srcset=\"http:\/\/kfd-dipperz.de\/wp-content\/uploads\/2026\/03\/Maiandacht-KFD-2026-211x300.jpg 211w, http:\/\/kfd-dipperz.de\/wp-content\/uploads\/2026\/03\/Maiandacht-KFD-2026.jpg 669w\" sizes=\"auto, (max-width: 400px) 100vw, 400px\" \/><img loading=\"lazy\" decoding=\"async\" class=\"aligncenter wp-image-9288\" src=\"http:\/\/kfd-dipperz.de\/wp-content\/uploads\/2026\/03\/EBike-Tour-Mai-2026-214x300.jpeg\" alt=\"\" width=\"400\" height=\"561\" srcset=\"http:\/\/kfd-dipperz.de\/wp-content\/uploads\/2026\/03\/EBike-Tour-Mai-2026-214x300.jpeg 214w, http:\/\/kfd-dipperz.de\/wp-content\/uploads\/2026\/03\/EBike-Tour-Mai-2026-730x1024.jpeg 730w, http:\/\/kfd-dipperz.de\/wp-content\/uploads\/2026\/03\/EBike-Tour-Mai-2026-768x1077.jpeg 768w, http:\/\/kfd-dipperz.de\/wp-content\/uploads\/2026\/03\/EBike-Tour-Mai-2026.jpeg 1080w\" sizes=\"auto, (max-width: 400px) 100vw, 400px\" \/><\/a><\/p>\n<p style=\"text-align: center;\">Wir freuen uns \u00fcber ALLE Frauen jeglichen Alters oder Konfession, die AKTIV bei uns dabei sein m\u00f6chten!&nbsp; &nbsp; &nbsp; &nbsp;<\/p>\n<p><img loading=\"lazy\" decoding=\"async\" class=\"wp-image-671 aligncenter\" src=\"http:\/\/kfd-dipperz.de\/wp-content\/uploads\/2023\/06\/kfd_headerbild_landingpage-1070px-300x114.png\" alt=\"\" width=\"500\" height=\"190\" srcset=\"http:\/\/kfd-dipperz.de\/wp-content\/uploads\/2023\/06\/kfd_headerbild_landingpage-1070px-300x114.png 300w, http:\/\/kfd-dipperz.de\/wp-content\/uploads\/2023\/06\/kfd_headerbild_landingpage-1070px-1024x389.png 1024w, http:\/\/kfd-dipperz.de\/wp-content\/uploads\/2023\/06\/kfd_headerbild_landingpage-1070px-768x292.png 768w, http:\/\/kfd-dipperz.de\/wp-content\/uploads\/2023\/06\/kfd_headerbild_landingpage-1070px.png 1170w\" sizes=\"auto, (max-width: 500px) 100vw, 500px\" \/>Die Zusammengeh\u00f6rigkeit untereinander &#8211; das <strong>\u201eSICH KENNEN\u201c <\/strong>und <strong>\u201eNEU KENNEN LERNEN\u201c &#8211;<\/strong> sich mit <strong>&#8222;RAT UND TAT&#8220;<\/strong> zu unterst\u00fctzen und neue Projekte oder Veranstaltungen anzugehen, das ist es, was eine Mitgliedschaft so interessant und lohnend macht.<\/p>\n<p>\u00dcber das Jahr hinweg werden viele unterschiedliche Veranstaltungen im gesellschaftlichen, religi\u00f6sen und geselligen Bereich angeboten.<\/p>\n<\/div>\n<\/div>\n<div class=\"row spaced-cols text-center\" style=\"text-align: center;\" data-type=\"row\">\n<div class=\"col-xs-12 col-sm-4 col-padding\">\n<div class=\"\" data-type=\"column\">\n<h4><strong>Werde Teil einer Gemeinschaft die etwas bewegt!&nbsp;<\/strong><\/h4>\n<p>Klick auf das Bild und schau dir unseren aktuellen Flyer an!<\/p>\n<p><a href=\"https:\/\/flipbookpdf.net\/web\/site\/469a46dcbef6ab0c0250c2e33edfb8566463122b202508.pdf.html\" target=\"_blank\" rel=\"noopener\"><img loading=\"lazy\" decoding=\"async\" class=\"aligncenter wp-image-6677\" src=\"http:\/\/kfd-dipperz.de\/wp-content\/uploads\/2024\/09\/Plakat-KFD-2024-720x1024.jpg\" alt=\"\" width=\"400\" height=\"569\" srcset=\"http:\/\/kfd-dipperz.de\/wp-content\/uploads\/2024\/09\/Plakat-KFD-2024-720x1024.jpg 720w, http:\/\/kfd-dipperz.de\/wp-content\/uploads\/2024\/09\/Plakat-KFD-2024-211x300.jpg 211w, http:\/\/kfd-dipperz.de\/wp-content\/uploads\/2024\/09\/Plakat-KFD-2024-768x1092.jpg 768w, http:\/\/kfd-dipperz.de\/wp-content\/uploads\/2024\/09\/Plakat-KFD-2024-1080x1536.jpg 1080w, http:\/\/kfd-dipperz.de\/wp-content\/uploads\/2024\/09\/Plakat-KFD-2024-1441x2048.jpg 1441w, http:\/\/kfd-dipperz.de\/wp-content\/uploads\/2024\/09\/Plakat-KFD-2024-scaled.jpg 1801w\" sizes=\"auto, (max-width: 400px) 100vw, 400px\" \/><\/a><\/p>\n<\/div>\n<div class=\"\" data-type=\"column\">\n<p style=\"text-align: center;\">Grafik: kfd-Bundesverband und privat<\/p>\n<\/div>\n<\/div>\n<\/div>\n<\/div>\n<\/div>\n<p>&nbsp;<\/p>\n","protected":false},"excerpt":{"rendered":"<p>Herzlich Willkommen bei der Frauengemeinschaft Dipperz! Sch\u00f6n, dass Sie bei uns einmal vorbeischauen! Wir freuen uns \u00fcber ALLE Frauen jeglichen Alters oder Konfession, die AKTIV bei uns dabei sein m\u00f6chten!&nbsp; &nbsp; &nbsp; &nbsp; Die Zusammengeh\u00f6rigkeit untereinander &#8211; das \u201eSICH KENNEN\u201c und \u201eNEU KENNEN LERNEN\u201c &#8211; sich mit &#8222;RAT UND TAT&#8220; zu unterst\u00fctzen und neue Projekte &hellip; <a href=\"http:\/\/kfd-dipperz.de\/\" class=\"more-link\"><span class=\"screen-reader-text\">Startseite<\/span> weiterlesen<\/a><\/p>\n","protected":false},"author":2,"featured_media":0,"parent":0,"menu_order":0,"comment_status":"closed","ping_status":"closed","template":"","meta":{"ngg_post_thumbnail":0,"footnotes":""},"class_list":["post-49","page","type-page","status-publish","hentry"],"_links":{"self":[{"href":"http:\/\/kfd-dipperz.de\/index.php?rest_route=\/wp\/v2\/pages\/49","targetHints":{"allow":["GET"]}}],"collection":[{"href":"http:\/\/kfd-dipperz.de\/index.php?rest_route=\/wp\/v2\/pages"}],"about":[{"href":"http:\/\/kfd-dipperz.de\/index.php?rest_route=\/wp\/v2\/types\/page"}],"author":[{"embeddable":true,"href":"http:\/\/kfd-dipperz.de\/index.php?rest_route=\/wp\/v2\/users\/2"}],"replies":[{"embeddable":true,"href":"http:\/\/kfd-dipperz.de\/index.php?rest_route=%2Fwp%2Fv2%2Fcomments&post=49"}],"version-history":[{"count":1,"href":"http:\/\/kfd-dipperz.de\/index.php?rest_route=\/wp\/v2\/pages\/49\/revisions"}],"predecessor-version":[{"id":9359,"href":"http:\/\/kfd-dipperz.de\/index.php?rest_route=\/wp\/v2\/pages\/49\/revisions\/9359"}],"wp:attachment":[{"href":"http:\/\/kfd-dipperz.de\/index.php?rest_route=%2Fwp%2Fv2%2Fmedia&parent=49"}],"curies":[{"name":"wp","href":"https:\/\/api.w.org\/{rel}","templated":true}]}}