{"id":386,"date":"2023-06-02T07:59:49","date_gmt":"2023-06-02T05:59:49","guid":{"rendered":"http:\/\/kfd-dipperz.de\/?page_id=386"},"modified":"2026-02-23T10:48:28","modified_gmt":"2026-02-23T09:48:28","slug":"soziales-engagement","status":"publish","type":"page","link":"http:\/\/kfd-dipperz.de\/?page_id=386","title":{"rendered":"Soziales Engagement"},"content":{"rendered":"<h3 style=\"text-align: center;\">Die kfd Dipperz unterst\u00fctzt seit vielen Jahren karitative Projekte!<\/h3>\n<h3 style=\"text-align: center;\">2026<\/h3>\n<p><a href=\"http:\/\/kfd-dipperz.de\/wp-content\/uploads\/2026\/02\/Spende-Fuldaer-Tafel-2026.jpg\"><img loading=\"lazy\" decoding=\"async\" class=\"aligncenter wp-image-9230\" src=\"http:\/\/kfd-dipperz.de\/wp-content\/uploads\/2026\/02\/Spende-Fuldaer-Tafel-2026-302x300.jpg\" alt=\"\" width=\"450\" height=\"447\" srcset=\"http:\/\/kfd-dipperz.de\/wp-content\/uploads\/2026\/02\/Spende-Fuldaer-Tafel-2026-302x300.jpg 302w, http:\/\/kfd-dipperz.de\/wp-content\/uploads\/2026\/02\/Spende-Fuldaer-Tafel-2026-1024x1017.jpg 1024w, http:\/\/kfd-dipperz.de\/wp-content\/uploads\/2026\/02\/Spende-Fuldaer-Tafel-2026-150x150.jpg 150w, http:\/\/kfd-dipperz.de\/wp-content\/uploads\/2026\/02\/Spende-Fuldaer-Tafel-2026-768x763.jpg 768w, http:\/\/kfd-dipperz.de\/wp-content\/uploads\/2026\/02\/Spende-Fuldaer-Tafel-2026-1536x1526.jpg 1536w, http:\/\/kfd-dipperz.de\/wp-content\/uploads\/2026\/02\/Spende-Fuldaer-Tafel-2026-2048x2034.jpg 2048w\" sizes=\"auto, (max-width: 450px) 100vw, 450px\" \/><\/a><\/p>\n<p style=\"text-align: center;\"><strong>\u00dcbergabe von 1.500 \u20ac am 20.02.2026 an die Fuldaer Tafel<\/strong><\/p>\n<p style=\"text-align: center;\"><a href=\"http:\/\/kfd-dipperz.de\/wp-content\/uploads\/2026\/02\/Spende-2026-1.jpeg\"><img loading=\"lazy\" decoding=\"async\" class=\"aligncenter wp-image-9221\" src=\"http:\/\/kfd-dipperz.de\/wp-content\/uploads\/2026\/02\/Spende-2026-1-223x300.jpeg\" alt=\"\" width=\"450\" height=\"604\" srcset=\"http:\/\/kfd-dipperz.de\/wp-content\/uploads\/2026\/02\/Spende-2026-1-223x300.jpeg 223w, http:\/\/kfd-dipperz.de\/wp-content\/uploads\/2026\/02\/Spende-2026-1-763x1024.jpeg 763w, http:\/\/kfd-dipperz.de\/wp-content\/uploads\/2026\/02\/Spende-2026-1-768x1031.jpeg 768w, http:\/\/kfd-dipperz.de\/wp-content\/uploads\/2026\/02\/Spende-2026-1.jpeg 899w\" sizes=\"auto, (max-width: 450px) 100vw, 450px\" \/><\/a><strong>1500 \u20ac an die Voraushelfer Dipperz<\/strong><\/p>\n<h3 style=\"text-align: center;\">2025<\/h3>\n<p style=\"text-align: center;\"><a href=\"http:\/\/kfd-dipperz.de\/wp-content\/uploads\/2025\/01\/Der-bunte-Kreis-1.jpg\"><img loading=\"lazy\" decoding=\"async\" class=\"aligncenter wp-image-6989 size-full\" src=\"http:\/\/kfd-dipperz.de\/wp-content\/uploads\/2025\/01\/Der-bunte-Kreis-1.jpg\" alt=\"\" width=\"1581\" height=\"822\" srcset=\"http:\/\/kfd-dipperz.de\/wp-content\/uploads\/2025\/01\/Der-bunte-Kreis-1.jpg 1581w, http:\/\/kfd-dipperz.de\/wp-content\/uploads\/2025\/01\/Der-bunte-Kreis-1-300x156.jpg 300w, http:\/\/kfd-dipperz.de\/wp-content\/uploads\/2025\/01\/Der-bunte-Kreis-1-1024x532.jpg 1024w, http:\/\/kfd-dipperz.de\/wp-content\/uploads\/2025\/01\/Der-bunte-Kreis-1-768x399.jpg 768w, http:\/\/kfd-dipperz.de\/wp-content\/uploads\/2025\/01\/Der-bunte-Kreis-1-1536x799.jpg 1536w\" sizes=\"auto, (max-width: 1581px) 100vw, 1581px\" \/><\/a><\/p>\n<p style=\"text-align: center;\"><a href=\"http:\/\/kfd-dipperz.de\/wp-content\/uploads\/2025\/02\/20250131_140515.jpg\"><img loading=\"lazy\" decoding=\"async\" class=\"aligncenter wp-image-7019\" src=\"http:\/\/kfd-dipperz.de\/wp-content\/uploads\/2025\/02\/20250131_140515-300x241.jpg\" alt=\"\" width=\"517\" height=\"415\" srcset=\"http:\/\/kfd-dipperz.de\/wp-content\/uploads\/2025\/02\/20250131_140515-300x241.jpg 300w, http:\/\/kfd-dipperz.de\/wp-content\/uploads\/2025\/02\/20250131_140515-1024x821.jpg 1024w, http:\/\/kfd-dipperz.de\/wp-content\/uploads\/2025\/02\/20250131_140515-768x616.jpg 768w, http:\/\/kfd-dipperz.de\/wp-content\/uploads\/2025\/02\/20250131_140515-1536x1231.jpg 1536w, http:\/\/kfd-dipperz.de\/wp-content\/uploads\/2025\/02\/20250131_140515-2048x1642.jpg 2048w\" sizes=\"auto, (max-width: 517px) 100vw, 517px\" \/><\/a><\/p>\n<p><a href=\"http:\/\/kfd-dipperz.de\/wp-content\/uploads\/2025\/02\/20250131_142842-scaled.jpg\"><img loading=\"lazy\" decoding=\"async\" class=\"aligncenter wp-image-7022\" src=\"http:\/\/kfd-dipperz.de\/wp-content\/uploads\/2025\/02\/20250131_142842-300x139.jpg\" alt=\"\" width=\"585\" height=\"271\" srcset=\"http:\/\/kfd-dipperz.de\/wp-content\/uploads\/2025\/02\/20250131_142842-300x139.jpg 300w, http:\/\/kfd-dipperz.de\/wp-content\/uploads\/2025\/02\/20250131_142842-1024x473.jpg 1024w, http:\/\/kfd-dipperz.de\/wp-content\/uploads\/2025\/02\/20250131_142842-768x355.jpg 768w, http:\/\/kfd-dipperz.de\/wp-content\/uploads\/2025\/02\/20250131_142842-1536x710.jpg 1536w, http:\/\/kfd-dipperz.de\/wp-content\/uploads\/2025\/02\/20250131_142842-2048x946.jpg 2048w\" sizes=\"auto, (max-width: 585px) 100vw, 585px\" \/><\/a><\/p>\n<p style=\"text-align: center;\">3000 \u20ac an &#8222;Der bunte Kreis&#8220; Klinikum Fulda<\/p>\n<p style=\"text-align: center;\"><a href=\"https:\/\/klinikum-fulda.de\/katholische-frauengemeinschaft-aus-dipperz-spendet-3-000-euro-an-den-bunten-kreis-der-kinderklinik-des-klinikums-fulda\/\" target=\"_blank\" rel=\"noopener\"><strong>Bericht dazu vom Klinikum Fulda<\/strong><\/a><\/p>\n<p style=\"text-align: center;\"><a href=\"https:\/\/osthessen-news.de\/n11772143\/katholische-frauengemeinschaft-spendet-3-000-euro-an-das-klinikum-fulda.html\" target=\"_blank\" rel=\"noopener\"><strong>Artikel Osthessen News<\/strong><\/a><\/p>\n<h3 style=\"text-align: center;\">2024<\/h3>\n<p style=\"text-align: center;\"><img loading=\"lazy\" decoding=\"async\" class=\"wp-image-6326 aligncenter\" src=\"http:\/\/kfd-dipperz.de\/wp-content\/uploads\/2024\/06\/20240122_163630-300x240.jpg\" alt=\"\" width=\"421\" height=\"337\" srcset=\"http:\/\/kfd-dipperz.de\/wp-content\/uploads\/2024\/06\/20240122_163630-300x240.jpg 300w, http:\/\/kfd-dipperz.de\/wp-content\/uploads\/2024\/06\/20240122_163630-1024x821.jpg 1024w, http:\/\/kfd-dipperz.de\/wp-content\/uploads\/2024\/06\/20240122_163630-768x615.jpg 768w, http:\/\/kfd-dipperz.de\/wp-content\/uploads\/2024\/06\/20240122_163630-1536x1231.jpg 1536w, http:\/\/kfd-dipperz.de\/wp-content\/uploads\/2024\/06\/20240122_163630.jpg 1848w\" sizes=\"auto, (max-width: 421px) 100vw, 421px\" \/>2000 \u20ac an das Hospiz Sankt Elisabeth Fulda<\/p>\n<p style=\"text-align: center;\"><a href=\"http:\/\/kfd-dipperz.de\/wp-content\/uploads\/2024\/02\/Spende-Marburg-2024.jpg\"><img loading=\"lazy\" decoding=\"async\" class=\"wp-image-4727 aligncenter\" src=\"http:\/\/kfd-dipperz.de\/wp-content\/uploads\/2024\/02\/Spende-Marburg-2024.jpg\" alt=\"\" width=\"350\" height=\"372\" srcset=\"http:\/\/kfd-dipperz.de\/wp-content\/uploads\/2024\/02\/Spende-Marburg-2024.jpg 541w, http:\/\/kfd-dipperz.de\/wp-content\/uploads\/2024\/02\/Spende-Marburg-2024-282x300.jpg 282w\" sizes=\"auto, (max-width: 350px) 100vw, 350px\" \/><\/a>2000,-\u20ac an den Elternverein Kinderkrebshilfe Marburg.<\/p>\n<h3 style=\"text-align: center;\"><strong>2023<\/strong><\/h3>\n<p style=\"text-align: center;\"><img loading=\"lazy\" decoding=\"async\" class=\"wp-image-457 alignnone\" src=\"http:\/\/kfd-dipperz.de\/wp-content\/uploads\/2023\/06\/IMG-20230412-WA0009-300x178.jpg\" alt=\"\" width=\"391\" height=\"232\" srcset=\"http:\/\/kfd-dipperz.de\/wp-content\/uploads\/2023\/06\/IMG-20230412-WA0009-300x178.jpg 300w, http:\/\/kfd-dipperz.de\/wp-content\/uploads\/2023\/06\/IMG-20230412-WA0009-1024x606.jpg 1024w, http:\/\/kfd-dipperz.de\/wp-content\/uploads\/2023\/06\/IMG-20230412-WA0009-768x454.jpg 768w, http:\/\/kfd-dipperz.de\/wp-content\/uploads\/2023\/06\/IMG-20230412-WA0009.jpg 1080w\" sizes=\"auto, (max-width: 391px) 100vw, 391px\" \/><\/p>\n<p style=\"text-align: center;\">2500,-\u20ac an den Malteser Herzenswunsch Krankenwagen, der unheilbar kranke Menschen noch einmal an ihren Sehnsuchtsort fahren kann.<\/p>\n<h3 style=\"text-align: center;\">2022<\/h3>\n<p style=\"text-align: center;\"><img loading=\"lazy\" decoding=\"async\" class=\"alignnone wp-image-786\" src=\"http:\/\/kfd-dipperz.de\/wp-content\/uploads\/2023\/06\/IMG-20220222-WA0004-300x225.jpg\" alt=\"\" width=\"383\" height=\"287\" srcset=\"http:\/\/kfd-dipperz.de\/wp-content\/uploads\/2023\/06\/IMG-20220222-WA0004-300x225.jpg 300w, http:\/\/kfd-dipperz.de\/wp-content\/uploads\/2023\/06\/IMG-20220222-WA0004-1024x768.jpg 1024w, http:\/\/kfd-dipperz.de\/wp-content\/uploads\/2023\/06\/IMG-20220222-WA0004-768x576.jpg 768w, http:\/\/kfd-dipperz.de\/wp-content\/uploads\/2023\/06\/IMG-20220222-WA0004-1536x1152.jpg 1536w, http:\/\/kfd-dipperz.de\/wp-content\/uploads\/2023\/06\/IMG-20220222-WA0004.jpg 2048w\" sizes=\"auto, (max-width: 383px) 100vw, 383px\" \/><\/p>\n<p style=\"text-align: center;\">1410 \u20ac f\u00fcr den Elternverein leuk\u00e4mie-und krebskranker Kinder Gie\u00dfen e.V.<\/p>\n<h3 style=\"text-align: center;\"><strong>2021 <\/strong><\/h3>\n<p style=\"text-align: center;\"><img loading=\"lazy\" decoding=\"async\" class=\"alignnone wp-image-811\" src=\"http:\/\/kfd-dipperz.de\/wp-content\/uploads\/2023\/06\/00000000000030084781-OL-1027-2022-7-7-0-olinfo-0-300x225.jpg\" alt=\"\" width=\"383\" height=\"287\" srcset=\"http:\/\/kfd-dipperz.de\/wp-content\/uploads\/2023\/06\/00000000000030084781-OL-1027-2022-7-7-0-olinfo-0-300x225.jpg 300w, http:\/\/kfd-dipperz.de\/wp-content\/uploads\/2023\/06\/00000000000030084781-OL-1027-2022-7-7-0-olinfo-0.jpg 330w\" sizes=\"auto, (max-width: 383px) 100vw, 383px\" \/><\/p>\n<p style=\"text-align: center;\"><img loading=\"lazy\" decoding=\"async\" class=\"alignnone wp-image-4660\" src=\"http:\/\/kfd-dipperz.de\/wp-content\/uploads\/2023\/10\/IMG-20211015-WA0011-Spendenuebergabe-Theam-Rhoen-Flutopfer-300x225.jpg\" alt=\"\" width=\"384\" height=\"288\" srcset=\"http:\/\/kfd-dipperz.de\/wp-content\/uploads\/2023\/10\/IMG-20211015-WA0011-Spendenuebergabe-Theam-Rhoen-Flutopfer-300x225.jpg 300w, http:\/\/kfd-dipperz.de\/wp-content\/uploads\/2023\/10\/IMG-20211015-WA0011-Spendenuebergabe-Theam-Rhoen-Flutopfer-768x576.jpg 768w, http:\/\/kfd-dipperz.de\/wp-content\/uploads\/2023\/10\/IMG-20211015-WA0011-Spendenuebergabe-Theam-Rhoen-Flutopfer.jpg 1024w\" sizes=\"auto, (max-width: 384px) 100vw, 384px\" \/><\/p>\n<p style=\"text-align: center;\">2530\u20ac Spende an die Flutopfer Kreuzberg\/Ahrtal<\/p>\n<h3 style=\"text-align: center;\"><strong>2020<\/strong><\/h3>\n<p style=\"text-align: center;\"><img loading=\"lazy\" decoding=\"async\" class=\"alignnone wp-image-4664\" src=\"http:\/\/kfd-dipperz.de\/wp-content\/uploads\/2023\/10\/2020-03-Malteser-Kinderhospitz-05kfd-Dipperz-3-300x169.jpg\" alt=\"\" width=\"387\" height=\"218\" srcset=\"http:\/\/kfd-dipperz.de\/wp-content\/uploads\/2023\/10\/2020-03-Malteser-Kinderhospitz-05kfd-Dipperz-3-300x169.jpg 300w, http:\/\/kfd-dipperz.de\/wp-content\/uploads\/2023\/10\/2020-03-Malteser-Kinderhospitz-05kfd-Dipperz-3-1024x576.jpg 1024w, http:\/\/kfd-dipperz.de\/wp-content\/uploads\/2023\/10\/2020-03-Malteser-Kinderhospitz-05kfd-Dipperz-3-768x432.jpg 768w, http:\/\/kfd-dipperz.de\/wp-content\/uploads\/2023\/10\/2020-03-Malteser-Kinderhospitz-05kfd-Dipperz-3.jpg 1200w\" sizes=\"auto, (max-width: 387px) 100vw, 387px\" \/><\/p>\n<p style=\"text-align: center;\">2500 \u20ac an den Malteser Kinder-Hospiz-Dienst Fulda &#8211; Main-Kinzig<\/p>\n<p style=\"text-align: center;\">und Spende an den SKF &#8211; Sozialdienst Katholischer Frauen e.V.&nbsp;<\/p>\n<h3 style=\"text-align: center;\"><strong>2019<\/strong><\/h3>\n<p style=\"text-align: center;\"><img loading=\"lazy\" decoding=\"async\" class=\"alignnone wp-image-4657\" src=\"http:\/\/kfd-dipperz.de\/wp-content\/uploads\/2023\/10\/14.2.-Spende-Kirche-2019-300x225.jpg\" alt=\"\" width=\"392\" height=\"294\" srcset=\"http:\/\/kfd-dipperz.de\/wp-content\/uploads\/2023\/10\/14.2.-Spende-Kirche-2019-300x225.jpg 300w, http:\/\/kfd-dipperz.de\/wp-content\/uploads\/2023\/10\/14.2.-Spende-Kirche-2019-768x576.jpg 768w, http:\/\/kfd-dipperz.de\/wp-content\/uploads\/2023\/10\/14.2.-Spende-Kirche-2019.jpg 1024w\" sizes=\"auto, (max-width: 392px) 100vw, 392px\" \/><\/p>\n<p style=\"text-align: center;\">4000 \u20ac f\u00fcr die Kirchenbeleuchtung und Renovierung der Sakristei der Kirche Dipperz<\/p>\n<h3 class=\"entry-title\" style=\"text-align: center;\"><strong>2018<\/strong><\/h3>\n<p style=\"text-align: center;\"><img loading=\"lazy\" decoding=\"async\" class=\"alignnone wp-image-4649\" src=\"http:\/\/kfd-dipperz.de\/wp-content\/uploads\/2023\/10\/HOSPIZ_Scheckuebergabe_Malteser-Diakon_Ludwig_Wagner-300x153.jpg\" alt=\"\" width=\"390\" height=\"199\" srcset=\"http:\/\/kfd-dipperz.de\/wp-content\/uploads\/2023\/10\/HOSPIZ_Scheckuebergabe_Malteser-Diakon_Ludwig_Wagner-300x153.jpg 300w, http:\/\/kfd-dipperz.de\/wp-content\/uploads\/2023\/10\/HOSPIZ_Scheckuebergabe_Malteser-Diakon_Ludwig_Wagner.jpg 750w\" sizes=\"auto, (max-width: 390px) 100vw, 390px\" \/><\/p>\n<p style=\"text-align: center;\">1200 \u20ac anl\u00e4sslich der Diakonweihe von Ludwig Wagner Hospizf\u00f6rderverein LebensWert Fulda und 240 \u20ac f\u00fcr den Stern f\u00fcr das Krippchen in der Kirche Dipperz<\/p>\n<p style=\"text-align: center;\"><img loading=\"lazy\" decoding=\"async\" class=\"alignnone wp-image-4653\" src=\"http:\/\/kfd-dipperz.de\/wp-content\/uploads\/2023\/10\/12.12.-Stern-5-2018-300x200.jpg\" alt=\"\" width=\"389\" height=\"259\" srcset=\"http:\/\/kfd-dipperz.de\/wp-content\/uploads\/2023\/10\/12.12.-Stern-5-2018-300x200.jpg 300w, http:\/\/kfd-dipperz.de\/wp-content\/uploads\/2023\/10\/12.12.-Stern-5-2018-768x511.jpg 768w, http:\/\/kfd-dipperz.de\/wp-content\/uploads\/2023\/10\/12.12.-Stern-5-2018.jpg 1024w\" sizes=\"auto, (max-width: 389px) 100vw, 389px\" \/><\/p>\n<p style=\"text-align: center;\"><img loading=\"lazy\" decoding=\"async\" class=\"alignnone wp-image-4654\" src=\"http:\/\/kfd-dipperz.de\/wp-content\/uploads\/2023\/10\/12.12.-Stern-6-2018-300x200.jpg\" alt=\"\" width=\"386\" height=\"257\" srcset=\"http:\/\/kfd-dipperz.de\/wp-content\/uploads\/2023\/10\/12.12.-Stern-6-2018-300x200.jpg 300w, http:\/\/kfd-dipperz.de\/wp-content\/uploads\/2023\/10\/12.12.-Stern-6-2018-768x511.jpg 768w, http:\/\/kfd-dipperz.de\/wp-content\/uploads\/2023\/10\/12.12.-Stern-6-2018.jpg 1024w\" sizes=\"auto, (max-width: 386px) 100vw, 386px\" \/><\/p>\n<p style=\"text-align: center;\"><img loading=\"lazy\" decoding=\"async\" class=\"alignnone wp-image-4655\" src=\"http:\/\/kfd-dipperz.de\/wp-content\/uploads\/2023\/10\/12.12.-Stern-4-2018-300x200.jpg\" alt=\"\" width=\"383\" height=\"255\" srcset=\"http:\/\/kfd-dipperz.de\/wp-content\/uploads\/2023\/10\/12.12.-Stern-4-2018-300x200.jpg 300w, http:\/\/kfd-dipperz.de\/wp-content\/uploads\/2023\/10\/12.12.-Stern-4-2018-768x511.jpg 768w, http:\/\/kfd-dipperz.de\/wp-content\/uploads\/2023\/10\/12.12.-Stern-4-2018.jpg 1024w\" sizes=\"auto, (max-width: 383px) 100vw, 383px\" \/><\/p>\n<h3 style=\"text-align: center;\"><strong>2017<\/strong><\/h3>\n<p style=\"text-align: center;\"><strong><img loading=\"lazy\" decoding=\"async\" class=\"alignnone wp-image-4651\" src=\"http:\/\/kfd-dipperz.de\/wp-content\/uploads\/2023\/10\/Scheckuebergabe-Fruehchenstation-300x225.jpg\" alt=\"\" width=\"400\" height=\"300\" srcset=\"http:\/\/kfd-dipperz.de\/wp-content\/uploads\/2023\/10\/Scheckuebergabe-Fruehchenstation-300x225.jpg 300w, http:\/\/kfd-dipperz.de\/wp-content\/uploads\/2023\/10\/Scheckuebergabe-Fruehchenstation-768x576.jpg 768w, http:\/\/kfd-dipperz.de\/wp-content\/uploads\/2023\/10\/Scheckuebergabe-Fruehchenstation.jpg 800w\" sizes=\"auto, (max-width: 400px) 100vw, 400px\" \/><\/strong><\/p>\n<p style=\"text-align: center;\">2500 \u20ac Spende an das Klinikum Fulda Fr\u00fchchen-Verein &#8222;SEESTERN&#8220;<\/p>\n<p style=\"text-align: center;\">und Spende an Father Placid f\u00fcr den Bau einer Kirche in Uganda<\/p>\n<p style=\"text-align: center;\"><img loading=\"lazy\" decoding=\"async\" class=\"alignnone wp-image-4658\" src=\"http:\/\/kfd-dipperz.de\/wp-content\/uploads\/2023\/10\/IMG-20180102-WA0000-300x169.jpg\" alt=\"\" width=\"405\" height=\"228\" srcset=\"http:\/\/kfd-dipperz.de\/wp-content\/uploads\/2023\/10\/IMG-20180102-WA0000-300x169.jpg 300w, http:\/\/kfd-dipperz.de\/wp-content\/uploads\/2023\/10\/IMG-20180102-WA0000-768x432.jpg 768w, http:\/\/kfd-dipperz.de\/wp-content\/uploads\/2023\/10\/IMG-20180102-WA0000.jpg 960w\" sizes=\"auto, (max-width: 405px) 100vw, 405px\" \/><\/p>\n<p style=\"text-align: center;\"><img loading=\"lazy\" decoding=\"async\" class=\"alignnone wp-image-4659\" src=\"http:\/\/kfd-dipperz.de\/wp-content\/uploads\/2023\/10\/IMG-20180102-WA0001-300x169.jpg\" alt=\"\" width=\"405\" height=\"228\" srcset=\"http:\/\/kfd-dipperz.de\/wp-content\/uploads\/2023\/10\/IMG-20180102-WA0001-300x169.jpg 300w, http:\/\/kfd-dipperz.de\/wp-content\/uploads\/2023\/10\/IMG-20180102-WA0001-768x432.jpg 768w, http:\/\/kfd-dipperz.de\/wp-content\/uploads\/2023\/10\/IMG-20180102-WA0001.jpg 960w\" sizes=\"auto, (max-width: 405px) 100vw, 405px\" \/><\/p>\n<p style=\"text-align: center;\">und 350 \u20ac an den Schulchor der Bonifatiusschule Dipperz<\/p>\n<p style=\"text-align: center;\"><img loading=\"lazy\" decoding=\"async\" class=\"alignnone wp-image-4666\" src=\"http:\/\/kfd-dipperz.de\/wp-content\/uploads\/2023\/10\/Scheckuebergabe-2017-Schule-Dipperz-300x225.jpg\" alt=\"\" width=\"409\" height=\"307\" srcset=\"http:\/\/kfd-dipperz.de\/wp-content\/uploads\/2023\/10\/Scheckuebergabe-2017-Schule-Dipperz-300x225.jpg 300w, http:\/\/kfd-dipperz.de\/wp-content\/uploads\/2023\/10\/Scheckuebergabe-2017-Schule-Dipperz-1024x768.jpg 1024w, http:\/\/kfd-dipperz.de\/wp-content\/uploads\/2023\/10\/Scheckuebergabe-2017-Schule-Dipperz-768x576.jpg 768w, http:\/\/kfd-dipperz.de\/wp-content\/uploads\/2023\/10\/Scheckuebergabe-2017-Schule-Dipperz-1536x1152.jpg 1536w, http:\/\/kfd-dipperz.de\/wp-content\/uploads\/2023\/10\/Scheckuebergabe-2017-Schule-Dipperz-2048x1536.jpg 2048w\" sizes=\"auto, (max-width: 409px) 100vw, 409px\" \/><\/p>\n<h3 style=\"text-align: center;\"><strong>2016<\/strong><\/h3>\n<p style=\"text-align: center;\"><img loading=\"lazy\" decoding=\"async\" class=\"alignnone wp-image-511\" src=\"http:\/\/kfd-dipperz.de\/wp-content\/uploads\/2023\/06\/IMG-20160413-WA0001-300x169.jpg\" alt=\"\" width=\"394\" height=\"222\" srcset=\"http:\/\/kfd-dipperz.de\/wp-content\/uploads\/2023\/06\/IMG-20160413-WA0001-300x169.jpg 300w, http:\/\/kfd-dipperz.de\/wp-content\/uploads\/2023\/06\/IMG-20160413-WA0001-1024x576.jpg 1024w, http:\/\/kfd-dipperz.de\/wp-content\/uploads\/2023\/06\/IMG-20160413-WA0001-768x432.jpg 768w, http:\/\/kfd-dipperz.de\/wp-content\/uploads\/2023\/06\/IMG-20160413-WA0001.jpg 1328w\" sizes=\"auto, (max-width: 394px) 100vw, 394px\" \/><\/p>\n<p style=\"text-align: center;\">2000\u20ac f\u00fcr das medizinische Hilfsprojekt &#8222;Aktion Feuerkinder Tansania&#8220; an den Orthop\u00e4den Herrn Dr. med. Hohenberger Fulda<\/p>\n<p style=\"text-align: center;\"><img loading=\"lazy\" decoding=\"async\" class=\"alignnone wp-image-504\" src=\"http:\/\/kfd-dipperz.de\/wp-content\/uploads\/2023\/06\/Senioren16-35-300x200.jpg\" alt=\"\" width=\"404\" height=\"269\" srcset=\"http:\/\/kfd-dipperz.de\/wp-content\/uploads\/2023\/06\/Senioren16-35-300x200.jpg 300w, http:\/\/kfd-dipperz.de\/wp-content\/uploads\/2023\/06\/Senioren16-35-768x511.jpg 768w, http:\/\/kfd-dipperz.de\/wp-content\/uploads\/2023\/06\/Senioren16-35.jpg 1024w\" sizes=\"auto, (max-width: 404px) 100vw, 404px\" \/><\/p>\n<p style=\"text-align: center;\">500,-\u20ac an Frau Reisinger f\u00fcr das Projekt Sankt Thomas Hospital Kamerun<\/p>\n<p style=\"text-align: center;\">In 2016 hat die kfd ein Koch-und Backbuch &#8222;Die Lieblingsgeriche der Frauen aus Dipperz&#8220; herausgebracht. Es wurden 1900 Exemplare verkauft und der Erl\u00f6s ist komplett in Spenden geflossen.<\/p>\n<h3 style=\"text-align: center;\"><strong>2015<\/strong><\/h3>\n<p style=\"text-align: center;\"><strong>&nbsp;<\/strong><img loading=\"lazy\" decoding=\"async\" class=\"alignnone wp-image-506\" src=\"http:\/\/kfd-dipperz.de\/wp-content\/uploads\/2023\/06\/P1090751-ge-300x221.jpg\" alt=\"\" width=\"410\" height=\"302\" srcset=\"http:\/\/kfd-dipperz.de\/wp-content\/uploads\/2023\/06\/P1090751-ge-300x221.jpg 300w, http:\/\/kfd-dipperz.de\/wp-content\/uploads\/2023\/06\/P1090751-ge-768x566.jpg 768w, http:\/\/kfd-dipperz.de\/wp-content\/uploads\/2023\/06\/P1090751-ge.jpg 842w\" sizes=\"auto, (max-width: 410px) 100vw, 410px\" \/><\/p>\n<p style=\"text-align: center;\">2500,-\u20ac&nbsp; an das Kinder-und Jugendhospiz Osthessen &#8222;Kleine Helden&#8220;<\/p>\n<h3 style=\"text-align: center;\"><strong>2014<\/strong><\/h3>\n<p style=\"text-align: center;\">500 \u20ac f\u00fcr die Mariengrotte Dipperz (aus der kfd-Jubil\u00e4umsveranstaltung) und&nbsp; 2500 \u20ac erneute Spende (aus dem Erl\u00f6s des Adventsbasars)<\/p>\n<h3 style=\"text-align: center;\"><strong>2013<\/strong><\/h3>\n<p style=\"text-align: center;\">1000 \u20ac Friedensdorf Oberhausen, 1700 \u20ac f\u00fcr die Mariengrotte Dipperz und 900 \u20ac f\u00fcr neue Gardinen f\u00fcr die \u00f6ffentlichen R\u00e4ume des Pfarrheims<\/p>\n<h3 style=\"text-align: center;\">2012<\/h3>\n<h3 style=\"text-align: center;\"><img loading=\"lazy\" decoding=\"async\" class=\"\" src=\"http:\/\/kfd-dipperz.de\/wp-content\/uploads\/2023\/06\/April-2012-300x225.jpg\" alt=\"\" width=\"404\" height=\"303\"><\/h3>\n<p style=\"text-align: center;\">2000 \u20ac an das Kinder-und Jugendhospiz Osthessen &#8222;Kleine Helden&#8220; und 1500 \u20ac an die Sri Lanka-\u00dcberschwemmungshilfe und das Kinder Friedensdorf Oberhausen<\/p>\n<h3 style=\"text-align: center;\"><strong>2011<\/strong><\/h3>\n<p style=\"text-align: center;\">2000\u20ac f\u00fcr die Lebenshilfe Fulda\/H\u00fcnfeld e.V. f\u00fcr Menschen mit geistiger Behinderung und Hilfsprojekt EMIKWANO in Uganda&nbsp; und Spende Material und N\u00e4hen der Sternsingerkleidung f\u00fcr die Kirche in Dipperz<\/p>\n<h3 style=\"text-align: center;\"><strong>2010<\/strong><\/h3>\n<p style=\"text-align: center;\"><img loading=\"lazy\" decoding=\"async\" class=\"alignnone wp-image-677\" src=\"http:\/\/kfd-dipperz.de\/wp-content\/uploads\/2023\/06\/gruppe_kfd-300x139.jpg\" alt=\"\" width=\"432\" height=\"200\" srcset=\"http:\/\/kfd-dipperz.de\/wp-content\/uploads\/2023\/06\/gruppe_kfd-300x139.jpg 300w, http:\/\/kfd-dipperz.de\/wp-content\/uploads\/2023\/06\/gruppe_kfd.jpg 600w\" sizes=\"auto, (max-width: 432px) 100vw, 432px\" \/><\/p>\n<p style=\"text-align: center;\">2000\u20ac an das Hospizdienst Sankt Elisabeth Fulda<\/p>\n<h3 style=\"text-align: center;\">2009<\/h3>\n<p style=\"text-align: center;\">1000 \u20ac P\u00e4pstliches Missionswerk und 1000 \u20ac Kloster M\u00fcnsterschwarach<\/p>\n<h3 style=\"text-align: center;\"><strong>2008<\/strong><\/h3>\n<p style=\"text-align: center;\">2000\u20ac f\u00fcr das Hilfsprojekt Pfarrer Willi Schmidt<\/p>\n<p style=\"text-align: center;\">1000 \u20ac F\u00f6rderverein K\u00e4nguru e.V. am Klinikum Fulda&nbsp;<\/p>\n<p style=\"text-align: center;\">500 \u20ac Sankt Thomas Hospital Kamerun&nbsp;<\/p>\n<p style=\"text-align: center;\">500 \u20ac Projekt Schwester Therese Vogel in Simbabwe<\/p>\n<p style=\"text-align: center;\">300 \u20ac Pfarr-und Gemeindeb\u00fccherei Dipperz<\/p>\n<p style=\"text-align: center;\">121 \u20ac Ostpriesterhilfe<\/p>\n<h3 style=\"text-align: center;\"><strong>2007<\/strong><\/h3>\n<p style=\"text-align: center;\">3000\u20ac f\u00fcr das Projekt Sankt Thomas-Hospital Kamerun (gesundheitliche Versorgung von Kindern sowie eine Solaranlage) und an das Projekt Schwester Therese Vogel in Simbabwe&nbsp;<\/p>\n<h4 style=\"text-align: center;\"><strong>Weitere Spendenzwecke:<\/strong><\/h4>\n<p style=\"text-align: center;\">Die kfd Dipperz hat au\u00dferdem f\u00fcr pfarreiinterne&nbsp; Zwecke gespendet (z.B. Zuschuss f\u00fcr eine neue Kirchenbeleuchtung), f\u00fcr Projekte des kfd-Di\u00f6zesanverbandes ( z.B. f\u00fcr Partnerschaft der katholischen Frauen in der Di\u00f6zese Idah in Nigeria) sowie auch f\u00fcr Projekte des kfd-Bundesverbandes (z.B. Hochwasserhilfe im Ahrtal)<\/p>\n<p style=\"text-align: center;\">&nbsp;<\/p>\n<p style=\"text-align: center;\">(Fotos: privat)<\/p>\n<p style=\"text-align: center;\">&nbsp;<\/p>\n<p style=\"text-align: center;\">&nbsp;<\/p>\n","protected":false},"excerpt":{"rendered":"<p>Die kfd Dipperz unterst\u00fctzt seit vielen Jahren karitative Projekte! 2026 \u00dcbergabe von 1.500 \u20ac am 20.02.2026 an die Fuldaer Tafel 1500 \u20ac an die Voraushelfer Dipperz 2025 3000 \u20ac an &#8222;Der bunte Kreis&#8220; Klinikum Fulda Bericht dazu vom Klinikum Fulda Artikel Osthessen News 2024 2000 \u20ac an das Hospiz Sankt Elisabeth Fulda 2000,-\u20ac an den &hellip; <a href=\"http:\/\/kfd-dipperz.de\/?page_id=386\" class=\"more-link\"><span class=\"screen-reader-text\">Soziales Engagement<\/span> weiterlesen<\/a><\/p>\n","protected":false},"author":2,"featured_media":0,"parent":0,"menu_order":0,"comment_status":"closed","ping_status":"closed","template":"","meta":{"ngg_post_thumbnail":0,"footnotes":""},"class_list":["post-386","page","type-page","status-publish","hentry"],"_links":{"self":[{"href":"http:\/\/kfd-dipperz.de\/index.php?rest_route=\/wp\/v2\/pages\/386","targetHints":{"allow":["GET"]}}],"collection":[{"href":"http:\/\/kfd-dipperz.de\/index.php?rest_route=\/wp\/v2\/pages"}],"about":[{"href":"http:\/\/kfd-dipperz.de\/index.php?rest_route=\/wp\/v2\/types\/page"}],"author":[{"embeddable":true,"href":"http:\/\/kfd-dipperz.de\/index.php?rest_route=\/wp\/v2\/users\/2"}],"replies":[{"embeddable":true,"href":"http:\/\/kfd-dipperz.de\/index.php?rest_route=%2Fwp%2Fv2%2Fcomments&post=386"}],"version-history":[{"count":0,"href":"http:\/\/kfd-dipperz.de\/index.php?rest_route=\/wp\/v2\/pages\/386\/revisions"}],"wp:attachment":[{"href":"http:\/\/kfd-dipperz.de\/index.php?rest_route=%2Fwp%2Fv2%2Fmedia&parent=386"}],"curies":[{"name":"wp","href":"https:\/\/api.w.org\/{rel}","templated":true}]}}