{"id":216,"date":"2023-06-01T14:19:28","date_gmt":"2023-06-01T12:19:28","guid":{"rendered":"http:\/\/kfd-dipperz.de\/?page_id=216"},"modified":"2023-06-07T12:10:42","modified_gmt":"2023-06-07T10:10:42","slug":"kfd-in-unserer-pfarrei","status":"publish","type":"page","link":"http:\/\/kfd-dipperz.de\/?page_id=216","title":{"rendered":"kfd in unserer Pfarrei"},"content":{"rendered":"<h3>Was bedeutet kfd bei uns in der Pfarrei?<\/h3>\n<p>Die kfd Sankt Antonius Dipperz bietet generations\u00fcbergreifend in vielen Bereichen etwas an:<\/p>\n<ul>\n<li>Tagesausfl\u00fcge f\u00fcr Jung und Alt&nbsp;&nbsp;&nbsp;&nbsp;&nbsp;&nbsp;&nbsp;&nbsp;&nbsp;&nbsp;&nbsp;&nbsp;&nbsp;&nbsp;&nbsp;&nbsp;&nbsp;&nbsp;&nbsp;&nbsp;&nbsp;&nbsp;&nbsp;&nbsp;&nbsp; <a href=\"https:\/\/www.kfd-bundesverband.de\/\" target=\"_blank\" rel=\"noopener\"><img loading=\"lazy\" decoding=\"async\" class=\"wp-image-535 alignright\" src=\"http:\/\/kfd-dipperz.de\/wp-content\/uploads\/2023\/06\/R-2-288x300.jpg\" alt=\"\" width=\"219\" height=\"228\" srcset=\"http:\/\/kfd-dipperz.de\/wp-content\/uploads\/2023\/06\/R-2-288x300.jpg 288w, http:\/\/kfd-dipperz.de\/wp-content\/uploads\/2023\/06\/R-2.jpg 700w\" sizes=\"auto, (max-width: 219px) 100vw, 219px\" \/><\/a><\/li>\n<li>Fahrradtouren<\/li>\n<li>Rh\u00f6n-Challenge-Lauf<\/li>\n<li>Frauenfastnacht<\/li>\n<li>Vortr\u00e4ge<\/li>\n<li>Frauenfr\u00fchst\u00fcck<\/li>\n<li>Grillabende<\/li>\n<li>Kaffeenachmittage<\/li>\n<li>Adventsbasar (mit Herstellung von Basteleien, Strickereien und selbstgemachten Leckereien)<\/li>\n<li>Adventsfeier<\/li>\n<li>u.v.m.<\/li>\n<\/ul>\n<h3>Wo trifft man uns?&nbsp;&nbsp;<\/h3>\n<ul>\n<li>bei gemeinschaftlichen Gespr\u00e4chen und Gebeten&nbsp;&nbsp;&nbsp;&nbsp;&nbsp;&nbsp;&nbsp;&nbsp;&nbsp;&nbsp;&nbsp;&nbsp;&nbsp;&nbsp;&nbsp;&nbsp;&nbsp;&nbsp;&nbsp;<\/li>\n<li>bei sozialen Aktionen<\/li>\n<li>bei kirchlichen Festen, Prozessionen und Andachten<\/li>\n<li>bei Verbands- und Dekanatstagen&nbsp;&nbsp;&nbsp;&nbsp;&nbsp;&nbsp;&nbsp;&nbsp;&nbsp;&nbsp;&nbsp;&nbsp;&nbsp;&nbsp;&nbsp;&nbsp;&nbsp;&nbsp;&nbsp;&nbsp;&nbsp;&nbsp;&nbsp;&nbsp;&nbsp;&nbsp;&nbsp;&nbsp;&nbsp;<\/li>\n<li>beim \u00f6kumenischen Weltgebets- und Sch\u00f6pfungstag&nbsp;&nbsp;&nbsp;&nbsp;&nbsp;&nbsp;&nbsp;&nbsp;&nbsp;&nbsp;&nbsp;&nbsp;&nbsp;&nbsp;&nbsp;&nbsp;&nbsp;&nbsp;&nbsp;<\/li>\n<li>beim \u00f6kumenischen Lebendigen Adventkalender<\/li>\n<li>bei der Gestaltung des Erntedankaltares<\/li>\n<li>u.v. m.<\/li>\n<\/ul>\n<h3>Was machen wir? &nbsp;&nbsp;&nbsp;&nbsp;&nbsp;&nbsp;&nbsp;&nbsp;&nbsp;&nbsp;&nbsp;&nbsp;&nbsp;&nbsp;&nbsp;&nbsp;&nbsp; &nbsp;&nbsp;&nbsp;&nbsp;&nbsp;&nbsp;&nbsp;&nbsp;&nbsp;&nbsp;&nbsp;&nbsp;&nbsp;&nbsp;&nbsp;&nbsp;&nbsp;&nbsp;&nbsp;&nbsp;&nbsp;&nbsp;&nbsp;&nbsp;&nbsp;&nbsp;&nbsp;&nbsp;&nbsp;&nbsp;&nbsp;&nbsp;&nbsp;&nbsp;&nbsp;&nbsp;&nbsp;<\/h3>\n<ul>\n<li>Wir versuchen Werte zu leben und handeln \u00f6kumenisch.<\/li>\n<li>Wir wagen Neues in der Kirche ohne Altes aufzugeben!<a href=\"https:\/\/www.kfd-bundesverband.de\/\" target=\"_blank\" rel=\"noopener\"><img loading=\"lazy\" decoding=\"async\" class=\" wp-image-536 alignright\" src=\"http:\/\/kfd-dipperz.de\/wp-content\/uploads\/2023\/06\/7012bac65d6f2c31e40289bf82fa95e031cf9e4b-fp-270-150-25-81-300x167.jpg\" alt=\"\" width=\"231\" height=\"128\" srcset=\"http:\/\/kfd-dipperz.de\/wp-content\/uploads\/2023\/06\/7012bac65d6f2c31e40289bf82fa95e031cf9e4b-fp-270-150-25-81-300x167.jpg 300w, http:\/\/kfd-dipperz.de\/wp-content\/uploads\/2023\/06\/7012bac65d6f2c31e40289bf82fa95e031cf9e4b-fp-270-150-25-81.jpg 641w\" sizes=\"auto, (max-width: 231px) 100vw, 231px\" \/><\/a><\/li>\n<li>Wir laden ein zu gemeinsamen geselligen Begegnungen und kreativen Aktivit\u00e4ten!<\/li>\n<li>Wir unterst\u00fctzen karitative Projekte!<\/li>\n<li>Wir sind zeitgem\u00e4\u00df mit engagierten kfd-Frauen auf dem Weg in die Zukunft!&nbsp;&nbsp;&nbsp;&nbsp;&nbsp;&nbsp;&nbsp;&nbsp;&nbsp;&nbsp;&nbsp;&nbsp;<\/li>\n<li>Wir sind eine altersgemischte Gemeinschaft von Frauen f\u00fcr Frauen!<\/li>\n<\/ul>\n<h3><strong>Jung und Alt sollen sich bei uns wohlf\u00fchlen!<\/strong><\/h3>\n<p><strong>(Grafiken <a href=\"https:\/\/www.kfd-bundesverband.de\/\">kfd Bundesverband<\/a>)<\/strong><\/p>\n","protected":false},"excerpt":{"rendered":"<p>Was bedeutet kfd bei uns in der Pfarrei? Die kfd Sankt Antonius Dipperz bietet generations\u00fcbergreifend in vielen Bereichen etwas an: Tagesausfl\u00fcge f\u00fcr Jung und Alt&nbsp;&nbsp;&nbsp;&nbsp;&nbsp;&nbsp;&nbsp;&nbsp;&nbsp;&nbsp;&nbsp;&nbsp;&nbsp;&nbsp;&nbsp;&nbsp;&nbsp;&nbsp;&nbsp;&nbsp;&nbsp;&nbsp;&nbsp;&nbsp;&nbsp; Fahrradtouren Rh\u00f6n-Challenge-Lauf Frauenfastnacht Vortr\u00e4ge Frauenfr\u00fchst\u00fcck Grillabende Kaffeenachmittage Adventsbasar (mit Herstellung von Basteleien, Strickereien und selbstgemachten Leckereien) Adventsfeier u.v.m. Wo trifft man uns?&nbsp;&nbsp; bei gemeinschaftlichen Gespr\u00e4chen und Gebeten&nbsp;&nbsp;&nbsp;&nbsp;&nbsp;&nbsp;&nbsp;&nbsp;&nbsp;&nbsp;&nbsp;&nbsp;&nbsp;&nbsp;&nbsp;&nbsp;&nbsp;&nbsp;&nbsp; bei sozialen Aktionen &hellip; <a href=\"http:\/\/kfd-dipperz.de\/?page_id=216\" class=\"more-link\"><span class=\"screen-reader-text\">kfd in unserer Pfarrei<\/span> weiterlesen<\/a><\/p>\n","protected":false},"author":2,"featured_media":0,"parent":0,"menu_order":0,"comment_status":"closed","ping_status":"closed","template":"","meta":{"ngg_post_thumbnail":0,"footnotes":""},"class_list":["post-216","page","type-page","status-publish","hentry"],"_links":{"self":[{"href":"http:\/\/kfd-dipperz.de\/index.php?rest_route=\/wp\/v2\/pages\/216","targetHints":{"allow":["GET"]}}],"collection":[{"href":"http:\/\/kfd-dipperz.de\/index.php?rest_route=\/wp\/v2\/pages"}],"about":[{"href":"http:\/\/kfd-dipperz.de\/index.php?rest_route=\/wp\/v2\/types\/page"}],"author":[{"embeddable":true,"href":"http:\/\/kfd-dipperz.de\/index.php?rest_route=\/wp\/v2\/users\/2"}],"replies":[{"embeddable":true,"href":"http:\/\/kfd-dipperz.de\/index.php?rest_route=%2Fwp%2Fv2%2Fcomments&post=216"}],"version-history":[{"count":0,"href":"http:\/\/kfd-dipperz.de\/index.php?rest_route=\/wp\/v2\/pages\/216\/revisions"}],"wp:attachment":[{"href":"http:\/\/kfd-dipperz.de\/index.php?rest_route=%2Fwp%2Fv2%2Fmedia&parent=216"}],"curies":[{"name":"wp","href":"https:\/\/api.w.org\/{rel}","templated":true}]}}